{"id":3852,"date":"2022-06-16T17:28:13","date_gmt":"2022-06-16T15:28:13","guid":{"rendered":"https:\/\/www.plico.es\/politica-de-privacidade\/"},"modified":"2024-04-17T13:04:32","modified_gmt":"2024-04-17T11:04:32","slug":"politica-de-privacidade","status":"publish","type":"page","link":"https:\/\/www.plico.es\/pt-pt\/politica-de-privacidade\/","title":{"rendered":"Pol\u00edtica de privacidade"},"content":{"rendered":"\t\t<div data-elementor-type=\"wp-page\" data-elementor-id=\"3852\" class=\"elementor elementor-3852 elementor-1997\" data-elementor-post-type=\"page\">\n\t\t\t\t\t\t<section class=\"elementor-section elementor-top-section elementor-element elementor-element-6a3e68f6 elementor-section-boxed elementor-section-height-default elementor-section-height-default\" data-id=\"6a3e68f6\" data-element_type=\"section\" data-e-type=\"section\">\n\t\t\t\t\t\t<div class=\"elementor-container elementor-column-gap-default\">\n\t\t\t\t\t<div class=\"elementor-column elementor-col-100 elementor-top-column elementor-element elementor-element-4fedb6fc\" data-id=\"4fedb6fc\" data-element_type=\"column\" data-e-type=\"column\">\n\t\t\t<div class=\"elementor-widget-wrap elementor-element-populated\">\n\t\t\t\t\t\t<div class=\"elementor-element elementor-element-2f95ae7 elementor-widget elementor-widget-heading\" data-id=\"2f95ae7\" data-element_type=\"widget\" data-e-type=\"widget\" data-widget_type=\"heading.default\">\n\t\t\t\t<div class=\"elementor-widget-container\">\n\t\t\t\t\t<h1 class=\"elementor-heading-title elementor-size-default\">Pol\u00edtica de privacidade<\/h1>\t\t\t\t<\/div>\n\t\t\t\t<\/div>\n\t\t\t\t<div class=\"elementor-element elementor-element-66eaf35c elementor-widget elementor-widget-text-editor\" data-id=\"66eaf35c\" data-element_type=\"widget\" data-e-type=\"widget\" data-widget_type=\"text-editor.default\">\n\t\t\t\t<div class=\"elementor-widget-container\">\n\t\t\t\t\t\t\t\t\t<p>La confidencialidad y la seguridad son valores primordiales de <b>PLICO PRODUCTS, S.L.<\/b> y, en consecuencia, asumimos el compromiso de garantizar la privacidad del Usuario en todo momento y de no recabar informaci\u00f3n innecesaria. A continuaci\u00f3n, le proporcionamos toda la informaci\u00f3n necesaria sobre nuestra Pol\u00edtica de Privacidad en relaci\u00f3n con los datos personales que recabamos, explic\u00e1ndole:<\/p>\r\n<ul>\r\n<li>Qui\u00e9n es el responsable del tratamiento de sus datos.<\/li>\r\n<li>Para qu\u00e9 finalidades recabamos los datos que le solicitamos.<\/li>\r\n<li>Cu\u00e1l es la legitimaci\u00f3n para su tratamiento.<\/li>\r\n<li>Durante cu\u00e1nto tiempo los conservamos.<\/li>\r\n<li>A qu\u00e9 destinatarios se comunican sus datos.<\/li>\r\n<li>Cu\u00e1les son sus derechos y c\u00f3mo ejercerlos.<\/li>\r\n<\/ul>\r\n<p><br><\/p>\r\n<h5><span style=\"background-color: transparent; font-family: var( --e-global-typography-text-font-family ), Sans-serif; color: var( --e-global-color-text );\">&nbsp; &nbsp; &nbsp; <b>1<\/b><\/span><span style=\"background-color: transparent; font-family: var( --e-global-typography-text-font-family ), Sans-serif; color: var( --e-global-color-text );\"><b>.<\/b><\/span><span style=\"font-weight: bold; background-color: transparent; font-family: var( --e-global-typography-text-font-family ), Sans-serif; color: var( --e-global-color-text );\">&nbsp;<\/span><strong style=\"background-color: transparent; font-family: var( --e-global-typography-text-font-family ), Sans-serif; color: var( --e-global-color-text );\">RESPONSABLE:<\/strong><\/h5>\r\n<p style=\"padding-left: 40px;\"><b>PLICO PRODUCTS, S.L.<\/b><br>B65770505<br>CICLISME, 13 CAN ROSES<br>08191 Rub\u00ed (BARCELONA)<br><a href=\"mailto:plico@plico.es\">plico@plico.es<\/a><\/p>\r\n<p style=\"padding-left: 40px;\"><br><\/p>\r\n<p><\/p>\r\n<h5>&nbsp;&nbsp;<b>&nbsp;&nbsp;&nbsp;&nbsp; 2. FINALIDADES, LEGITIMACI\u00d3N Y CONSERVACI\u00d3N&nbsp; de los tratamientos de los datos enviados a trav\u00e9s de:<\/b><\/h5>\r\n<p style=\"padding-left: 40px;\"><b>Formulario de Contacto.<\/b><br>Finalidad: Facilitarle un medio para que pueda ponerse en contacto con nosotros y contestar a sus solicitudes de informaci\u00f3n, as\u00ed como enviarle comunicaciones de nuestros productos, servicios y actividades, inclusive por medios electr\u00f3nicos (correo electr\u00f3nico, SMS, etc.), si marca la casilla de aceptaci\u00f3n.<\/p>\r\n<p style=\"padding-left: 40px;\">Legitimaci\u00f3n: El consentimiento del usuario al solicitarnos informaci\u00f3n a trav\u00e9s de nuestro formulario de contacto y al marcar la casilla de aceptaci\u00f3n de env\u00edo de informaci\u00f3n.<\/p>\r\n<p style=\"padding-left: 40px;\">Conservaci\u00f3n: Una vez resuelta su solicitud por medio de nuestro formulario o contestada por correo electr\u00f3nico, si no ha generado un nuevo tratamiento, y en caso de haber aceptado recibir env\u00edos comerciales, hasta que solicite la baja de los mismos.<\/p>\r\n<p style=\"padding-left: 40px;\"><b>Env\u00edo de correos electr\u00f3nicos.<\/b><br>Finalidad: Contestar a sus solicitudes de informaci\u00f3n, atender sus peticiones y responder sus consultas o dudas.&nbsp;&nbsp;En caso de recibir su Curr\u00edculum Vitae, sus datos personales y curriculares podr\u00e1n formar parte de nuestras bases de datos para participar en nuestros procesos de selecci\u00f3n presentes y futuros.<\/p>\r\n<p style=\"padding-left: 40px;\">Legitimaci\u00f3n: El consentimiento del usuario al solicitarnos informaci\u00f3n a trav\u00e9s de la direcci\u00f3n de correo electr\u00f3nico o enviarnos sus datos y CV para participar en nuestros procesos de selecci\u00f3n.<\/p>\r\n<p style=\"padding-left: 40px;\">Conservaci\u00f3n: Una vez resulta contestada su petici\u00f3n por correo electr\u00f3nico, si no ha generado un nuevo tratamiento. En el caso de recibir su CV, sus datos podr\u00e1n ser conservados durante un a\u00f1o m\u00e1ximo para futuros procesos de selecci\u00f3n.<\/p>\r\n<p style=\"padding-left: 40px;\"><b>Obligaci\u00f3n de facilitarnos sus datos personales y consecuencias de no hacerlo.<\/b><\/p>\r\n<p style=\"padding-left: 40px;\">El suministro de datos personales requiere una edad m\u00ednima de 14 a\u00f1os o, en su caso, la edad m\u00ednima que establezca la normativa de protecci\u00f3n de datos aplicable y\/o disponer de capacidad jur\u00eddica suficiente para contratar.<\/p>\r\n<p style=\"padding-left: 40px;\">Los datos personales solicitados son necesarios para gestionar sus solicitudes, darle de alta como usuario y\/o prestarle los servicios que pueda contratar, por lo que, si no nos los facilita, no podremos atenderle correctamente ni prestarle el servicio que ha solicitado.<\/p>\r\n<p style=\"padding-left: 40px;\">En todo caso, nos reservamos el derecho&nbsp;de decidir sobre la incorporaci\u00f3n o no de sus datos personales y dem\u00e1s informaci\u00f3n&nbsp;a nuestras bases de datos.&nbsp;<\/p>\r\n<p style=\"padding-left: 40px;\"><b style=\"font-family: var( --e-global-typography-text-font-family ), Sans-serif; color: var( --e-global-color-text ); font-size: var( --e-global-typography-primary-font-size );\">&nbsp;<\/b><\/p>\r\n<h5><span style=\"font-family: var( --e-global-typography-text-font-family ), Sans-serif; font-weight: var( --e-global-typography-text-font-weight ); color: var( --e-global-color-text ); font-size: var( --e-global-typography-primary-font-size );\">&nbsp; &nbsp; &nbsp;<\/span><span style=\"font-family: var( --e-global-typography-text-font-family ), Sans-serif; font-weight: var( --e-global-typography-text-font-weight ); color: var( --e-global-color-text ); font-size: var( --e-global-typography-primary-font-size );\">&nbsp;<\/span><b style=\"font-family: var( --e-global-typography-text-font-family ), Sans-serif; color: var( --e-global-color-text ); font-size: var( --e-global-typography-primary-font-size );\">3. DESTINATARIOS DE SUS DATOS.<\/b><\/h5>\r\n<p style=\"padding-left: 40px;\">Sus datos son confidenciales y no se ceder\u00e1n a terceros, salvo que exista obligaci\u00f3n legal.<\/p>\r\n<p style=\"padding-left: 40px;\"><b style=\"font-family: var( --e-global-typography-text-font-family ), Sans-serif; color: var( --e-global-color-text ); font-size: var( --e-global-typography-primary-font-size );\">&nbsp;<\/b><\/p>\r\n<h5><span style=\"font-family: var( --e-global-typography-text-font-family ), Sans-serif; font-weight: var( --e-global-typography-text-font-weight ); color: var( --e-global-color-text ); font-size: var( --e-global-typography-primary-font-size );\">&nbsp; &nbsp; &nbsp;<\/span><span style=\"font-family: var( --e-global-typography-text-font-family ), Sans-serif; font-weight: var( --e-global-typography-text-font-weight ); color: var( --e-global-color-text ); font-size: var( --e-global-typography-primary-font-size );\">&nbsp;<\/span><b style=\"font-family: var( --e-global-typography-text-font-family ), Sans-serif; color: var( --e-global-color-text ); font-size: var( --e-global-typography-primary-font-size );\">4. COOKIES<\/b><\/h5>\r\n<p style=\"padding-left: 40px;\"><span style=\"font-family: var( --e-global-typography-text-font-family ), Sans-serif; font-weight: var( --e-global-typography-text-font-weight ); color: var( --e-global-color-text ); font-size: var( --e-global-typography-primary-font-size );\">Esta p\u00e1gina web utiliza cookies t\u00e9cnicas, de personalizaci\u00f3n y an\u00e1lisis, propias y de terceros que tratan datos de conexi\u00f3n y\/o de los dispositivos para fines estad\u00edsticos, pero en ning\u00fan caso captan h\u00e1bitos de navegaci\u00f3n para fines publicitarios. Por ello, al acceder a nuestra web, en cumplimiento del art\u00edculo 22 de la Ley de Sociedad de la Informaci\u00f3n, al tratar las cookies mencionadas, le hemos solicitado su consentimiento para su uso y facilitado informaci\u00f3n de las mismas.<\/span><\/p>\r\n<p style=\"padding-left: 40px;\"><br><\/p>\r\n<p style=\"padding-left: 40px;\">\r\n<\/p><h5><b>&nbsp; &nbsp; &nbsp;&nbsp;5. DERECHOS EN RELACI\u00d3N CON SUS DATOS PERSONALES.<\/b><\/h5>\r\n<p style=\"padding-left: 40px;\">Cualquier persona puede retirar su consentimiento en cualquier momento, cuando el mismo se haya otorgado para el tratamiento de sus datos. En ning\u00fan caso, la retirada de este consentimiento condiciona la ejecuci\u00f3n del contrato de suscripci\u00f3n o las relaciones generadas con anterioridad.<\/p>\r\n<p style=\"padding-left: 40px;\">Igualmente, puede ejercer los siguientes derechos:<\/p>\r\n<p style=\"padding-left: 40px;\">Solicitar el acceso a sus datos personales o su rectificaci\u00f3n cuando sean inexactos.<br>Solicitar su supresi\u00f3n cuando, entre otros motivos, los datos ya no sean necesarios para los fines para los que fueron recogidos.<br>Solicitar la limitaci\u00f3n de su tratamiento en determinadas circunstancias.<br>Solicitar la oposici\u00f3n al tratamiento de sus datos por motivos relacionados con su situaci\u00f3n particular.<br>Solicitar la portabilidad de los datos en los casos previstos en la normativa.<br>Otros derechos reconocidos en las normativas aplicables.<br>D\u00f3nde y c\u00f3mo solicitar sus Derechos: Mediante un escrito dirigido al responsable a su direcci\u00f3n postal o electr\u00f3nica (indicadas en el apartado A), indicando la referencia \u201cDatos Personales\u201d, especificando el derecho que se quiere ejercer y respecto a qu\u00e9 datos personales.<\/p>\r\n<p style=\"padding-left: 40px;\">En caso de divergencias con la empresa en relaci\u00f3n con el tratamiento de sus datos, puede presentar una reclamaci\u00f3n ante la Agencia de Protecci\u00f3n de Datos (www.agpd.es).<\/p>\r\n<p style=\"padding-left: 40px;\"><br><\/p>\r\n<h5><strong>&nbsp; &nbsp; &nbsp;&nbsp;6. SEGURIDAD DE SUS DATOS PERSONALES<\/strong><\/h5>\r\n<p style=\"padding-left: 40px;\">Con el objetivo de salvaguardar la seguridad de sus datos personales, le informamos que hemos adoptado todas las medidas de \u00edndole t\u00e9cnica y organizativa necesarias para garantizar la seguridad de los datos personales suministrados de su alteraci\u00f3n, p\u00e9rdida y tratamientos o accesos no autorizados.<\/p>\r\n<p style=\"padding-left: 40px;\"><br><\/p>\r\n<h5><strong>&nbsp; &nbsp; &nbsp;&nbsp;7. ACTUALIZACI\u00d3N DE SUS DATOS<\/strong><\/h5>\r\n<p style=\"padding-left: 40px;\">Es importante que para que podamos mantener sus datos personales actualizados, nos informe siempre que haya habido alguna modificaci\u00f3n en ellos, en caso contrario, no respondemos de la veracidad de los mismos.<\/p>\r\n<p style=\"padding-left: 40px;\">No nos hacemos responsables de la pol\u00edtica de privacidad respecto a los datos personales que pueda facilitar a terceros por medio de los enlaces disponibles en nuestra p\u00e1gina web.<\/p>\r\n<p style=\"padding-left: 40px;\">La presente Pol\u00edtica de Privacidad ha sido actualizada en fecha&nbsp;17\/04\/2024 y puede ser modificada para adaptarla a los cambios que se produzcan en nuestra web, as\u00ed como modificaciones legislativas o jurisprudenciales sobre datos personales que vayan apareciendo, por lo que exige su lectura, cada vez que nos facilite sus datos a trav\u00e9s de esta Web.<\/p>\r\n<p><\/p>\t\t\t\t\t\t\t\t<\/div>\n\t\t\t\t<\/div>\n\t\t\t\t\t<\/div>\n\t\t<\/div>\n\t\t\t\t\t<\/div>\n\t\t<\/section>\n\t\t\t\t<\/div>\n\t\t","protected":false},"excerpt":{"rendered":"<p>Pol\u00edtica de privacidade La confidencialidad y la seguridad son valores primordiales de PLICO PRODUCTS, S.L. y, en consecuencia, asumimos el compromiso de garantizar la privacidad del Usuario en todo momento y de no recabar informaci\u00f3n innecesaria. A continuaci\u00f3n, le proporcionamos toda la informaci\u00f3n necesaria sobre nuestra Pol\u00edtica de Privacidad en relaci\u00f3n con los datos personales [&hellip;]<\/p>\n","protected":false},"author":3,"featured_media":0,"parent":0,"menu_order":5,"comment_status":"closed","ping_status":"closed","template":"","meta":{"footnotes":""},"class_list":["post-3852","page","type-page","status-publish","hentry"],"yoast_head":"<!-- This site is optimized with the Yoast SEO plugin v27.3 - https:\/\/yoast.com\/product\/yoast-seo-wordpress\/ -->\n<title>Plico | Pol\u00edtica de privacidade<\/title>\n<meta name=\"robots\" content=\"index, follow, max-snippet:-1, max-image-preview:large, max-video-preview:-1\" \/>\n<link rel=\"canonical\" href=\"https:\/\/www.plico.es\/pt-pt\/politica-de-privacidade\/\" \/>\n<meta property=\"og:locale\" content=\"pt_PT\" \/>\n<meta property=\"og:type\" content=\"article\" \/>\n<meta property=\"og:title\" content=\"Plico | Pol\u00edtica de privacidade\" \/>\n<meta property=\"og:description\" content=\"Pol\u00edtica de privacidade La confidencialidad y la seguridad son valores primordiales de PLICO PRODUCTS, S.L. y, en consecuencia, asumimos el compromiso de garantizar la privacidad del Usuario en todo momento y de no recabar informaci\u00f3n innecesaria. A continuaci\u00f3n, le proporcionamos toda la informaci\u00f3n necesaria sobre nuestra Pol\u00edtica de Privacidad en relaci\u00f3n con los datos personales [&hellip;]\" \/>\n<meta property=\"og:url\" content=\"https:\/\/www.plico.es\/pt-pt\/politica-de-privacidade\/\" \/>\n<meta property=\"og:site_name\" content=\"Plico\" \/>\n<meta property=\"article:publisher\" content=\"https:\/\/www.facebook.com\/plico2017\/\" \/>\n<meta property=\"article:modified_time\" content=\"2024-04-17T11:04:32+00:00\" \/>\n<meta property=\"og:image\" content=\"https:\/\/www.plico.es\/wp-content\/uploads\/2022\/12\/BODEGON-CINTA-PINTAR2-scaled.jpg\" \/>\n\t<meta property=\"og:image:width\" content=\"2560\" \/>\n\t<meta property=\"og:image:height\" content=\"2288\" \/>\n\t<meta property=\"og:image:type\" content=\"image\/jpeg\" \/>\n<meta name=\"twitter:card\" content=\"summary_large_image\" \/>\n<meta name=\"twitter:label1\" content=\"Tempo estimado de leitura\" \/>\n\t<meta name=\"twitter:data1\" content=\"5 minutos\" \/>\n<script type=\"application\/ld+json\" class=\"yoast-schema-graph\">{\"@context\":\"https:\\\/\\\/schema.org\",\"@graph\":[{\"@type\":\"WebPage\",\"@id\":\"https:\\\/\\\/www.plico.es\\\/pt-pt\\\/politica-de-privacidade\\\/\",\"url\":\"https:\\\/\\\/www.plico.es\\\/pt-pt\\\/politica-de-privacidade\\\/\",\"name\":\"Plico | Pol\u00edtica de privacidade\",\"isPartOf\":{\"@id\":\"https:\\\/\\\/www.plico.es\\\/pt-pt\\\/#website\"},\"datePublished\":\"2022-06-16T15:28:13+00:00\",\"dateModified\":\"2024-04-17T11:04:32+00:00\",\"breadcrumb\":{\"@id\":\"https:\\\/\\\/www.plico.es\\\/pt-pt\\\/politica-de-privacidade\\\/#breadcrumb\"},\"inLanguage\":\"pt-PT\",\"potentialAction\":[{\"@type\":\"ReadAction\",\"target\":[\"https:\\\/\\\/www.plico.es\\\/pt-pt\\\/politica-de-privacidade\\\/\"]}]},{\"@type\":\"BreadcrumbList\",\"@id\":\"https:\\\/\\\/www.plico.es\\\/pt-pt\\\/politica-de-privacidade\\\/#breadcrumb\",\"itemListElement\":[{\"@type\":\"ListItem\",\"position\":1,\"name\":\"Portada\",\"item\":\"https:\\\/\\\/www.plico.es\\\/pt-pt\\\/\"},{\"@type\":\"ListItem\",\"position\":2,\"name\":\"Pol\u00edtica de privacidade\"}]},{\"@type\":\"WebSite\",\"@id\":\"https:\\\/\\\/www.plico.es\\\/pt-pt\\\/#website\",\"url\":\"https:\\\/\\\/www.plico.es\\\/pt-pt\\\/\",\"name\":\"Plico\",\"description\":\"Expertos en Manualidades\",\"publisher\":{\"@id\":\"https:\\\/\\\/www.plico.es\\\/pt-pt\\\/#organization\"},\"alternateName\":\"Productos L\u00edderes Comercializados, S.A.\",\"potentialAction\":[{\"@type\":\"SearchAction\",\"target\":{\"@type\":\"EntryPoint\",\"urlTemplate\":\"https:\\\/\\\/www.plico.es\\\/pt-pt\\\/?s={search_term_string}\"},\"query-input\":{\"@type\":\"PropertyValueSpecification\",\"valueRequired\":true,\"valueName\":\"search_term_string\"}}],\"inLanguage\":\"pt-PT\"},{\"@type\":\"Organization\",\"@id\":\"https:\\\/\\\/www.plico.es\\\/pt-pt\\\/#organization\",\"name\":\"Plico\",\"alternateName\":\"Productos L\u00edderes Comercializados, S.A.\",\"url\":\"https:\\\/\\\/www.plico.es\\\/pt-pt\\\/\",\"logo\":{\"@type\":\"ImageObject\",\"inLanguage\":\"pt-PT\",\"@id\":\"https:\\\/\\\/www.plico.es\\\/pt-pt\\\/#\\\/schema\\\/logo\\\/image\\\/\",\"url\":\"https:\\\/\\\/www.plico.es\\\/wp-content\\\/uploads\\\/2022\\\/05\\\/logo_plico.png\",\"contentUrl\":\"https:\\\/\\\/www.plico.es\\\/wp-content\\\/uploads\\\/2022\\\/05\\\/logo_plico.png\",\"width\":400,\"height\":185,\"caption\":\"Plico\"},\"image\":{\"@id\":\"https:\\\/\\\/www.plico.es\\\/pt-pt\\\/#\\\/schema\\\/logo\\\/image\\\/\"},\"sameAs\":[\"https:\\\/\\\/www.facebook.com\\\/plico2017\\\/\",\"https:\\\/\\\/www.instagram.com\\\/plico_es\\\/\",\"https:\\\/\\\/www.youtube.com\\\/channel\\\/UCC1ygHF4QAP-CTLDlHMLs7g\"]}]}<\/script>\n<!-- \/ Yoast SEO plugin. -->","yoast_head_json":{"title":"Plico | Pol\u00edtica de privacidade","robots":{"index":"index","follow":"follow","max-snippet":"max-snippet:-1","max-image-preview":"max-image-preview:large","max-video-preview":"max-video-preview:-1"},"canonical":"https:\/\/www.plico.es\/pt-pt\/politica-de-privacidade\/","og_locale":"pt_PT","og_type":"article","og_title":"Plico | Pol\u00edtica de privacidade","og_description":"Pol\u00edtica de privacidade La confidencialidad y la seguridad son valores primordiales de PLICO PRODUCTS, S.L. y, en consecuencia, asumimos el compromiso de garantizar la privacidad del Usuario en todo momento y de no recabar informaci\u00f3n innecesaria. A continuaci\u00f3n, le proporcionamos toda la informaci\u00f3n necesaria sobre nuestra Pol\u00edtica de Privacidad en relaci\u00f3n con los datos personales [&hellip;]","og_url":"https:\/\/www.plico.es\/pt-pt\/politica-de-privacidade\/","og_site_name":"Plico","article_publisher":"https:\/\/www.facebook.com\/plico2017\/","article_modified_time":"2024-04-17T11:04:32+00:00","og_image":[{"width":2560,"height":2288,"url":"https:\/\/www.plico.es\/wp-content\/uploads\/2022\/12\/BODEGON-CINTA-PINTAR2-scaled.jpg","type":"image\/jpeg"}],"twitter_card":"summary_large_image","twitter_misc":{"Tempo estimado de leitura":"5 minutos"},"schema":{"@context":"https:\/\/schema.org","@graph":[{"@type":"WebPage","@id":"https:\/\/www.plico.es\/pt-pt\/politica-de-privacidade\/","url":"https:\/\/www.plico.es\/pt-pt\/politica-de-privacidade\/","name":"Plico | Pol\u00edtica de privacidade","isPartOf":{"@id":"https:\/\/www.plico.es\/pt-pt\/#website"},"datePublished":"2022-06-16T15:28:13+00:00","dateModified":"2024-04-17T11:04:32+00:00","breadcrumb":{"@id":"https:\/\/www.plico.es\/pt-pt\/politica-de-privacidade\/#breadcrumb"},"inLanguage":"pt-PT","potentialAction":[{"@type":"ReadAction","target":["https:\/\/www.plico.es\/pt-pt\/politica-de-privacidade\/"]}]},{"@type":"BreadcrumbList","@id":"https:\/\/www.plico.es\/pt-pt\/politica-de-privacidade\/#breadcrumb","itemListElement":[{"@type":"ListItem","position":1,"name":"Portada","item":"https:\/\/www.plico.es\/pt-pt\/"},{"@type":"ListItem","position":2,"name":"Pol\u00edtica de privacidade"}]},{"@type":"WebSite","@id":"https:\/\/www.plico.es\/pt-pt\/#website","url":"https:\/\/www.plico.es\/pt-pt\/","name":"Plico","description":"Expertos en Manualidades","publisher":{"@id":"https:\/\/www.plico.es\/pt-pt\/#organization"},"alternateName":"Productos L\u00edderes Comercializados, S.A.","potentialAction":[{"@type":"SearchAction","target":{"@type":"EntryPoint","urlTemplate":"https:\/\/www.plico.es\/pt-pt\/?s={search_term_string}"},"query-input":{"@type":"PropertyValueSpecification","valueRequired":true,"valueName":"search_term_string"}}],"inLanguage":"pt-PT"},{"@type":"Organization","@id":"https:\/\/www.plico.es\/pt-pt\/#organization","name":"Plico","alternateName":"Productos L\u00edderes Comercializados, S.A.","url":"https:\/\/www.plico.es\/pt-pt\/","logo":{"@type":"ImageObject","inLanguage":"pt-PT","@id":"https:\/\/www.plico.es\/pt-pt\/#\/schema\/logo\/image\/","url":"https:\/\/www.plico.es\/wp-content\/uploads\/2022\/05\/logo_plico.png","contentUrl":"https:\/\/www.plico.es\/wp-content\/uploads\/2022\/05\/logo_plico.png","width":400,"height":185,"caption":"Plico"},"image":{"@id":"https:\/\/www.plico.es\/pt-pt\/#\/schema\/logo\/image\/"},"sameAs":["https:\/\/www.facebook.com\/plico2017\/","https:\/\/www.instagram.com\/plico_es\/","https:\/\/www.youtube.com\/channel\/UCC1ygHF4QAP-CTLDlHMLs7g"]}]}},"_links":{"self":[{"href":"https:\/\/www.plico.es\/pt-pt\/wp-json\/wp\/v2\/pages\/3852","targetHints":{"allow":["GET"]}}],"collection":[{"href":"https:\/\/www.plico.es\/pt-pt\/wp-json\/wp\/v2\/pages"}],"about":[{"href":"https:\/\/www.plico.es\/pt-pt\/wp-json\/wp\/v2\/types\/page"}],"author":[{"embeddable":true,"href":"https:\/\/www.plico.es\/pt-pt\/wp-json\/wp\/v2\/users\/3"}],"replies":[{"embeddable":true,"href":"https:\/\/www.plico.es\/pt-pt\/wp-json\/wp\/v2\/comments?post=3852"}],"version-history":[{"count":2,"href":"https:\/\/www.plico.es\/pt-pt\/wp-json\/wp\/v2\/pages\/3852\/revisions"}],"predecessor-version":[{"id":6419,"href":"https:\/\/www.plico.es\/pt-pt\/wp-json\/wp\/v2\/pages\/3852\/revisions\/6419"}],"wp:attachment":[{"href":"https:\/\/www.plico.es\/pt-pt\/wp-json\/wp\/v2\/media?parent=3852"}],"curies":[{"name":"wp","href":"https:\/\/api.w.org\/{rel}","templated":true}]}}