{"id":8386,"date":"2026-03-10T12:02:22","date_gmt":"2026-03-10T11:02:22","guid":{"rendered":"https:\/\/www.plico.es\/davinia-pujol-educadora-de-infancia\/"},"modified":"2026-03-19T12:38:38","modified_gmt":"2026-03-19T11:38:38","slug":"davinia-pujol-educadora-de-infancia","status":"publish","type":"page","link":"https:\/\/www.plico.es\/pt-pt\/davinia-pujol-educadora-de-infancia\/","title":{"rendered":"Davinia Pujol, Educadora de inf\u00e2ncia"},"content":{"rendered":"\t\t<div data-elementor-type=\"wp-page\" data-elementor-id=\"8386\" class=\"elementor elementor-8386 elementor-7961\" data-elementor-post-type=\"page\">\n\t\t\t\t\t\t<section class=\"elementor-section elementor-top-section elementor-element elementor-element-302f341 elementor-section-content-middle elementor-section-boxed elementor-section-height-default elementor-section-height-default\" data-id=\"302f341\" data-element_type=\"section\" data-e-type=\"section\" data-settings=\"{&quot;background_background&quot;:&quot;classic&quot;}\">\n\t\t\t\t\t\t\t<div class=\"elementor-background-overlay\"><\/div>\n\t\t\t\t\t\t\t<div class=\"elementor-container elementor-column-gap-no\">\n\t\t\t\t\t<div class=\"elementor-column elementor-col-100 elementor-top-column elementor-element elementor-element-9259cd4\" data-id=\"9259cd4\" data-element_type=\"column\" data-e-type=\"column\" data-settings=\"{&quot;background_background&quot;:&quot;classic&quot;}\">\n\t\t\t<div class=\"elementor-widget-wrap elementor-element-populated\">\n\t\t\t\t\t<div class=\"elementor-background-overlay\"><\/div>\n\t\t\t\t\t\t<section class=\"elementor-section elementor-inner-section elementor-element elementor-element-e88244e elementor-section-content-top elementor-section-boxed elementor-section-height-default elementor-section-height-default\" data-id=\"e88244e\" data-element_type=\"section\" data-e-type=\"section\">\n\t\t\t\t\t\t<div class=\"elementor-container elementor-column-gap-no\">\n\t\t\t\t\t<div class=\"elementor-column elementor-col-100 elementor-inner-column elementor-element elementor-element-67ef75d\" data-id=\"67ef75d\" data-element_type=\"column\" data-e-type=\"column\">\n\t\t\t<div class=\"elementor-widget-wrap elementor-element-populated\">\n\t\t\t\t\t\t<div class=\"elementor-element elementor-element-3c74778 elementor-widget elementor-widget-heading\" data-id=\"3c74778\" data-element_type=\"widget\" data-e-type=\"widget\" data-widget_type=\"heading.default\">\n\t\t\t\t<div class=\"elementor-widget-container\">\n\t\t\t\t\t<h2 class=\"elementor-heading-title elementor-size-default\">PESSOAS PLICO<\/h2>\t\t\t\t<\/div>\n\t\t\t\t<\/div>\n\t\t\t\t<div class=\"elementor-element elementor-element-10dcec8 elementor-widget elementor-widget-heading\" data-id=\"10dcec8\" data-element_type=\"widget\" data-e-type=\"widget\" data-widget_type=\"heading.default\">\n\t\t\t\t<div class=\"elementor-widget-container\">\n\t\t\t\t\t<h3 class=\"elementor-heading-title elementor-size-default\">Davinia Pujol, Educadora de inf\u00e2ncia<\/h3>\t\t\t\t<\/div>\n\t\t\t\t<\/div>\n\t\t\t\t\t<\/div>\n\t\t<\/div>\n\t\t\t\t\t<\/div>\n\t\t<\/section>\n\t\t\t\t<section class=\"elementor-section elementor-inner-section elementor-element elementor-element-be0e09d elementor-section-boxed elementor-section-height-default elementor-section-height-default\" data-id=\"be0e09d\" data-element_type=\"section\" data-e-type=\"section\">\n\t\t\t\t\t\t<div class=\"elementor-container elementor-column-gap-default\">\n\t\t\t\t\t<div class=\"elementor-column elementor-col-50 elementor-inner-column elementor-element elementor-element-9bc57a2\" data-id=\"9bc57a2\" data-element_type=\"column\" data-e-type=\"column\">\n\t\t\t<div class=\"elementor-widget-wrap elementor-element-populated\">\n\t\t\t\t\t\t<div class=\"elementor-element elementor-element-0a91976 elementor-widget elementor-widget-text-editor\" data-id=\"0a91976\" data-element_type=\"widget\" data-e-type=\"widget\" data-widget_type=\"text-editor.default\">\n\t\t\t\t<div class=\"elementor-widget-container\">\n\t\t\t\t\t\t\t\t\t<p>Davinia \u00e9 professora do ensino prim\u00e1rio e criadora de conte\u00fados art\u00edsticos.<\/p>\n\t\t\t\t\t\t\t\t<\/div>\n\t\t\t\t<\/div>\n\t\t\t\t\t<\/div>\n\t\t<\/div>\n\t\t\t\t<div class=\"elementor-column elementor-col-50 elementor-inner-column elementor-element elementor-element-e9f1fb3\" data-id=\"e9f1fb3\" data-element_type=\"column\" data-e-type=\"column\">\n\t\t\t<div class=\"elementor-widget-wrap\">\n\t\t\t\t\t\t\t<\/div>\n\t\t<\/div>\n\t\t\t\t\t<\/div>\n\t\t<\/section>\n\t\t\t\t<section class=\"elementor-section elementor-inner-section elementor-element elementor-element-f22c5a6 elementor-section-boxed elementor-section-height-default elementor-section-height-default\" data-id=\"f22c5a6\" data-element_type=\"section\" data-e-type=\"section\">\n\t\t\t\t\t\t<div class=\"elementor-container elementor-column-gap-default\">\n\t\t\t\t\t<div class=\"elementor-column elementor-col-100 elementor-inner-column elementor-element elementor-element-e902bc4\" data-id=\"e902bc4\" data-element_type=\"column\" data-e-type=\"column\">\n\t\t\t<div class=\"elementor-widget-wrap elementor-element-populated\">\n\t\t\t\t\t\t<div class=\"elementor-element elementor-element-900e98b elementor-widget elementor-widget-heading\" data-id=\"900e98b\" data-element_type=\"widget\" data-e-type=\"widget\" data-widget_type=\"heading.default\">\n\t\t\t\t<div class=\"elementor-widget-container\">\n\t\t\t\t\t<h3 class=\"elementor-heading-title elementor-size-default\">Os projetos criativos incentivam a coopera\u00e7\u00e3o, a tomada de decis\u00f5es e a socializa\u00e7\u00e3o<\/h3>\t\t\t\t<\/div>\n\t\t\t\t<\/div>\n\t\t\t\t\t<\/div>\n\t\t<\/div>\n\t\t\t\t\t<\/div>\n\t\t<\/section>\n\t\t\t\t<section class=\"elementor-section elementor-inner-section elementor-element elementor-element-12a8cce elementor-section-boxed elementor-section-height-default elementor-section-height-default\" data-id=\"12a8cce\" data-element_type=\"section\" data-e-type=\"section\">\n\t\t\t\t\t\t<div class=\"elementor-container elementor-column-gap-default\">\n\t\t\t\t\t<div class=\"elementor-column elementor-col-50 elementor-inner-column elementor-element elementor-element-e89956e\" data-id=\"e89956e\" data-element_type=\"column\" data-e-type=\"column\">\n\t\t\t<div class=\"elementor-widget-wrap elementor-element-populated\">\n\t\t\t\t\t\t<div class=\"elementor-element elementor-element-ad76662 elementor-widget elementor-widget-text-editor\" data-id=\"ad76662\" data-element_type=\"widget\" data-e-type=\"widget\" data-widget_type=\"text-editor.default\">\n\t\t\t\t<div class=\"elementor-widget-container\">\n\t\t\t\t\t\t\t\t\t<p class=\"p1\"><strong>Que import\u00e2ncia t\u00eam os trabalhos manuais na educa\u00e7\u00e3o escolar?<\/strong><\/p>\n<p><\/p>\n<p class=\"p1\">Os trabalhos manuais s\u00e3o fundamentais porque ajudam a desenvolver a criatividade, a imagina\u00e7\u00e3o e a autonomia.<br \/>\nAjudam tamb\u00e9m a refor\u00e7ar os conte\u00fados escolares de uma forma pr\u00e1tica e divertida.<br \/>\nNa fase do ensino prim\u00e1rio, a aprendizagem \u00e9 muito sensorial, criativa e manipuladora, pelo que os trabalhos manuais s\u00e3o uma ferramenta criativa fundamental.<\/p>\n<p><\/p>\n<p class=\"p1\"><strong>Como \u00e9 que estas atividades influenciam a motricidade fina?<\/strong><\/p>\n<p><\/p>\n<p class=\"p1\">Atividades como pintar, recortar, colar ou modelar fortalecem os m\u00fasculos das m\u00e3os e melhoram a coordena\u00e7\u00e3o.<\/p>\n\t\t\t\t\t\t\t\t<\/div>\n\t\t\t\t<\/div>\n\t\t\t\t\t<\/div>\n\t\t<\/div>\n\t\t\t\t<div class=\"elementor-column elementor-col-50 elementor-inner-column elementor-element elementor-element-673807c\" data-id=\"673807c\" data-element_type=\"column\" data-e-type=\"column\">\n\t\t\t<div class=\"elementor-widget-wrap elementor-element-populated\">\n\t\t\t\t\t\t<div class=\"elementor-element elementor-element-4bdbb33 elementor-widget elementor-widget-text-editor\" data-id=\"4bdbb33\" data-element_type=\"widget\" data-e-type=\"widget\" data-widget_type=\"text-editor.default\">\n\t\t\t\t<div class=\"elementor-widget-container\">\n\t\t\t\t\t\t\t\t\t<p class=\"p1\">Isto \u00e9 essencial para aprendizagens posteriores, como a escrita correta.<\/p>\n<p><\/p>\n<p class=\"p1\"><strong>Como \u00e9 que fomentam a criatividade e a imagina\u00e7\u00e3o?<\/strong><\/p>\n<p><\/p>\n<p class=\"p1\">A arte permite \u00e0s crian\u00e7as exprimirem-se livremente, inventarem, experimentarem e representarem o mundo do seu pr\u00f3prio ponto de vista.<\/p>\n<p><\/p>\n<p class=\"p1\"><strong>Os trabalhos manuais tamb\u00e9m ajudam a melhorar a aten\u00e7\u00e3o?<\/strong><\/p>\n<p><\/p>\n<p class=\"p1\">Estas atividades exigem seguir passos, manter a concentra\u00e7\u00e3o e trabalhar com calma, que s\u00e3o compet\u00eancias fundamentais  nestas idades.<\/p>\n\t\t\t\t\t\t\t\t<\/div>\n\t\t\t\t<\/div>\n\t\t\t\t\t<\/div>\n\t\t<\/div>\n\t\t\t\t\t<\/div>\n\t\t<\/section>\n\t\t\t\t<section class=\"elementor-section elementor-inner-section elementor-element elementor-element-954bcb6 elementor-section-content-top elementor-section-boxed elementor-section-height-default elementor-section-height-default\" data-id=\"954bcb6\" data-element_type=\"section\" data-e-type=\"section\">\n\t\t\t\t\t\t<div class=\"elementor-container elementor-column-gap-no\">\n\t\t\t\t\t<div class=\"elementor-column elementor-col-100 elementor-inner-column elementor-element elementor-element-d1fcf51\" data-id=\"d1fcf51\" data-element_type=\"column\" data-e-type=\"column\">\n\t\t\t<div class=\"elementor-widget-wrap elementor-element-populated\">\n\t\t\t\t\t\t<div class=\"elementor-element elementor-element-c875131 elementor-widget elementor-widget-image\" data-id=\"c875131\" data-element_type=\"widget\" data-e-type=\"widget\" data-widget_type=\"image.default\">\n\t\t\t\t<div class=\"elementor-widget-container\">\n\t\t\t\t\t\t\t\t\t\t\t\t\t\t\t<img fetchpriority=\"high\" decoding=\"async\" width=\"800\" height=\"555\" src=\"https:\/\/www.plico.es\/wp-content\/uploads\/2026\/03\/davinia-1024x710.jpg\" class=\"attachment-large size-large wp-image-8385\" alt=\"\" srcset=\"https:\/\/www.plico.es\/wp-content\/uploads\/2026\/03\/davinia-1024x710.jpg 1024w, https:\/\/www.plico.es\/wp-content\/uploads\/2026\/03\/davinia-300x208.jpg 300w, https:\/\/www.plico.es\/wp-content\/uploads\/2026\/03\/davinia-768x533.jpg 768w, https:\/\/www.plico.es\/wp-content\/uploads\/2026\/03\/davinia-1536x1066.jpg 1536w, https:\/\/www.plico.es\/wp-content\/uploads\/2026\/03\/davinia-800x555.jpg 800w, https:\/\/www.plico.es\/wp-content\/uploads\/2026\/03\/davinia-1000x694.jpg 1000w, https:\/\/www.plico.es\/wp-content\/uploads\/2026\/03\/davinia.jpg 1920w\" sizes=\"(max-width: 800px) 100vw, 800px\" \/>\t\t\t\t\t\t\t\t\t\t\t\t\t\t\t<\/div>\n\t\t\t\t<\/div>\n\t\t\t\t\t<\/div>\n\t\t<\/div>\n\t\t\t\t\t<\/div>\n\t\t<\/section>\n\t\t\t\t<section class=\"elementor-section elementor-inner-section elementor-element elementor-element-5a86d23 elementor-section-boxed elementor-section-height-default elementor-section-height-default\" data-id=\"5a86d23\" data-element_type=\"section\" data-e-type=\"section\">\n\t\t\t\t\t\t<div class=\"elementor-container elementor-column-gap-default\">\n\t\t\t\t\t<div class=\"elementor-column elementor-col-50 elementor-inner-column elementor-element elementor-element-6a6f2f3\" data-id=\"6a6f2f3\" data-element_type=\"column\" data-e-type=\"column\">\n\t\t\t<div class=\"elementor-widget-wrap\">\n\t\t\t\t\t\t\t<\/div>\n\t\t<\/div>\n\t\t\t\t<div class=\"elementor-column elementor-col-50 elementor-inner-column elementor-element elementor-element-e5e52f7\" data-id=\"e5e52f7\" data-element_type=\"column\" data-e-type=\"column\">\n\t\t\t<div class=\"elementor-widget-wrap elementor-element-populated\">\n\t\t\t\t\t\t<div class=\"elementor-element elementor-element-1238e8e elementor-widget elementor-widget-heading\" data-id=\"1238e8e\" data-element_type=\"widget\" data-e-type=\"widget\" data-widget_type=\"heading.default\">\n\t\t\t\t<div class=\"elementor-widget-container\">\n\t\t\t\t\t<h2 class=\"elementor-heading-title elementor-size-default\">\u201cAtrav\u00e9s da arte, as crian\u00e7as podem comunicar sentimentos que ainda n\u00e3o sabem exprimir por palavras.\u201d<\/h2>\t\t\t\t<\/div>\n\t\t\t\t<\/div>\n\t\t\t\t\t<\/div>\n\t\t<\/div>\n\t\t\t\t\t<\/div>\n\t\t<\/section>\n\t\t\t\t\t<\/div>\n\t\t<\/div>\n\t\t\t\t\t<\/div>\n\t\t<\/section>\n\t\t\t\t<\/div>\n\t\t","protected":false},"excerpt":{"rendered":"<p>PESSOAS PLICO Davinia Pujol, Educadora de inf\u00e2ncia Davinia \u00e9 professora do ensino prim\u00e1rio e criadora de conte\u00fados art\u00edsticos. Os projetos criativos incentivam a coopera\u00e7\u00e3o, a tomada de decis\u00f5es e a socializa\u00e7\u00e3o Que import\u00e2ncia t\u00eam os trabalhos manuais na educa\u00e7\u00e3o escolar? Os trabalhos manuais s\u00e3o fundamentais porque ajudam a desenvolver a criatividade, a imagina\u00e7\u00e3o e a [&hellip;]<\/p>\n","protected":false},"author":3,"featured_media":0,"parent":0,"menu_order":0,"comment_status":"closed","ping_status":"closed","template":"","meta":{"footnotes":""},"class_list":["post-8386","page","type-page","status-publish","hentry"],"yoast_head":"<!-- This site is optimized with the Yoast SEO plugin v27.5 - https:\/\/yoast.com\/product\/yoast-seo-wordpress\/ -->\n<title>Plico | Davinia Pujol, Educadora de inf\u00e2ncia<\/title>\n<meta name=\"robots\" content=\"index, follow, max-snippet:-1, max-image-preview:large, max-video-preview:-1\" \/>\n<link rel=\"canonical\" href=\"https:\/\/www.plico.es\/pt-pt\/davinia-pujol-educadora-de-infancia\/\" \/>\n<meta property=\"og:locale\" content=\"pt_PT\" \/>\n<meta property=\"og:type\" content=\"article\" \/>\n<meta property=\"og:title\" content=\"Plico | Davinia Pujol, Educadora de inf\u00e2ncia\" \/>\n<meta property=\"og:description\" content=\"PESSOAS PLICO Davinia Pujol, Educadora de inf\u00e2ncia Davinia \u00e9 professora do ensino prim\u00e1rio e criadora de conte\u00fados art\u00edsticos. Os projetos criativos incentivam a coopera\u00e7\u00e3o, a tomada de decis\u00f5es e a socializa\u00e7\u00e3o Que import\u00e2ncia t\u00eam os trabalhos manuais na educa\u00e7\u00e3o escolar? Os trabalhos manuais s\u00e3o fundamentais porque ajudam a desenvolver a criatividade, a imagina\u00e7\u00e3o e a [&hellip;]\" \/>\n<meta property=\"og:url\" content=\"https:\/\/www.plico.es\/pt-pt\/davinia-pujol-educadora-de-infancia\/\" \/>\n<meta property=\"og:site_name\" content=\"Plico\" \/>\n<meta property=\"article:publisher\" content=\"https:\/\/www.facebook.com\/plico2017\/\" \/>\n<meta property=\"article:modified_time\" content=\"2026-03-19T11:38:38+00:00\" \/>\n<meta property=\"og:image\" content=\"https:\/\/www.plico.es\/wp-content\/uploads\/2026\/03\/davinia.jpg\" \/>\n\t<meta property=\"og:image:width\" content=\"1920\" \/>\n\t<meta property=\"og:image:height\" content=\"1332\" \/>\n\t<meta property=\"og:image:type\" content=\"image\/jpeg\" \/>\n<meta name=\"twitter:card\" content=\"summary_large_image\" \/>\n<meta name=\"twitter:label1\" content=\"Tempo estimado de leitura\" \/>\n\t<meta name=\"twitter:data1\" content=\"1 minuto\" \/>\n<script type=\"application\/ld+json\" class=\"yoast-schema-graph\">{\"@context\":\"https:\\\/\\\/schema.org\",\"@graph\":[{\"@type\":\"WebPage\",\"@id\":\"https:\\\/\\\/www.plico.es\\\/pt-pt\\\/davinia-pujol-educadora-de-infancia\\\/\",\"url\":\"https:\\\/\\\/www.plico.es\\\/pt-pt\\\/davinia-pujol-educadora-de-infancia\\\/\",\"name\":\"Plico | Davinia Pujol, Educadora de inf\u00e2ncia\",\"isPartOf\":{\"@id\":\"https:\\\/\\\/www.plico.es\\\/pt-pt\\\/#website\"},\"primaryImageOfPage\":{\"@id\":\"https:\\\/\\\/www.plico.es\\\/pt-pt\\\/davinia-pujol-educadora-de-infancia\\\/#primaryimage\"},\"image\":{\"@id\":\"https:\\\/\\\/www.plico.es\\\/pt-pt\\\/davinia-pujol-educadora-de-infancia\\\/#primaryimage\"},\"thumbnailUrl\":\"https:\\\/\\\/www.plico.es\\\/wp-content\\\/uploads\\\/2026\\\/03\\\/davinia-1024x710.jpg\",\"datePublished\":\"2026-03-10T11:02:22+00:00\",\"dateModified\":\"2026-03-19T11:38:38+00:00\",\"breadcrumb\":{\"@id\":\"https:\\\/\\\/www.plico.es\\\/pt-pt\\\/davinia-pujol-educadora-de-infancia\\\/#breadcrumb\"},\"inLanguage\":\"pt-PT\",\"potentialAction\":[{\"@type\":\"ReadAction\",\"target\":[\"https:\\\/\\\/www.plico.es\\\/pt-pt\\\/davinia-pujol-educadora-de-infancia\\\/\"]}]},{\"@type\":\"ImageObject\",\"inLanguage\":\"pt-PT\",\"@id\":\"https:\\\/\\\/www.plico.es\\\/pt-pt\\\/davinia-pujol-educadora-de-infancia\\\/#primaryimage\",\"url\":\"https:\\\/\\\/www.plico.es\\\/wp-content\\\/uploads\\\/2026\\\/03\\\/davinia-1024x710.jpg\",\"contentUrl\":\"https:\\\/\\\/www.plico.es\\\/wp-content\\\/uploads\\\/2026\\\/03\\\/davinia-1024x710.jpg\"},{\"@type\":\"BreadcrumbList\",\"@id\":\"https:\\\/\\\/www.plico.es\\\/pt-pt\\\/davinia-pujol-educadora-de-infancia\\\/#breadcrumb\",\"itemListElement\":[{\"@type\":\"ListItem\",\"position\":1,\"name\":\"Portada\",\"item\":\"https:\\\/\\\/www.plico.es\\\/pt-pt\\\/\"},{\"@type\":\"ListItem\",\"position\":2,\"name\":\"Davinia Pujol, Educadora de inf\u00e2ncia\"}]},{\"@type\":\"WebSite\",\"@id\":\"https:\\\/\\\/www.plico.es\\\/pt-pt\\\/#website\",\"url\":\"https:\\\/\\\/www.plico.es\\\/pt-pt\\\/\",\"name\":\"Plico\",\"description\":\"Expertos en Manualidades\",\"publisher\":{\"@id\":\"https:\\\/\\\/www.plico.es\\\/pt-pt\\\/#organization\"},\"alternateName\":\"Productos L\u00edderes Comercializados, S.A.\",\"potentialAction\":[{\"@type\":\"SearchAction\",\"target\":{\"@type\":\"EntryPoint\",\"urlTemplate\":\"https:\\\/\\\/www.plico.es\\\/pt-pt\\\/?s={search_term_string}\"},\"query-input\":{\"@type\":\"PropertyValueSpecification\",\"valueRequired\":true,\"valueName\":\"search_term_string\"}}],\"inLanguage\":\"pt-PT\"},{\"@type\":\"Organization\",\"@id\":\"https:\\\/\\\/www.plico.es\\\/pt-pt\\\/#organization\",\"name\":\"Plico\",\"alternateName\":\"Productos L\u00edderes Comercializados, S.A.\",\"url\":\"https:\\\/\\\/www.plico.es\\\/pt-pt\\\/\",\"logo\":{\"@type\":\"ImageObject\",\"inLanguage\":\"pt-PT\",\"@id\":\"https:\\\/\\\/www.plico.es\\\/pt-pt\\\/#\\\/schema\\\/logo\\\/image\\\/\",\"url\":\"https:\\\/\\\/www.plico.es\\\/wp-content\\\/uploads\\\/2022\\\/05\\\/logo_plico.png\",\"contentUrl\":\"https:\\\/\\\/www.plico.es\\\/wp-content\\\/uploads\\\/2022\\\/05\\\/logo_plico.png\",\"width\":400,\"height\":185,\"caption\":\"Plico\"},\"image\":{\"@id\":\"https:\\\/\\\/www.plico.es\\\/pt-pt\\\/#\\\/schema\\\/logo\\\/image\\\/\"},\"sameAs\":[\"https:\\\/\\\/www.facebook.com\\\/plico2017\\\/\",\"https:\\\/\\\/www.instagram.com\\\/plico_es\\\/\",\"https:\\\/\\\/www.youtube.com\\\/channel\\\/UCC1ygHF4QAP-CTLDlHMLs7g\"]}]}<\/script>\n<!-- \/ Yoast SEO plugin. -->","yoast_head_json":{"title":"Plico | Davinia Pujol, Educadora de inf\u00e2ncia","robots":{"index":"index","follow":"follow","max-snippet":"max-snippet:-1","max-image-preview":"max-image-preview:large","max-video-preview":"max-video-preview:-1"},"canonical":"https:\/\/www.plico.es\/pt-pt\/davinia-pujol-educadora-de-infancia\/","og_locale":"pt_PT","og_type":"article","og_title":"Plico | Davinia Pujol, Educadora de inf\u00e2ncia","og_description":"PESSOAS PLICO Davinia Pujol, Educadora de inf\u00e2ncia Davinia \u00e9 professora do ensino prim\u00e1rio e criadora de conte\u00fados art\u00edsticos. Os projetos criativos incentivam a coopera\u00e7\u00e3o, a tomada de decis\u00f5es e a socializa\u00e7\u00e3o Que import\u00e2ncia t\u00eam os trabalhos manuais na educa\u00e7\u00e3o escolar? Os trabalhos manuais s\u00e3o fundamentais porque ajudam a desenvolver a criatividade, a imagina\u00e7\u00e3o e a [&hellip;]","og_url":"https:\/\/www.plico.es\/pt-pt\/davinia-pujol-educadora-de-infancia\/","og_site_name":"Plico","article_publisher":"https:\/\/www.facebook.com\/plico2017\/","article_modified_time":"2026-03-19T11:38:38+00:00","og_image":[{"width":1920,"height":1332,"url":"https:\/\/www.plico.es\/wp-content\/uploads\/2026\/03\/davinia.jpg","type":"image\/jpeg"}],"twitter_card":"summary_large_image","twitter_misc":{"Tempo estimado de leitura":"1 minuto"},"schema":{"@context":"https:\/\/schema.org","@graph":[{"@type":"WebPage","@id":"https:\/\/www.plico.es\/pt-pt\/davinia-pujol-educadora-de-infancia\/","url":"https:\/\/www.plico.es\/pt-pt\/davinia-pujol-educadora-de-infancia\/","name":"Plico | Davinia Pujol, Educadora de inf\u00e2ncia","isPartOf":{"@id":"https:\/\/www.plico.es\/pt-pt\/#website"},"primaryImageOfPage":{"@id":"https:\/\/www.plico.es\/pt-pt\/davinia-pujol-educadora-de-infancia\/#primaryimage"},"image":{"@id":"https:\/\/www.plico.es\/pt-pt\/davinia-pujol-educadora-de-infancia\/#primaryimage"},"thumbnailUrl":"https:\/\/www.plico.es\/wp-content\/uploads\/2026\/03\/davinia-1024x710.jpg","datePublished":"2026-03-10T11:02:22+00:00","dateModified":"2026-03-19T11:38:38+00:00","breadcrumb":{"@id":"https:\/\/www.plico.es\/pt-pt\/davinia-pujol-educadora-de-infancia\/#breadcrumb"},"inLanguage":"pt-PT","potentialAction":[{"@type":"ReadAction","target":["https:\/\/www.plico.es\/pt-pt\/davinia-pujol-educadora-de-infancia\/"]}]},{"@type":"ImageObject","inLanguage":"pt-PT","@id":"https:\/\/www.plico.es\/pt-pt\/davinia-pujol-educadora-de-infancia\/#primaryimage","url":"https:\/\/www.plico.es\/wp-content\/uploads\/2026\/03\/davinia-1024x710.jpg","contentUrl":"https:\/\/www.plico.es\/wp-content\/uploads\/2026\/03\/davinia-1024x710.jpg"},{"@type":"BreadcrumbList","@id":"https:\/\/www.plico.es\/pt-pt\/davinia-pujol-educadora-de-infancia\/#breadcrumb","itemListElement":[{"@type":"ListItem","position":1,"name":"Portada","item":"https:\/\/www.plico.es\/pt-pt\/"},{"@type":"ListItem","position":2,"name":"Davinia Pujol, Educadora de inf\u00e2ncia"}]},{"@type":"WebSite","@id":"https:\/\/www.plico.es\/pt-pt\/#website","url":"https:\/\/www.plico.es\/pt-pt\/","name":"Plico","description":"Expertos en Manualidades","publisher":{"@id":"https:\/\/www.plico.es\/pt-pt\/#organization"},"alternateName":"Productos L\u00edderes Comercializados, S.A.","potentialAction":[{"@type":"SearchAction","target":{"@type":"EntryPoint","urlTemplate":"https:\/\/www.plico.es\/pt-pt\/?s={search_term_string}"},"query-input":{"@type":"PropertyValueSpecification","valueRequired":true,"valueName":"search_term_string"}}],"inLanguage":"pt-PT"},{"@type":"Organization","@id":"https:\/\/www.plico.es\/pt-pt\/#organization","name":"Plico","alternateName":"Productos L\u00edderes Comercializados, S.A.","url":"https:\/\/www.plico.es\/pt-pt\/","logo":{"@type":"ImageObject","inLanguage":"pt-PT","@id":"https:\/\/www.plico.es\/pt-pt\/#\/schema\/logo\/image\/","url":"https:\/\/www.plico.es\/wp-content\/uploads\/2022\/05\/logo_plico.png","contentUrl":"https:\/\/www.plico.es\/wp-content\/uploads\/2022\/05\/logo_plico.png","width":400,"height":185,"caption":"Plico"},"image":{"@id":"https:\/\/www.plico.es\/pt-pt\/#\/schema\/logo\/image\/"},"sameAs":["https:\/\/www.facebook.com\/plico2017\/","https:\/\/www.instagram.com\/plico_es\/","https:\/\/www.youtube.com\/channel\/UCC1ygHF4QAP-CTLDlHMLs7g"]}]}},"_links":{"self":[{"href":"https:\/\/www.plico.es\/pt-pt\/wp-json\/wp\/v2\/pages\/8386","targetHints":{"allow":["GET"]}}],"collection":[{"href":"https:\/\/www.plico.es\/pt-pt\/wp-json\/wp\/v2\/pages"}],"about":[{"href":"https:\/\/www.plico.es\/pt-pt\/wp-json\/wp\/v2\/types\/page"}],"author":[{"embeddable":true,"href":"https:\/\/www.plico.es\/pt-pt\/wp-json\/wp\/v2\/users\/3"}],"replies":[{"embeddable":true,"href":"https:\/\/www.plico.es\/pt-pt\/wp-json\/wp\/v2\/comments?post=8386"}],"version-history":[{"count":1,"href":"https:\/\/www.plico.es\/pt-pt\/wp-json\/wp\/v2\/pages\/8386\/revisions"}],"predecessor-version":[{"id":8387,"href":"https:\/\/www.plico.es\/pt-pt\/wp-json\/wp\/v2\/pages\/8386\/revisions\/8387"}],"wp:attachment":[{"href":"https:\/\/www.plico.es\/pt-pt\/wp-json\/wp\/v2\/media?parent=8386"}],"curies":[{"name":"wp","href":"https:\/\/api.w.org\/{rel}","templated":true}]}}