{"id":8392,"date":"2026-03-10T12:01:21","date_gmt":"2026-03-10T11:01:21","guid":{"rendered":"https:\/\/www.plico.es\/ariadna-simo-artista-e-dinamizadora\/"},"modified":"2026-03-19T12:51:48","modified_gmt":"2026-03-19T11:51:48","slug":"ariadna-simo-artista-e-dinamizadora","status":"publish","type":"page","link":"https:\/\/www.plico.es\/pt-pt\/ariadna-simo-artista-e-dinamizadora\/","title":{"rendered":"Ariadna Sim\u00f3, Artista e dinamizadora"},"content":{"rendered":"\t\t<div data-elementor-type=\"wp-page\" data-elementor-id=\"8392\" class=\"elementor elementor-8392 elementor-7959\" data-elementor-post-type=\"page\">\n\t\t\t\t\t\t<section class=\"elementor-section elementor-top-section elementor-element elementor-element-d24ce05 elementor-section-content-middle elementor-section-boxed elementor-section-height-default elementor-section-height-default\" data-id=\"d24ce05\" data-element_type=\"section\" data-e-type=\"section\" data-settings=\"{&quot;background_background&quot;:&quot;classic&quot;}\">\n\t\t\t\t\t\t\t<div class=\"elementor-background-overlay\"><\/div>\n\t\t\t\t\t\t\t<div class=\"elementor-container elementor-column-gap-no\">\n\t\t\t\t\t<div class=\"elementor-column elementor-col-100 elementor-top-column elementor-element elementor-element-2b405a9\" data-id=\"2b405a9\" data-element_type=\"column\" data-e-type=\"column\" data-settings=\"{&quot;background_background&quot;:&quot;classic&quot;}\">\n\t\t\t<div class=\"elementor-widget-wrap elementor-element-populated\">\n\t\t\t\t\t<div class=\"elementor-background-overlay\"><\/div>\n\t\t\t\t\t\t<section class=\"elementor-section elementor-inner-section elementor-element elementor-element-3773764 elementor-section-content-top elementor-section-boxed elementor-section-height-default elementor-section-height-default\" data-id=\"3773764\" data-element_type=\"section\" data-e-type=\"section\">\n\t\t\t\t\t\t<div class=\"elementor-container elementor-column-gap-no\">\n\t\t\t\t\t<div class=\"elementor-column elementor-col-100 elementor-inner-column elementor-element elementor-element-bd78f3c\" data-id=\"bd78f3c\" data-element_type=\"column\" data-e-type=\"column\">\n\t\t\t<div class=\"elementor-widget-wrap elementor-element-populated\">\n\t\t\t\t\t\t<div class=\"elementor-element elementor-element-d2b8707 elementor-widget elementor-widget-heading\" data-id=\"d2b8707\" data-element_type=\"widget\" data-e-type=\"widget\" data-widget_type=\"heading.default\">\n\t\t\t\t<div class=\"elementor-widget-container\">\n\t\t\t\t\t<h2 class=\"elementor-heading-title elementor-size-default\">PESSOAS PLICO<\/h2>\t\t\t\t<\/div>\n\t\t\t\t<\/div>\n\t\t\t\t<div class=\"elementor-element elementor-element-e4b9161 elementor-widget elementor-widget-heading\" data-id=\"e4b9161\" data-element_type=\"widget\" data-e-type=\"widget\" data-widget_type=\"heading.default\">\n\t\t\t\t<div class=\"elementor-widget-container\">\n\t\t\t\t\t<h3 class=\"elementor-heading-title elementor-size-default\">Ariadna Sim\u00f3, Artista e dinamizadora<\/h3>\t\t\t\t<\/div>\n\t\t\t\t<\/div>\n\t\t\t\t\t<\/div>\n\t\t<\/div>\n\t\t\t\t\t<\/div>\n\t\t<\/section>\n\t\t\t\t<section class=\"elementor-section elementor-inner-section elementor-element elementor-element-be53568 elementor-section-boxed elementor-section-height-default elementor-section-height-default\" data-id=\"be53568\" data-element_type=\"section\" data-e-type=\"section\">\n\t\t\t\t\t\t<div class=\"elementor-container elementor-column-gap-default\">\n\t\t\t\t\t<div class=\"elementor-column elementor-col-50 elementor-inner-column elementor-element elementor-element-bbedb49\" data-id=\"bbedb49\" data-element_type=\"column\" data-e-type=\"column\">\n\t\t\t<div class=\"elementor-widget-wrap elementor-element-populated\">\n\t\t\t\t\t\t<div class=\"elementor-element elementor-element-aff2153 elementor-widget elementor-widget-text-editor\" data-id=\"aff2153\" data-element_type=\"widget\" data-e-type=\"widget\" data-widget_type=\"text-editor.default\">\n\t\t\t\t<div class=\"elementor-widget-container\">\n\t\t\t\t\t\t\t\t\t<p>Ariadna tem uma verdadeira paix\u00e3o pela arte e pelos trabalhos manuais. Com uma licenciatura em Hist\u00f3ria, esteve sempre envolvida no mundo criativo.<\/p>\n\t\t\t\t\t\t\t\t<\/div>\n\t\t\t\t<\/div>\n\t\t\t\t\t<\/div>\n\t\t<\/div>\n\t\t\t\t<div class=\"elementor-column elementor-col-50 elementor-inner-column elementor-element elementor-element-9d11153\" data-id=\"9d11153\" data-element_type=\"column\" data-e-type=\"column\">\n\t\t\t<div class=\"elementor-widget-wrap\">\n\t\t\t\t\t\t\t<\/div>\n\t\t<\/div>\n\t\t\t\t\t<\/div>\n\t\t<\/section>\n\t\t\t\t<section class=\"elementor-section elementor-inner-section elementor-element elementor-element-e1e9817 elementor-section-boxed elementor-section-height-default elementor-section-height-default\" data-id=\"e1e9817\" data-element_type=\"section\" data-e-type=\"section\">\n\t\t\t\t\t\t<div class=\"elementor-container elementor-column-gap-default\">\n\t\t\t\t\t<div class=\"elementor-column elementor-col-100 elementor-inner-column elementor-element elementor-element-0ee001d\" data-id=\"0ee001d\" data-element_type=\"column\" data-e-type=\"column\">\n\t\t\t<div class=\"elementor-widget-wrap elementor-element-populated\">\n\t\t\t\t\t\t<div class=\"elementor-element elementor-element-8e5ac39 elementor-widget elementor-widget-heading\" data-id=\"8e5ac39\" data-element_type=\"widget\" data-e-type=\"widget\" data-widget_type=\"heading.default\">\n\t\t\t\t<div class=\"elementor-widget-container\">\n\t\t\t\t\t<h3 class=\"elementor-heading-title elementor-size-default\">Consigo as minhas melhores cria\u00e7\u00f5es com bons materiais<\/h3>\t\t\t\t<\/div>\n\t\t\t\t<\/div>\n\t\t\t\t\t<\/div>\n\t\t<\/div>\n\t\t\t\t\t<\/div>\n\t\t<\/section>\n\t\t\t\t<section class=\"elementor-section elementor-inner-section elementor-element elementor-element-79b0f3d elementor-section-boxed elementor-section-height-default elementor-section-height-default\" data-id=\"79b0f3d\" data-element_type=\"section\" data-e-type=\"section\">\n\t\t\t\t\t\t<div class=\"elementor-container elementor-column-gap-default\">\n\t\t\t\t\t<div class=\"elementor-column elementor-col-50 elementor-inner-column elementor-element elementor-element-904b3be\" data-id=\"904b3be\" data-element_type=\"column\" data-e-type=\"column\">\n\t\t\t<div class=\"elementor-widget-wrap elementor-element-populated\">\n\t\t\t\t\t\t<div class=\"elementor-element elementor-element-b9411b6 elementor-widget elementor-widget-text-editor\" data-id=\"b9411b6\" data-element_type=\"widget\" data-e-type=\"widget\" data-widget_type=\"text-editor.default\">\n\t\t\t\t<div class=\"elementor-widget-container\">\n\t\t\t\t\t\t\t\t\t<p class=\"p1\"><strong>Como \u00e9 que se inspira para apresentar novas ideias que mais tarde poder\u00e1 implementar no seu ateli\u00ea?<\/strong><\/p>\n<p class=\"p1\">O processo criativo \u00e9 cultivado dia ap\u00f3s dia. Observo o que me rodeia, ligo-me a outros artistas, visito lojas, experimento novos materiais ou recupero t\u00e9cnicas antigas\u2026 E, de repente, h\u00e1 aquele \u201cclique\u201d. Para mim, esse momento \u00e9 quase meditativo: quando estamos abertos, calmos e recetivos, as ideias fluem. Criar \u00e9 uma forma de bem-estar e de aten\u00e7\u00e3o plena.<\/p>\n<p class=\"p1\"><strong>Quais s\u00e3o, na sua opini\u00e3o, as principais caracter\u00edsticas que um produto deve ter para se encaixar num dos seus trabalhos manuais?<\/strong><\/p>\n<p class=\"p1\">Deve cumprir dois requisitos: primeiro, deve funcionar bem (colar, recortar, pintar), algo que parece \u00f3bvio, mas nem sempre \u00e9 o caso. E, em segundo lugar, a qualidade. Trabalhar com bons materiais n\u00e3o s\u00f3 garante um bom resultado, como tamb\u00e9m torna o processo mais f luido, agrad\u00e1vel e at\u00e9 terap\u00eautico.<\/p>\n\t\t\t\t\t\t\t\t<\/div>\n\t\t\t\t<\/div>\n\t\t\t\t\t<\/div>\n\t\t<\/div>\n\t\t\t\t<div class=\"elementor-column elementor-col-50 elementor-inner-column elementor-element elementor-element-c09cb2e\" data-id=\"c09cb2e\" data-element_type=\"column\" data-e-type=\"column\">\n\t\t\t<div class=\"elementor-widget-wrap elementor-element-populated\">\n\t\t\t\t\t\t<div class=\"elementor-element elementor-element-e6bf7b9 elementor-widget elementor-widget-text-editor\" data-id=\"e6bf7b9\" data-element_type=\"widget\" data-e-type=\"widget\" data-widget_type=\"text-editor.default\">\n\t\t\t\t<div class=\"elementor-widget-container\">\n\t\t\t\t\t\t\t\t\t<p class=\"p1\">Quando o material responde bem, pode concentrar-se totalmente no ato criativo, quase como um exerc\u00edcio de mindfulness.<\/p><br><p class=\"p1\"><strong>Como \u00e9 que o mundo dos trabalhos manuais nos \u00faltimos anos?<\/strong><\/p><br><p class=\"p1\">Cresceu imenso, n\u00e3o s\u00f3 como passatempo, mas tamb\u00e9m como ferramenta de bem-estar. Cada vez mais pessoas procuram espa\u00e7os criativos para descontrair, relaxar e reconectar consigo pr\u00f3prias. Os trabalhos manuais tornaram-se uma pr\u00e1tica pr\u00f3xima do mindfulness: permite concentrar-se no presente, trabalhar com as suas m\u00e3os e deixar que a sua mente se acalme.<\/p><br><p class=\"p1\">\u201cCada vez mais pessoas procuram espa\u00e7os criativos para descontrair, relaxar e reconectar consigo pr\u00f3prias. Os trabalhos manuais tornaram-se uma pr\u00e1tica pr\u00f3xima do mindfulness. Permitem concentrar-se no presente\u201d.<\/p>\t\t\t\t\t\t\t\t<\/div>\n\t\t\t\t<\/div>\n\t\t\t\t\t<\/div>\n\t\t<\/div>\n\t\t\t\t\t<\/div>\n\t\t<\/section>\n\t\t\t\t<section class=\"elementor-section elementor-inner-section elementor-element elementor-element-52f9687 elementor-section-content-top elementor-section-boxed elementor-section-height-default elementor-section-height-default\" data-id=\"52f9687\" data-element_type=\"section\" data-e-type=\"section\">\n\t\t\t\t\t\t<div class=\"elementor-container elementor-column-gap-no\">\n\t\t\t\t\t<div class=\"elementor-column elementor-col-100 elementor-inner-column elementor-element elementor-element-f381c48\" data-id=\"f381c48\" data-element_type=\"column\" data-e-type=\"column\">\n\t\t\t<div class=\"elementor-widget-wrap elementor-element-populated\">\n\t\t\t\t\t\t<div class=\"elementor-element elementor-element-4153c1d elementor-widget elementor-widget-image\" data-id=\"4153c1d\" data-element_type=\"widget\" data-e-type=\"widget\" data-widget_type=\"image.default\">\n\t\t\t\t<div class=\"elementor-widget-container\">\n\t\t\t\t\t\t\t\t\t\t\t\t\t\t\t<img fetchpriority=\"high\" decoding=\"async\" width=\"800\" height=\"555\" src=\"https:\/\/www.plico.es\/wp-content\/uploads\/2026\/03\/ariadna-1024x710.jpg\" class=\"attachment-large size-large wp-image-8391\" alt=\"\" srcset=\"https:\/\/www.plico.es\/wp-content\/uploads\/2026\/03\/ariadna-1024x710.jpg 1024w, https:\/\/www.plico.es\/wp-content\/uploads\/2026\/03\/ariadna-300x208.jpg 300w, https:\/\/www.plico.es\/wp-content\/uploads\/2026\/03\/ariadna-768x533.jpg 768w, https:\/\/www.plico.es\/wp-content\/uploads\/2026\/03\/ariadna-1536x1066.jpg 1536w, https:\/\/www.plico.es\/wp-content\/uploads\/2026\/03\/ariadna-800x555.jpg 800w, https:\/\/www.plico.es\/wp-content\/uploads\/2026\/03\/ariadna-1000x694.jpg 1000w, https:\/\/www.plico.es\/wp-content\/uploads\/2026\/03\/ariadna.jpg 1920w\" sizes=\"(max-width: 800px) 100vw, 800px\" \/>\t\t\t\t\t\t\t\t\t\t\t\t\t\t\t<\/div>\n\t\t\t\t<\/div>\n\t\t\t\t<div class=\"elementor-element elementor-element-94b5023 elementor-widget elementor-widget-heading\" data-id=\"94b5023\" data-element_type=\"widget\" data-e-type=\"widget\" data-widget_type=\"heading.default\">\n\t\t\t\t<div class=\"elementor-widget-container\">\n\t\t\t\t\t<h2 class=\"elementor-heading-title elementor-size-default\">\u201cOs trabalhos manuais tomaram-se una pr\u00e1tica pr\u00f3xima do mindfulness. Permitem-lhe concentrar-se  no presente.\u201d<\/h2>\t\t\t\t<\/div>\n\t\t\t\t<\/div>\n\t\t\t\t\t<\/div>\n\t\t<\/div>\n\t\t\t\t\t<\/div>\n\t\t<\/section>\n\t\t\t\t\t<\/div>\n\t\t<\/div>\n\t\t\t\t\t<\/div>\n\t\t<\/section>\n\t\t\t\t<\/div>\n\t\t","protected":false},"excerpt":{"rendered":"<p>PESSOAS PLICO Ariadna Sim\u00f3, Artista e dinamizadora Ariadna tem uma verdadeira paix\u00e3o pela arte e pelos trabalhos manuais. Com uma licenciatura em Hist\u00f3ria, esteve sempre envolvida no mundo criativo. Consigo as minhas melhores cria\u00e7\u00f5es com bons materiais Como \u00e9 que se inspira para apresentar novas ideias que mais tarde poder\u00e1 implementar no seu ateli\u00ea? O [&hellip;]<\/p>\n","protected":false},"author":3,"featured_media":0,"parent":0,"menu_order":0,"comment_status":"closed","ping_status":"closed","template":"","meta":{"footnotes":""},"class_list":["post-8392","page","type-page","status-publish","hentry"],"yoast_head":"<!-- This site is optimized with the Yoast SEO plugin v27.5 - https:\/\/yoast.com\/product\/yoast-seo-wordpress\/ -->\n<title>Plico | Ariadna Sim\u00f3, Artista e dinamizadora<\/title>\n<meta name=\"robots\" content=\"index, follow, max-snippet:-1, max-image-preview:large, max-video-preview:-1\" \/>\n<link rel=\"canonical\" href=\"https:\/\/www.plico.es\/pt-pt\/ariadna-simo-artista-e-dinamizadora\/\" \/>\n<meta property=\"og:locale\" content=\"pt_PT\" \/>\n<meta property=\"og:type\" content=\"article\" \/>\n<meta property=\"og:title\" content=\"Plico | Ariadna Sim\u00f3, Artista e dinamizadora\" \/>\n<meta property=\"og:description\" content=\"PESSOAS PLICO Ariadna Sim\u00f3, Artista e dinamizadora Ariadna tem uma verdadeira paix\u00e3o pela arte e pelos trabalhos manuais. Com uma licenciatura em Hist\u00f3ria, esteve sempre envolvida no mundo criativo. Consigo as minhas melhores cria\u00e7\u00f5es com bons materiais Como \u00e9 que se inspira para apresentar novas ideias que mais tarde poder\u00e1 implementar no seu ateli\u00ea? O [&hellip;]\" \/>\n<meta property=\"og:url\" content=\"https:\/\/www.plico.es\/pt-pt\/ariadna-simo-artista-e-dinamizadora\/\" \/>\n<meta property=\"og:site_name\" content=\"Plico\" \/>\n<meta property=\"article:publisher\" content=\"https:\/\/www.facebook.com\/plico2017\/\" \/>\n<meta property=\"article:modified_time\" content=\"2026-03-19T11:51:48+00:00\" \/>\n<meta property=\"og:image\" content=\"https:\/\/www.plico.es\/wp-content\/uploads\/2026\/03\/ariadna.jpg\" \/>\n\t<meta property=\"og:image:width\" content=\"1920\" \/>\n\t<meta property=\"og:image:height\" content=\"1332\" \/>\n\t<meta property=\"og:image:type\" content=\"image\/jpeg\" \/>\n<meta name=\"twitter:card\" content=\"summary_large_image\" \/>\n<meta name=\"twitter:label1\" content=\"Tempo estimado de leitura\" \/>\n\t<meta name=\"twitter:data1\" content=\"2 minutos\" \/>\n<script type=\"application\/ld+json\" class=\"yoast-schema-graph\">{\"@context\":\"https:\\\/\\\/schema.org\",\"@graph\":[{\"@type\":\"WebPage\",\"@id\":\"https:\\\/\\\/www.plico.es\\\/pt-pt\\\/ariadna-simo-artista-e-dinamizadora\\\/\",\"url\":\"https:\\\/\\\/www.plico.es\\\/pt-pt\\\/ariadna-simo-artista-e-dinamizadora\\\/\",\"name\":\"Plico | Ariadna Sim\u00f3, Artista e dinamizadora\",\"isPartOf\":{\"@id\":\"https:\\\/\\\/www.plico.es\\\/pt-pt\\\/#website\"},\"primaryImageOfPage\":{\"@id\":\"https:\\\/\\\/www.plico.es\\\/pt-pt\\\/ariadna-simo-artista-e-dinamizadora\\\/#primaryimage\"},\"image\":{\"@id\":\"https:\\\/\\\/www.plico.es\\\/pt-pt\\\/ariadna-simo-artista-e-dinamizadora\\\/#primaryimage\"},\"thumbnailUrl\":\"https:\\\/\\\/www.plico.es\\\/wp-content\\\/uploads\\\/2026\\\/03\\\/ariadna-1024x710.jpg\",\"datePublished\":\"2026-03-10T11:01:21+00:00\",\"dateModified\":\"2026-03-19T11:51:48+00:00\",\"breadcrumb\":{\"@id\":\"https:\\\/\\\/www.plico.es\\\/pt-pt\\\/ariadna-simo-artista-e-dinamizadora\\\/#breadcrumb\"},\"inLanguage\":\"pt-PT\",\"potentialAction\":[{\"@type\":\"ReadAction\",\"target\":[\"https:\\\/\\\/www.plico.es\\\/pt-pt\\\/ariadna-simo-artista-e-dinamizadora\\\/\"]}]},{\"@type\":\"ImageObject\",\"inLanguage\":\"pt-PT\",\"@id\":\"https:\\\/\\\/www.plico.es\\\/pt-pt\\\/ariadna-simo-artista-e-dinamizadora\\\/#primaryimage\",\"url\":\"https:\\\/\\\/www.plico.es\\\/wp-content\\\/uploads\\\/2026\\\/03\\\/ariadna-1024x710.jpg\",\"contentUrl\":\"https:\\\/\\\/www.plico.es\\\/wp-content\\\/uploads\\\/2026\\\/03\\\/ariadna-1024x710.jpg\"},{\"@type\":\"BreadcrumbList\",\"@id\":\"https:\\\/\\\/www.plico.es\\\/pt-pt\\\/ariadna-simo-artista-e-dinamizadora\\\/#breadcrumb\",\"itemListElement\":[{\"@type\":\"ListItem\",\"position\":1,\"name\":\"Portada\",\"item\":\"https:\\\/\\\/www.plico.es\\\/pt-pt\\\/\"},{\"@type\":\"ListItem\",\"position\":2,\"name\":\"Ariadna Sim\u00f3, Artista e dinamizadora\"}]},{\"@type\":\"WebSite\",\"@id\":\"https:\\\/\\\/www.plico.es\\\/pt-pt\\\/#website\",\"url\":\"https:\\\/\\\/www.plico.es\\\/pt-pt\\\/\",\"name\":\"Plico\",\"description\":\"Expertos en Manualidades\",\"publisher\":{\"@id\":\"https:\\\/\\\/www.plico.es\\\/pt-pt\\\/#organization\"},\"alternateName\":\"Productos L\u00edderes Comercializados, S.A.\",\"potentialAction\":[{\"@type\":\"SearchAction\",\"target\":{\"@type\":\"EntryPoint\",\"urlTemplate\":\"https:\\\/\\\/www.plico.es\\\/pt-pt\\\/?s={search_term_string}\"},\"query-input\":{\"@type\":\"PropertyValueSpecification\",\"valueRequired\":true,\"valueName\":\"search_term_string\"}}],\"inLanguage\":\"pt-PT\"},{\"@type\":\"Organization\",\"@id\":\"https:\\\/\\\/www.plico.es\\\/pt-pt\\\/#organization\",\"name\":\"Plico\",\"alternateName\":\"Productos L\u00edderes Comercializados, S.A.\",\"url\":\"https:\\\/\\\/www.plico.es\\\/pt-pt\\\/\",\"logo\":{\"@type\":\"ImageObject\",\"inLanguage\":\"pt-PT\",\"@id\":\"https:\\\/\\\/www.plico.es\\\/pt-pt\\\/#\\\/schema\\\/logo\\\/image\\\/\",\"url\":\"https:\\\/\\\/www.plico.es\\\/wp-content\\\/uploads\\\/2022\\\/05\\\/logo_plico.png\",\"contentUrl\":\"https:\\\/\\\/www.plico.es\\\/wp-content\\\/uploads\\\/2022\\\/05\\\/logo_plico.png\",\"width\":400,\"height\":185,\"caption\":\"Plico\"},\"image\":{\"@id\":\"https:\\\/\\\/www.plico.es\\\/pt-pt\\\/#\\\/schema\\\/logo\\\/image\\\/\"},\"sameAs\":[\"https:\\\/\\\/www.facebook.com\\\/plico2017\\\/\",\"https:\\\/\\\/www.instagram.com\\\/plico_es\\\/\",\"https:\\\/\\\/www.youtube.com\\\/channel\\\/UCC1ygHF4QAP-CTLDlHMLs7g\"]}]}<\/script>\n<!-- \/ Yoast SEO plugin. -->","yoast_head_json":{"title":"Plico | Ariadna Sim\u00f3, Artista e dinamizadora","robots":{"index":"index","follow":"follow","max-snippet":"max-snippet:-1","max-image-preview":"max-image-preview:large","max-video-preview":"max-video-preview:-1"},"canonical":"https:\/\/www.plico.es\/pt-pt\/ariadna-simo-artista-e-dinamizadora\/","og_locale":"pt_PT","og_type":"article","og_title":"Plico | Ariadna Sim\u00f3, Artista e dinamizadora","og_description":"PESSOAS PLICO Ariadna Sim\u00f3, Artista e dinamizadora Ariadna tem uma verdadeira paix\u00e3o pela arte e pelos trabalhos manuais. Com uma licenciatura em Hist\u00f3ria, esteve sempre envolvida no mundo criativo. Consigo as minhas melhores cria\u00e7\u00f5es com bons materiais Como \u00e9 que se inspira para apresentar novas ideias que mais tarde poder\u00e1 implementar no seu ateli\u00ea? O [&hellip;]","og_url":"https:\/\/www.plico.es\/pt-pt\/ariadna-simo-artista-e-dinamizadora\/","og_site_name":"Plico","article_publisher":"https:\/\/www.facebook.com\/plico2017\/","article_modified_time":"2026-03-19T11:51:48+00:00","og_image":[{"width":1920,"height":1332,"url":"https:\/\/www.plico.es\/wp-content\/uploads\/2026\/03\/ariadna.jpg","type":"image\/jpeg"}],"twitter_card":"summary_large_image","twitter_misc":{"Tempo estimado de leitura":"2 minutos"},"schema":{"@context":"https:\/\/schema.org","@graph":[{"@type":"WebPage","@id":"https:\/\/www.plico.es\/pt-pt\/ariadna-simo-artista-e-dinamizadora\/","url":"https:\/\/www.plico.es\/pt-pt\/ariadna-simo-artista-e-dinamizadora\/","name":"Plico | Ariadna Sim\u00f3, Artista e dinamizadora","isPartOf":{"@id":"https:\/\/www.plico.es\/pt-pt\/#website"},"primaryImageOfPage":{"@id":"https:\/\/www.plico.es\/pt-pt\/ariadna-simo-artista-e-dinamizadora\/#primaryimage"},"image":{"@id":"https:\/\/www.plico.es\/pt-pt\/ariadna-simo-artista-e-dinamizadora\/#primaryimage"},"thumbnailUrl":"https:\/\/www.plico.es\/wp-content\/uploads\/2026\/03\/ariadna-1024x710.jpg","datePublished":"2026-03-10T11:01:21+00:00","dateModified":"2026-03-19T11:51:48+00:00","breadcrumb":{"@id":"https:\/\/www.plico.es\/pt-pt\/ariadna-simo-artista-e-dinamizadora\/#breadcrumb"},"inLanguage":"pt-PT","potentialAction":[{"@type":"ReadAction","target":["https:\/\/www.plico.es\/pt-pt\/ariadna-simo-artista-e-dinamizadora\/"]}]},{"@type":"ImageObject","inLanguage":"pt-PT","@id":"https:\/\/www.plico.es\/pt-pt\/ariadna-simo-artista-e-dinamizadora\/#primaryimage","url":"https:\/\/www.plico.es\/wp-content\/uploads\/2026\/03\/ariadna-1024x710.jpg","contentUrl":"https:\/\/www.plico.es\/wp-content\/uploads\/2026\/03\/ariadna-1024x710.jpg"},{"@type":"BreadcrumbList","@id":"https:\/\/www.plico.es\/pt-pt\/ariadna-simo-artista-e-dinamizadora\/#breadcrumb","itemListElement":[{"@type":"ListItem","position":1,"name":"Portada","item":"https:\/\/www.plico.es\/pt-pt\/"},{"@type":"ListItem","position":2,"name":"Ariadna Sim\u00f3, Artista e dinamizadora"}]},{"@type":"WebSite","@id":"https:\/\/www.plico.es\/pt-pt\/#website","url":"https:\/\/www.plico.es\/pt-pt\/","name":"Plico","description":"Expertos en Manualidades","publisher":{"@id":"https:\/\/www.plico.es\/pt-pt\/#organization"},"alternateName":"Productos L\u00edderes Comercializados, S.A.","potentialAction":[{"@type":"SearchAction","target":{"@type":"EntryPoint","urlTemplate":"https:\/\/www.plico.es\/pt-pt\/?s={search_term_string}"},"query-input":{"@type":"PropertyValueSpecification","valueRequired":true,"valueName":"search_term_string"}}],"inLanguage":"pt-PT"},{"@type":"Organization","@id":"https:\/\/www.plico.es\/pt-pt\/#organization","name":"Plico","alternateName":"Productos L\u00edderes Comercializados, S.A.","url":"https:\/\/www.plico.es\/pt-pt\/","logo":{"@type":"ImageObject","inLanguage":"pt-PT","@id":"https:\/\/www.plico.es\/pt-pt\/#\/schema\/logo\/image\/","url":"https:\/\/www.plico.es\/wp-content\/uploads\/2022\/05\/logo_plico.png","contentUrl":"https:\/\/www.plico.es\/wp-content\/uploads\/2022\/05\/logo_plico.png","width":400,"height":185,"caption":"Plico"},"image":{"@id":"https:\/\/www.plico.es\/pt-pt\/#\/schema\/logo\/image\/"},"sameAs":["https:\/\/www.facebook.com\/plico2017\/","https:\/\/www.instagram.com\/plico_es\/","https:\/\/www.youtube.com\/channel\/UCC1ygHF4QAP-CTLDlHMLs7g"]}]}},"_links":{"self":[{"href":"https:\/\/www.plico.es\/pt-pt\/wp-json\/wp\/v2\/pages\/8392","targetHints":{"allow":["GET"]}}],"collection":[{"href":"https:\/\/www.plico.es\/pt-pt\/wp-json\/wp\/v2\/pages"}],"about":[{"href":"https:\/\/www.plico.es\/pt-pt\/wp-json\/wp\/v2\/types\/page"}],"author":[{"embeddable":true,"href":"https:\/\/www.plico.es\/pt-pt\/wp-json\/wp\/v2\/users\/3"}],"replies":[{"embeddable":true,"href":"https:\/\/www.plico.es\/pt-pt\/wp-json\/wp\/v2\/comments?post=8392"}],"version-history":[{"count":1,"href":"https:\/\/www.plico.es\/pt-pt\/wp-json\/wp\/v2\/pages\/8392\/revisions"}],"predecessor-version":[{"id":8393,"href":"https:\/\/www.plico.es\/pt-pt\/wp-json\/wp\/v2\/pages\/8392\/revisions\/8393"}],"wp:attachment":[{"href":"https:\/\/www.plico.es\/pt-pt\/wp-json\/wp\/v2\/media?parent=8392"}],"curies":[{"name":"wp","href":"https:\/\/api.w.org\/{rel}","templated":true}]}}