{"id":8435,"date":"2026-03-10T12:00:17","date_gmt":"2026-03-10T11:00:17","guid":{"rendered":"https:\/\/www.plico.es\/cristina-lopez-psicologa\/"},"modified":"2026-03-19T13:57:58","modified_gmt":"2026-03-19T12:57:58","slug":"cristina-lopez-psicologa","status":"publish","type":"page","link":"https:\/\/www.plico.es\/pt-pt\/cristina-lopez-psicologa\/","title":{"rendered":"Cristina L\u00f3pez, Psic\u00f3loga"},"content":{"rendered":"\t\t<div data-elementor-type=\"wp-page\" data-elementor-id=\"8435\" class=\"elementor elementor-8435 elementor-7956\" data-elementor-post-type=\"page\">\n\t\t\t\t\t\t<section class=\"elementor-section elementor-top-section elementor-element elementor-element-0b53b95 elementor-section-content-middle elementor-section-boxed elementor-section-height-default elementor-section-height-default\" data-id=\"0b53b95\" data-element_type=\"section\" data-e-type=\"section\" data-settings=\"{&quot;background_background&quot;:&quot;classic&quot;}\">\n\t\t\t\t\t\t\t<div class=\"elementor-background-overlay\"><\/div>\n\t\t\t\t\t\t\t<div class=\"elementor-container elementor-column-gap-no\">\n\t\t\t\t\t<div class=\"elementor-column elementor-col-100 elementor-top-column elementor-element elementor-element-990bba6\" data-id=\"990bba6\" data-element_type=\"column\" data-e-type=\"column\" data-settings=\"{&quot;background_background&quot;:&quot;classic&quot;}\">\n\t\t\t<div class=\"elementor-widget-wrap elementor-element-populated\">\n\t\t\t\t\t<div class=\"elementor-background-overlay\"><\/div>\n\t\t\t\t\t\t<section class=\"elementor-section elementor-inner-section elementor-element elementor-element-5e0a2dd elementor-section-content-top elementor-section-boxed elementor-section-height-default elementor-section-height-default\" data-id=\"5e0a2dd\" data-element_type=\"section\" data-e-type=\"section\">\n\t\t\t\t\t\t<div class=\"elementor-container elementor-column-gap-no\">\n\t\t\t\t\t<div class=\"elementor-column elementor-col-100 elementor-inner-column elementor-element elementor-element-3755c8e\" data-id=\"3755c8e\" data-element_type=\"column\" data-e-type=\"column\">\n\t\t\t<div class=\"elementor-widget-wrap elementor-element-populated\">\n\t\t\t\t\t\t<div class=\"elementor-element elementor-element-b4827a2 elementor-widget elementor-widget-heading\" data-id=\"b4827a2\" data-element_type=\"widget\" data-e-type=\"widget\" data-widget_type=\"heading.default\">\n\t\t\t\t<div class=\"elementor-widget-container\">\n\t\t\t\t\t<h2 class=\"elementor-heading-title elementor-size-default\">PESSOAS PLICO<\/h2>\t\t\t\t<\/div>\n\t\t\t\t<\/div>\n\t\t\t\t<div class=\"elementor-element elementor-element-f47018e elementor-widget elementor-widget-heading\" data-id=\"f47018e\" data-element_type=\"widget\" data-e-type=\"widget\" data-widget_type=\"heading.default\">\n\t\t\t\t<div class=\"elementor-widget-container\">\n\t\t\t\t\t<h3 class=\"elementor-heading-title elementor-size-default\">Cristina L\u00f3pez, Psic\u00f3loga<\/h3>\t\t\t\t<\/div>\n\t\t\t\t<\/div>\n\t\t\t\t\t<\/div>\n\t\t<\/div>\n\t\t\t\t\t<\/div>\n\t\t<\/section>\n\t\t\t\t<section class=\"elementor-section elementor-inner-section elementor-element elementor-element-7458626 elementor-section-boxed elementor-section-height-default elementor-section-height-default\" data-id=\"7458626\" data-element_type=\"section\" data-e-type=\"section\">\n\t\t\t\t\t\t<div class=\"elementor-container elementor-column-gap-default\">\n\t\t\t\t\t<div class=\"elementor-column elementor-col-50 elementor-inner-column elementor-element elementor-element-14f3ce2\" data-id=\"14f3ce2\" data-element_type=\"column\" data-e-type=\"column\">\n\t\t\t<div class=\"elementor-widget-wrap elementor-element-populated\">\n\t\t\t\t\t\t<div class=\"elementor-element elementor-element-a08bf20 elementor-widget elementor-widget-text-editor\" data-id=\"a08bf20\" data-element_type=\"widget\" data-e-type=\"widget\" data-widget_type=\"text-editor.default\">\n\t\t\t\t<div class=\"elementor-widget-container\">\n\t\t\t\t\t\t\t\t\t<p>Cristina \u00e9 Psic\u00f3loga, terapeuta da fala, psicoterapeuta e especialista em Mindfulness e t\u00e9cnicas emocionais. <\/p>\n\t\t\t\t\t\t\t\t<\/div>\n\t\t\t\t<\/div>\n\t\t\t\t\t<\/div>\n\t\t<\/div>\n\t\t\t\t<div class=\"elementor-column elementor-col-50 elementor-inner-column elementor-element elementor-element-ee4c11b\" data-id=\"ee4c11b\" data-element_type=\"column\" data-e-type=\"column\">\n\t\t\t<div class=\"elementor-widget-wrap\">\n\t\t\t\t\t\t\t<\/div>\n\t\t<\/div>\n\t\t\t\t\t<\/div>\n\t\t<\/section>\n\t\t\t\t<section class=\"elementor-section elementor-inner-section elementor-element elementor-element-5b5b053 elementor-section-boxed elementor-section-height-default elementor-section-height-default\" data-id=\"5b5b053\" data-element_type=\"section\" data-e-type=\"section\">\n\t\t\t\t\t\t<div class=\"elementor-container elementor-column-gap-default\">\n\t\t\t\t\t<div class=\"elementor-column elementor-col-100 elementor-inner-column elementor-element elementor-element-853d9a1\" data-id=\"853d9a1\" data-element_type=\"column\" data-e-type=\"column\">\n\t\t\t<div class=\"elementor-widget-wrap elementor-element-populated\">\n\t\t\t\t\t\t<div class=\"elementor-element elementor-element-3306ebe elementor-widget elementor-widget-heading\" data-id=\"3306ebe\" data-element_type=\"widget\" data-e-type=\"widget\" data-widget_type=\"heading.default\">\n\t\t\t\t<div class=\"elementor-widget-container\">\n\t\t\t\t\t<h3 class=\"elementor-heading-title elementor-size-default\">Os trabalhos manuais melhoram a concentra\u00e7\u00e3o e a paci\u00eancia das crian\u00e7as.<\/h3>\t\t\t\t<\/div>\n\t\t\t\t<\/div>\n\t\t\t\t\t<\/div>\n\t\t<\/div>\n\t\t\t\t\t<\/div>\n\t\t<\/section>\n\t\t\t\t<section class=\"elementor-section elementor-inner-section elementor-element elementor-element-0df9cd8 elementor-section-boxed elementor-section-height-default elementor-section-height-default\" data-id=\"0df9cd8\" data-element_type=\"section\" data-e-type=\"section\">\n\t\t\t\t\t\t<div class=\"elementor-container elementor-column-gap-default\">\n\t\t\t\t\t<div class=\"elementor-column elementor-col-50 elementor-inner-column elementor-element elementor-element-812b354\" data-id=\"812b354\" data-element_type=\"column\" data-e-type=\"column\">\n\t\t\t<div class=\"elementor-widget-wrap elementor-element-populated\">\n\t\t\t\t\t\t<div class=\"elementor-element elementor-element-8e7451c elementor-widget elementor-widget-text-editor\" data-id=\"8e7451c\" data-element_type=\"widget\" data-e-type=\"widget\" data-widget_type=\"text-editor.default\">\n\t\t\t\t<div class=\"elementor-widget-container\">\n\t\t\t\t\t\t\t\t\t<p class=\"p1\"><strong>Porque \u00e9 que os trabalhos manuais s\u00e3o t\u00e3o importantes na escola e nos primeiros anos de escolaridade?<\/strong><\/p>\n<p><\/p>\n<p class=\"p1\">Os trabalhos manuais ajudam a estimular a sua criatividade e aprendem a concentrar-se melhor, o que \u00e9 uma fun\u00e7\u00e3o cerebral importante para a aprendizagem.<\/p>\n<p><\/p>\n<p class=\"p1\">Permitem-lhes tamb\u00e9m exprimir emo\u00e7\u00f5es e melhorar as suas compet\u00eancias sociais quando trabalham em grupo.<\/p>\n<p><\/p>\n<p class=\"p1\"><strong>Que compet\u00eancias cognitivas s\u00e3o desenvolvidas quando se faz trabalhos manuais na inf\u00e2ncia?<\/strong><\/p>\n<p><\/p>\n<p class=\"p1\">Uma das compet\u00eancias mais importantes \u00e9 o treino da aten\u00e7\u00e3o e da mem\u00f3ria, atrav\u00e9s da aprendizagem de sequ\u00eancias e da sua reprodu\u00e7\u00e3o.<\/p>\n<p><\/p>\n<p class=\"p1\">Melhora tamb\u00e9m as suas fun\u00e7\u00f5es executivas, como o planeamento e a organiza\u00e7\u00e3o, bem como a realiza\u00e7\u00e3o de objetivos.<\/p>\n<p><\/p>\n<p class=\"p1\">A perce\u00e7\u00e3o visual e espacial \u00e9 tamb\u00e9m refor\u00e7ada pelo trabalho com diferentes formas, cores e materiais.<\/p>\n\t\t\t\t\t\t\t\t<\/div>\n\t\t\t\t<\/div>\n\t\t\t\t\t<\/div>\n\t\t<\/div>\n\t\t\t\t<div class=\"elementor-column elementor-col-50 elementor-inner-column elementor-element elementor-element-7dfb76e\" data-id=\"7dfb76e\" data-element_type=\"column\" data-e-type=\"column\">\n\t\t\t<div class=\"elementor-widget-wrap elementor-element-populated\">\n\t\t\t\t\t\t<div class=\"elementor-element elementor-element-8f4320c elementor-widget elementor-widget-text-editor\" data-id=\"8f4320c\" data-element_type=\"widget\" data-e-type=\"widget\" data-widget_type=\"text-editor.default\">\n\t\t\t\t<div class=\"elementor-widget-container\">\n\t\t\t\t\t\t\t\t\t<p class=\"p1\"><strong>Como \u00e9 que os trabalhos manuais ajudam no desenvolvimento emocional das crian\u00e7as?<\/strong><\/p>\n<p><\/p>\n<p class=\"p1\">\u00c9 uma ferramenta muito valiosa porque lhes permite exprimir espontaneamente emo\u00e7\u00f5es que muitas vezes ainda n\u00e3o conseguem designar ou verbalizar.<\/p>\n<p><\/p>\n<p class=\"p1\">Favorecem igualmente a regula\u00e7\u00e3o emocional gra\u00e7as a atividades que relaxam e aumentam a concentra\u00e7\u00e3o. Ensinam-nos tamb\u00e9m a lidar com a frustra\u00e7\u00e3o e a ser pacientes.<\/p>\n<p><\/p>\n<p class=\"p1\"><strong>Como \u00e9 que a utiliza\u00e7\u00e3o crescente da eletr\u00f3nica afeta os tempos livres das crian\u00e7as em idade escolar?<\/strong><\/p>\n<p><\/p>\n<p class=\"p1\">A influ\u00eancia do mundo digital \u00e9 inquestion\u00e1vel. Desde o in\u00edcio, as crian\u00e7as possuem esta intelig\u00eancia digital quase desde o nascimento, que rodeia o ambiente em que se desenvolvem. N\u00e3o sou tanto a favor da proibi\u00e7\u00e3o, mas sou a favor da educa\u00e7\u00e3o.<\/p>\n\t\t\t\t\t\t\t\t<\/div>\n\t\t\t\t<\/div>\n\t\t\t\t\t<\/div>\n\t\t<\/div>\n\t\t\t\t\t<\/div>\n\t\t<\/section>\n\t\t\t\t<section class=\"elementor-section elementor-inner-section elementor-element elementor-element-0f1e700 elementor-section-content-top elementor-section-boxed elementor-section-height-default elementor-section-height-default\" data-id=\"0f1e700\" data-element_type=\"section\" data-e-type=\"section\">\n\t\t\t\t\t\t<div class=\"elementor-container elementor-column-gap-no\">\n\t\t\t\t\t<div class=\"elementor-column elementor-col-100 elementor-inner-column elementor-element elementor-element-8e02d82\" data-id=\"8e02d82\" data-element_type=\"column\" data-e-type=\"column\">\n\t\t\t<div class=\"elementor-widget-wrap elementor-element-populated\">\n\t\t\t\t\t\t<div class=\"elementor-element elementor-element-b3fdd5c elementor-widget elementor-widget-image\" data-id=\"b3fdd5c\" data-element_type=\"widget\" data-e-type=\"widget\" data-widget_type=\"image.default\">\n\t\t\t\t<div class=\"elementor-widget-container\">\n\t\t\t\t\t\t\t\t\t\t\t\t\t\t\t<img fetchpriority=\"high\" decoding=\"async\" width=\"800\" height=\"555\" src=\"https:\/\/www.plico.es\/wp-content\/uploads\/2026\/03\/cristina-1024x710.jpg\" class=\"attachment-large size-large wp-image-8394\" alt=\"\" srcset=\"https:\/\/www.plico.es\/wp-content\/uploads\/2026\/03\/cristina-1024x710.jpg 1024w, https:\/\/www.plico.es\/wp-content\/uploads\/2026\/03\/cristina-300x208.jpg 300w, https:\/\/www.plico.es\/wp-content\/uploads\/2026\/03\/cristina-768x533.jpg 768w, https:\/\/www.plico.es\/wp-content\/uploads\/2026\/03\/cristina-1536x1066.jpg 1536w, https:\/\/www.plico.es\/wp-content\/uploads\/2026\/03\/cristina-800x555.jpg 800w, https:\/\/www.plico.es\/wp-content\/uploads\/2026\/03\/cristina-1000x694.jpg 1000w, https:\/\/www.plico.es\/wp-content\/uploads\/2026\/03\/cristina.jpg 1920w\" sizes=\"(max-width: 800px) 100vw, 800px\" \/>\t\t\t\t\t\t\t\t\t\t\t\t\t\t\t<\/div>\n\t\t\t\t<\/div>\n\t\t\t\t\t<\/div>\n\t\t<\/div>\n\t\t\t\t\t<\/div>\n\t\t<\/section>\n\t\t\t\t<section class=\"elementor-section elementor-inner-section elementor-element elementor-element-80e63cf elementor-section-boxed elementor-section-height-default elementor-section-height-default\" data-id=\"80e63cf\" data-element_type=\"section\" data-e-type=\"section\">\n\t\t\t\t\t\t<div class=\"elementor-container elementor-column-gap-default\">\n\t\t\t\t\t<div class=\"elementor-column elementor-col-50 elementor-inner-column elementor-element elementor-element-2558a94\" data-id=\"2558a94\" data-element_type=\"column\" data-e-type=\"column\">\n\t\t\t<div class=\"elementor-widget-wrap elementor-element-populated\">\n\t\t\t\t\t\t<div class=\"elementor-element elementor-element-f374596 elementor-widget elementor-widget-text-editor\" data-id=\"f374596\" data-element_type=\"widget\" data-e-type=\"widget\" data-widget_type=\"text-editor.default\">\n\t\t\t\t<div class=\"elementor-widget-container\">\n\t\t\t\t\t\t\t\t\t<p class=\"p1\">Por isso, \u00e9 muito importante controlar os tempos e momentos em que introduzimos o lazer digital e, acima de tudo, \u00e9 importante educar para a sua utiliza\u00e7\u00e3o.<\/p><br><p class=\"p1\">Abrir espa\u00e7os para a experimenta\u00e7\u00e3o, a curiosidade, o jogo e o desenvolvimento dos nossos sentidos \u00e9 fundamental para o nosso equil\u00edbrio, o nosso desenvolvimento e tamb\u00e9m para a nossa autonomia enquanto pessoas.<\/p>\t\t\t\t\t\t\t\t<\/div>\n\t\t\t\t<\/div>\n\t\t\t\t\t<\/div>\n\t\t<\/div>\n\t\t\t\t<div class=\"elementor-column elementor-col-50 elementor-inner-column elementor-element elementor-element-9fe467a\" data-id=\"9fe467a\" data-element_type=\"column\" data-e-type=\"column\">\n\t\t\t<div class=\"elementor-widget-wrap elementor-element-populated\">\n\t\t\t\t\t\t<div class=\"elementor-element elementor-element-a43748f elementor-widget elementor-widget-heading\" data-id=\"a43748f\" data-element_type=\"widget\" data-e-type=\"widget\" data-widget_type=\"heading.default\">\n\t\t\t\t<div class=\"elementor-widget-container\">\n\t\t\t\t\t<h2 class=\"elementor-heading-title elementor-size-default\">\u201cOs trabalhos manuais podem ajudar as crian\u00e7as que s\u00e3o t\u00edmidas ou que t\u00eam dificuldades de express\u00e3o verbal.\u201d<\/h2>\t\t\t\t<\/div>\n\t\t\t\t<\/div>\n\t\t\t\t\t<\/div>\n\t\t<\/div>\n\t\t\t\t\t<\/div>\n\t\t<\/section>\n\t\t\t\t\t<\/div>\n\t\t<\/div>\n\t\t\t\t\t<\/div>\n\t\t<\/section>\n\t\t\t\t<\/div>\n\t\t","protected":false},"excerpt":{"rendered":"<p>PESSOAS PLICO Cristina L\u00f3pez, Psic\u00f3loga Cristina \u00e9 Psic\u00f3loga, terapeuta da fala, psicoterapeuta e especialista em Mindfulness e t\u00e9cnicas emocionais. Os trabalhos manuais melhoram a concentra\u00e7\u00e3o e a paci\u00eancia das crian\u00e7as. Porque \u00e9 que os trabalhos manuais s\u00e3o t\u00e3o importantes na escola e nos primeiros anos de escolaridade? Os trabalhos manuais ajudam a estimular a sua [&hellip;]<\/p>\n","protected":false},"author":3,"featured_media":0,"parent":0,"menu_order":0,"comment_status":"closed","ping_status":"closed","template":"","meta":{"footnotes":""},"class_list":["post-8435","page","type-page","status-publish","hentry"],"yoast_head":"<!-- This site is optimized with the Yoast SEO plugin v27.5 - https:\/\/yoast.com\/product\/yoast-seo-wordpress\/ -->\n<title>Plico | Cristina L\u00f3pez, Psic\u00f3loga<\/title>\n<meta name=\"robots\" content=\"index, follow, max-snippet:-1, max-image-preview:large, max-video-preview:-1\" \/>\n<link rel=\"canonical\" href=\"https:\/\/www.plico.es\/pt-pt\/cristina-lopez-psicologa\/\" \/>\n<meta property=\"og:locale\" content=\"pt_PT\" \/>\n<meta property=\"og:type\" content=\"article\" \/>\n<meta property=\"og:title\" content=\"Plico | Cristina L\u00f3pez, Psic\u00f3loga\" \/>\n<meta property=\"og:description\" content=\"PESSOAS PLICO Cristina L\u00f3pez, Psic\u00f3loga Cristina \u00e9 Psic\u00f3loga, terapeuta da fala, psicoterapeuta e especialista em Mindfulness e t\u00e9cnicas emocionais. Os trabalhos manuais melhoram a concentra\u00e7\u00e3o e a paci\u00eancia das crian\u00e7as. Porque \u00e9 que os trabalhos manuais s\u00e3o t\u00e3o importantes na escola e nos primeiros anos de escolaridade? Os trabalhos manuais ajudam a estimular a sua [&hellip;]\" \/>\n<meta property=\"og:url\" content=\"https:\/\/www.plico.es\/pt-pt\/cristina-lopez-psicologa\/\" \/>\n<meta property=\"og:site_name\" content=\"Plico\" \/>\n<meta property=\"article:publisher\" content=\"https:\/\/www.facebook.com\/plico2017\/\" \/>\n<meta property=\"article:modified_time\" content=\"2026-03-19T12:57:58+00:00\" \/>\n<meta property=\"og:image\" content=\"https:\/\/www.plico.es\/wp-content\/uploads\/2026\/03\/cristina.jpg\" \/>\n\t<meta property=\"og:image:width\" content=\"1920\" \/>\n\t<meta property=\"og:image:height\" content=\"1332\" \/>\n\t<meta property=\"og:image:type\" content=\"image\/jpeg\" \/>\n<meta name=\"twitter:card\" content=\"summary_large_image\" \/>\n<meta name=\"twitter:label1\" content=\"Tempo estimado de leitura\" \/>\n\t<meta name=\"twitter:data1\" content=\"2 minutos\" \/>\n<script type=\"application\/ld+json\" class=\"yoast-schema-graph\">{\"@context\":\"https:\\\/\\\/schema.org\",\"@graph\":[{\"@type\":\"WebPage\",\"@id\":\"https:\\\/\\\/www.plico.es\\\/pt-pt\\\/cristina-lopez-psicologa\\\/\",\"url\":\"https:\\\/\\\/www.plico.es\\\/pt-pt\\\/cristina-lopez-psicologa\\\/\",\"name\":\"Plico | Cristina L\u00f3pez, Psic\u00f3loga\",\"isPartOf\":{\"@id\":\"https:\\\/\\\/www.plico.es\\\/pt-pt\\\/#website\"},\"primaryImageOfPage\":{\"@id\":\"https:\\\/\\\/www.plico.es\\\/pt-pt\\\/cristina-lopez-psicologa\\\/#primaryimage\"},\"image\":{\"@id\":\"https:\\\/\\\/www.plico.es\\\/pt-pt\\\/cristina-lopez-psicologa\\\/#primaryimage\"},\"thumbnailUrl\":\"https:\\\/\\\/www.plico.es\\\/wp-content\\\/uploads\\\/2026\\\/03\\\/cristina-1024x710.jpg\",\"datePublished\":\"2026-03-10T11:00:17+00:00\",\"dateModified\":\"2026-03-19T12:57:58+00:00\",\"breadcrumb\":{\"@id\":\"https:\\\/\\\/www.plico.es\\\/pt-pt\\\/cristina-lopez-psicologa\\\/#breadcrumb\"},\"inLanguage\":\"pt-PT\",\"potentialAction\":[{\"@type\":\"ReadAction\",\"target\":[\"https:\\\/\\\/www.plico.es\\\/pt-pt\\\/cristina-lopez-psicologa\\\/\"]}]},{\"@type\":\"ImageObject\",\"inLanguage\":\"pt-PT\",\"@id\":\"https:\\\/\\\/www.plico.es\\\/pt-pt\\\/cristina-lopez-psicologa\\\/#primaryimage\",\"url\":\"https:\\\/\\\/www.plico.es\\\/wp-content\\\/uploads\\\/2026\\\/03\\\/cristina-1024x710.jpg\",\"contentUrl\":\"https:\\\/\\\/www.plico.es\\\/wp-content\\\/uploads\\\/2026\\\/03\\\/cristina-1024x710.jpg\"},{\"@type\":\"BreadcrumbList\",\"@id\":\"https:\\\/\\\/www.plico.es\\\/pt-pt\\\/cristina-lopez-psicologa\\\/#breadcrumb\",\"itemListElement\":[{\"@type\":\"ListItem\",\"position\":1,\"name\":\"Portada\",\"item\":\"https:\\\/\\\/www.plico.es\\\/pt-pt\\\/\"},{\"@type\":\"ListItem\",\"position\":2,\"name\":\"Cristina L\u00f3pez, Psic\u00f3loga\"}]},{\"@type\":\"WebSite\",\"@id\":\"https:\\\/\\\/www.plico.es\\\/pt-pt\\\/#website\",\"url\":\"https:\\\/\\\/www.plico.es\\\/pt-pt\\\/\",\"name\":\"Plico\",\"description\":\"Expertos en Manualidades\",\"publisher\":{\"@id\":\"https:\\\/\\\/www.plico.es\\\/pt-pt\\\/#organization\"},\"alternateName\":\"Productos L\u00edderes Comercializados, S.A.\",\"potentialAction\":[{\"@type\":\"SearchAction\",\"target\":{\"@type\":\"EntryPoint\",\"urlTemplate\":\"https:\\\/\\\/www.plico.es\\\/pt-pt\\\/?s={search_term_string}\"},\"query-input\":{\"@type\":\"PropertyValueSpecification\",\"valueRequired\":true,\"valueName\":\"search_term_string\"}}],\"inLanguage\":\"pt-PT\"},{\"@type\":\"Organization\",\"@id\":\"https:\\\/\\\/www.plico.es\\\/pt-pt\\\/#organization\",\"name\":\"Plico\",\"alternateName\":\"Productos L\u00edderes Comercializados, S.A.\",\"url\":\"https:\\\/\\\/www.plico.es\\\/pt-pt\\\/\",\"logo\":{\"@type\":\"ImageObject\",\"inLanguage\":\"pt-PT\",\"@id\":\"https:\\\/\\\/www.plico.es\\\/pt-pt\\\/#\\\/schema\\\/logo\\\/image\\\/\",\"url\":\"https:\\\/\\\/www.plico.es\\\/wp-content\\\/uploads\\\/2022\\\/05\\\/logo_plico.png\",\"contentUrl\":\"https:\\\/\\\/www.plico.es\\\/wp-content\\\/uploads\\\/2022\\\/05\\\/logo_plico.png\",\"width\":400,\"height\":185,\"caption\":\"Plico\"},\"image\":{\"@id\":\"https:\\\/\\\/www.plico.es\\\/pt-pt\\\/#\\\/schema\\\/logo\\\/image\\\/\"},\"sameAs\":[\"https:\\\/\\\/www.facebook.com\\\/plico2017\\\/\",\"https:\\\/\\\/www.instagram.com\\\/plico_es\\\/\",\"https:\\\/\\\/www.youtube.com\\\/channel\\\/UCC1ygHF4QAP-CTLDlHMLs7g\"]}]}<\/script>\n<!-- \/ Yoast SEO plugin. -->","yoast_head_json":{"title":"Plico | Cristina L\u00f3pez, Psic\u00f3loga","robots":{"index":"index","follow":"follow","max-snippet":"max-snippet:-1","max-image-preview":"max-image-preview:large","max-video-preview":"max-video-preview:-1"},"canonical":"https:\/\/www.plico.es\/pt-pt\/cristina-lopez-psicologa\/","og_locale":"pt_PT","og_type":"article","og_title":"Plico | Cristina L\u00f3pez, Psic\u00f3loga","og_description":"PESSOAS PLICO Cristina L\u00f3pez, Psic\u00f3loga Cristina \u00e9 Psic\u00f3loga, terapeuta da fala, psicoterapeuta e especialista em Mindfulness e t\u00e9cnicas emocionais. Os trabalhos manuais melhoram a concentra\u00e7\u00e3o e a paci\u00eancia das crian\u00e7as. Porque \u00e9 que os trabalhos manuais s\u00e3o t\u00e3o importantes na escola e nos primeiros anos de escolaridade? Os trabalhos manuais ajudam a estimular a sua [&hellip;]","og_url":"https:\/\/www.plico.es\/pt-pt\/cristina-lopez-psicologa\/","og_site_name":"Plico","article_publisher":"https:\/\/www.facebook.com\/plico2017\/","article_modified_time":"2026-03-19T12:57:58+00:00","og_image":[{"width":1920,"height":1332,"url":"https:\/\/www.plico.es\/wp-content\/uploads\/2026\/03\/cristina.jpg","type":"image\/jpeg"}],"twitter_card":"summary_large_image","twitter_misc":{"Tempo estimado de leitura":"2 minutos"},"schema":{"@context":"https:\/\/schema.org","@graph":[{"@type":"WebPage","@id":"https:\/\/www.plico.es\/pt-pt\/cristina-lopez-psicologa\/","url":"https:\/\/www.plico.es\/pt-pt\/cristina-lopez-psicologa\/","name":"Plico | Cristina L\u00f3pez, Psic\u00f3loga","isPartOf":{"@id":"https:\/\/www.plico.es\/pt-pt\/#website"},"primaryImageOfPage":{"@id":"https:\/\/www.plico.es\/pt-pt\/cristina-lopez-psicologa\/#primaryimage"},"image":{"@id":"https:\/\/www.plico.es\/pt-pt\/cristina-lopez-psicologa\/#primaryimage"},"thumbnailUrl":"https:\/\/www.plico.es\/wp-content\/uploads\/2026\/03\/cristina-1024x710.jpg","datePublished":"2026-03-10T11:00:17+00:00","dateModified":"2026-03-19T12:57:58+00:00","breadcrumb":{"@id":"https:\/\/www.plico.es\/pt-pt\/cristina-lopez-psicologa\/#breadcrumb"},"inLanguage":"pt-PT","potentialAction":[{"@type":"ReadAction","target":["https:\/\/www.plico.es\/pt-pt\/cristina-lopez-psicologa\/"]}]},{"@type":"ImageObject","inLanguage":"pt-PT","@id":"https:\/\/www.plico.es\/pt-pt\/cristina-lopez-psicologa\/#primaryimage","url":"https:\/\/www.plico.es\/wp-content\/uploads\/2026\/03\/cristina-1024x710.jpg","contentUrl":"https:\/\/www.plico.es\/wp-content\/uploads\/2026\/03\/cristina-1024x710.jpg"},{"@type":"BreadcrumbList","@id":"https:\/\/www.plico.es\/pt-pt\/cristina-lopez-psicologa\/#breadcrumb","itemListElement":[{"@type":"ListItem","position":1,"name":"Portada","item":"https:\/\/www.plico.es\/pt-pt\/"},{"@type":"ListItem","position":2,"name":"Cristina L\u00f3pez, Psic\u00f3loga"}]},{"@type":"WebSite","@id":"https:\/\/www.plico.es\/pt-pt\/#website","url":"https:\/\/www.plico.es\/pt-pt\/","name":"Plico","description":"Expertos en Manualidades","publisher":{"@id":"https:\/\/www.plico.es\/pt-pt\/#organization"},"alternateName":"Productos L\u00edderes Comercializados, S.A.","potentialAction":[{"@type":"SearchAction","target":{"@type":"EntryPoint","urlTemplate":"https:\/\/www.plico.es\/pt-pt\/?s={search_term_string}"},"query-input":{"@type":"PropertyValueSpecification","valueRequired":true,"valueName":"search_term_string"}}],"inLanguage":"pt-PT"},{"@type":"Organization","@id":"https:\/\/www.plico.es\/pt-pt\/#organization","name":"Plico","alternateName":"Productos L\u00edderes Comercializados, S.A.","url":"https:\/\/www.plico.es\/pt-pt\/","logo":{"@type":"ImageObject","inLanguage":"pt-PT","@id":"https:\/\/www.plico.es\/pt-pt\/#\/schema\/logo\/image\/","url":"https:\/\/www.plico.es\/wp-content\/uploads\/2022\/05\/logo_plico.png","contentUrl":"https:\/\/www.plico.es\/wp-content\/uploads\/2022\/05\/logo_plico.png","width":400,"height":185,"caption":"Plico"},"image":{"@id":"https:\/\/www.plico.es\/pt-pt\/#\/schema\/logo\/image\/"},"sameAs":["https:\/\/www.facebook.com\/plico2017\/","https:\/\/www.instagram.com\/plico_es\/","https:\/\/www.youtube.com\/channel\/UCC1ygHF4QAP-CTLDlHMLs7g"]}]}},"_links":{"self":[{"href":"https:\/\/www.plico.es\/pt-pt\/wp-json\/wp\/v2\/pages\/8435","targetHints":{"allow":["GET"]}}],"collection":[{"href":"https:\/\/www.plico.es\/pt-pt\/wp-json\/wp\/v2\/pages"}],"about":[{"href":"https:\/\/www.plico.es\/pt-pt\/wp-json\/wp\/v2\/types\/page"}],"author":[{"embeddable":true,"href":"https:\/\/www.plico.es\/pt-pt\/wp-json\/wp\/v2\/users\/3"}],"replies":[{"embeddable":true,"href":"https:\/\/www.plico.es\/pt-pt\/wp-json\/wp\/v2\/comments?post=8435"}],"version-history":[{"count":1,"href":"https:\/\/www.plico.es\/pt-pt\/wp-json\/wp\/v2\/pages\/8435\/revisions"}],"predecessor-version":[{"id":8436,"href":"https:\/\/www.plico.es\/pt-pt\/wp-json\/wp\/v2\/pages\/8435\/revisions\/8436"}],"wp:attachment":[{"href":"https:\/\/www.plico.es\/pt-pt\/wp-json\/wp\/v2\/media?parent=8435"}],"curies":[{"name":"wp","href":"https:\/\/api.w.org\/{rel}","templated":true}]}}