{"id":3713,"date":"2022-05-25T12:04:59","date_gmt":"2022-05-25T10:04:59","guid":{"rendered":"https:\/\/www.plico.es\/producto\/blu-tack-branco-em-quadrados\/"},"modified":"2026-03-19T15:24:54","modified_gmt":"2026-03-19T14:24:54","slug":"blu-tack-branco-em-quadrados","status":"publish","type":"product","link":"https:\/\/www.plico.es\/pt-pt\/producto\/blu-tack-branco-em-quadrados\/","title":{"rendered":"Blu-Tack branco"},"content":{"rendered":"\t\t<div data-elementor-type=\"product-post\" data-elementor-id=\"3713\" class=\"elementor elementor-3713 elementor-745\" data-elementor-post-type=\"product\">\n\t\t\t\t\t\t<section class=\"elementor-section elementor-top-section elementor-element elementor-element-d7976e5 elementor-section-boxed elementor-section-height-default elementor-section-height-default\" data-id=\"d7976e5\" data-element_type=\"section\" data-e-type=\"section\">\n\t\t\t\t\t\t<div class=\"elementor-container elementor-column-gap-no\">\n\t\t\t\t\t<div class=\"elementor-column elementor-col-100 elementor-top-column elementor-element elementor-element-738b36d\" data-id=\"738b36d\" data-element_type=\"column\" data-e-type=\"column\">\n\t\t\t<div class=\"elementor-widget-wrap elementor-element-populated\">\n\t\t\t\t\t\t<div class=\"elementor-element elementor-element-8034de4 elementor-widget elementor-widget-image\" data-id=\"8034de4\" data-element_type=\"widget\" data-e-type=\"widget\" data-widget_type=\"image.default\">\n\t\t\t\t<div class=\"elementor-widget-container\">\n\t\t\t\t\t\t\t\t\t\t\t\t\t\t\t<img decoding=\"async\" data-src=\"https:\/\/www.plico.es\/wp-content\/uploads\/2022\/05\/bg_blutack_26.jpg\" title=\"bg_blutack_26\" alt=\"bg_blutack_26\" src=\"data:image\/svg+xml;base64,PHN2ZyB3aWR0aD0iMSIgaGVpZ2h0PSIxIiB4bWxucz0iaHR0cDovL3d3dy53My5vcmcvMjAwMC9zdmciPjwvc3ZnPg==\" class=\"lazyload\" style=\"--smush-placeholder-width: 1800px; --smush-placeholder-aspect-ratio: 1800\/659;\" \/>\t\t\t\t\t\t\t\t\t\t\t\t\t\t\t<\/div>\n\t\t\t\t<\/div>\n\t\t\t\t\t<\/div>\n\t\t<\/div>\n\t\t\t\t\t<\/div>\n\t\t<\/section>\n\t\t\t\t<section class=\"elementor-section elementor-top-section elementor-element elementor-element-25d6fb6 elementor-section-boxed elementor-section-height-default elementor-section-height-default\" data-id=\"25d6fb6\" data-element_type=\"section\" data-e-type=\"section\">\n\t\t\t\t\t\t<div class=\"elementor-container elementor-column-gap-default\">\n\t\t\t\t\t<div class=\"elementor-column elementor-col-100 elementor-top-column elementor-element elementor-element-9a14326\" data-id=\"9a14326\" data-element_type=\"column\" data-e-type=\"column\">\n\t\t\t<div class=\"elementor-widget-wrap elementor-element-populated\">\n\t\t\t\t\t\t<section class=\"elementor-section elementor-inner-section elementor-element elementor-element-34164d1 elementor-section-boxed elementor-section-height-default elementor-section-height-default\" data-id=\"34164d1\" data-element_type=\"section\" data-e-type=\"section\">\n\t\t\t\t\t\t<div class=\"elementor-container elementor-column-gap-default\">\n\t\t\t\t\t<div class=\"elementor-column elementor-col-50 elementor-inner-column elementor-element elementor-element-41d379d\" data-id=\"41d379d\" data-element_type=\"column\" data-e-type=\"column\">\n\t\t\t<div class=\"elementor-widget-wrap elementor-element-populated\">\n\t\t\t\t\t\t<div class=\"elementor-element elementor-element-97f0e5c elementor-widget elementor-widget-heading\" data-id=\"97f0e5c\" data-element_type=\"widget\" data-e-type=\"widget\" data-widget_type=\"heading.default\">\n\t\t\t\t<div class=\"elementor-widget-container\">\n\t\t\t\t\t<h2 class=\"elementor-heading-title elementor-size-default\">GAMA DE PRODUTOS<\/h2>\t\t\t\t<\/div>\n\t\t\t\t<\/div>\n\t\t\t\t<div class=\"elementor-element elementor-element-cfd91a3 elementor-widget elementor-widget-shortcode\" data-id=\"cfd91a3\" data-element_type=\"widget\" data-e-type=\"widget\" data-widget_type=\"shortcode.default\">\n\t\t\t\t<div class=\"elementor-widget-container\">\n\t\t\t\t\t\t\t<div class=\"elementor-shortcode\">\n<table id=\"tablepress-2\" class=\"tablepress tablepress-id-2\">\n<thead>\n<tr class=\"row-1\">\n\t<th class=\"column-1\">Ref.<\/th><th class=\"column-2\">Color<\/th><th class=\"column-3\">Cantidad<\/th><th class=\"column-4\">EAN<\/th><th class=\"column-5\">Uds.\/Caja<\/th>\n<\/tr>\n<\/thead>\n<tbody>\n<tr class=\"row-2\">\n\t<td class=\"column-1\">1689<\/td><td class=\"column-2\">azul<\/td><td class=\"column-3\">45 g.<\/td><td class=\"column-4\">8412663660330<\/td><td class=\"column-5\">12 uds.<\/td>\n<\/tr>\n<tr class=\"row-3\">\n\t<td class=\"column-1\">1690<\/td><td class=\"column-2\">azul<\/td><td class=\"column-3\">90 g.<\/td><td class=\"column-4\">8412663105923<\/td><td class=\"column-5\">12 uds.<\/td>\n<\/tr>\n<tr class=\"row-4\">\n\t<td class=\"column-1\">1739<\/td><td class=\"column-2\">blanco<\/td><td class=\"column-3\">45 g.<\/td><td class=\"column-4\">8412663660378<\/td><td class=\"column-5\">12 uds.<\/td>\n<\/tr>\n<tr class=\"row-5\">\n\t<td class=\"column-1\">1740<\/td><td class=\"column-2\">rosa<\/td><td class=\"column-3\">45 g.<\/td><td class=\"column-4\">8412663304586<\/td><td class=\"column-5\">12 uds.<\/td>\n<\/tr>\n<\/tbody>\n<\/table>\n<!-- #tablepress-2 from cache --><\/div>\n\t\t\t\t\t\t<\/div>\n\t\t\t\t<\/div>\n\t\t\t\t\t<\/div>\n\t\t<\/div>\n\t\t\t\t<div class=\"elementor-column elementor-col-50 elementor-inner-column elementor-element elementor-element-7236025\" data-id=\"7236025\" data-element_type=\"column\" data-e-type=\"column\">\n\t\t\t<div class=\"elementor-widget-wrap\">\n\t\t\t\t\t\t\t<\/div>\n\t\t<\/div>\n\t\t\t\t\t<\/div>\n\t\t<\/section>\n\t\t\t\t<section class=\"elementor-section elementor-inner-section elementor-element elementor-element-0e0b996 elementor-section-boxed elementor-section-height-default elementor-section-height-default\" data-id=\"0e0b996\" data-element_type=\"section\" data-e-type=\"section\">\n\t\t\t\t\t\t<div class=\"elementor-container elementor-column-gap-default\">\n\t\t\t\t\t<div class=\"elementor-column elementor-col-50 elementor-inner-column elementor-element elementor-element-9e1613c\" data-id=\"9e1613c\" data-element_type=\"column\" data-e-type=\"column\">\n\t\t\t<div class=\"elementor-widget-wrap elementor-element-populated\">\n\t\t\t\t\t\t<div class=\"elementor-element elementor-element-3689cb4 elementor-widget elementor-widget-heading\" data-id=\"3689cb4\" data-element_type=\"widget\" data-e-type=\"widget\" data-widget_type=\"heading.default\">\n\t\t\t\t<div class=\"elementor-widget-container\">\n\t\t\t\t\t<h2 class=\"elementor-heading-title elementor-size-default\">Download<\/h2>\t\t\t\t<\/div>\n\t\t\t\t<\/div>\n\t\t\t\t<div class=\"elementor-element elementor-element-8c3c384 elementor-widget__width-auto elementor-widget elementor-widget-text-editor\" data-id=\"8c3c384\" data-element_type=\"widget\" data-e-type=\"widget\" data-widget_type=\"text-editor.default\">\n\t\t\t\t<div class=\"elementor-widget-container\">\n\t\t\t\t\t\t\t\t\t<p>Ficha T\u00e9cnica<\/p>\n\t\t\t\t\t\t\t\t<\/div>\n\t\t\t\t<\/div>\n\t\t\t\t<div class=\"elementor-element elementor-element-df25768 elementor-widget elementor-widget-button\" data-id=\"df25768\" data-element_type=\"widget\" data-e-type=\"widget\" data-widget_type=\"button.default\">\n\t\t\t\t<div class=\"elementor-widget-container\">\n\t\t\t\t\t\t\t\t\t<div class=\"elementor-button-wrapper\">\n\t\t\t\t\t<a class=\"elementor-button elementor-button-link elementor-size-sm\" href=\"https:\/\/www.plico.es\/wp-content\/uploads\/2026\/03\/FT_BLUTACK_PT.pdf\" target=\"_blank\">\n\t\t\t\t\t\t<span class=\"elementor-button-content-wrapper\">\n\t\t\t\t\t\t\t\t\t<span class=\"elementor-button-text\">download<\/span>\n\t\t\t\t\t<\/span>\n\t\t\t\t\t<\/a>\n\t\t\t\t<\/div>\n\t\t\t\t\t\t\t\t<\/div>\n\t\t\t\t<\/div>\n\t\t\t\t\t<\/div>\n\t\t<\/div>\n\t\t\t\t<div class=\"elementor-column elementor-col-50 elementor-inner-column elementor-element elementor-element-4bb79d0\" data-id=\"4bb79d0\" data-element_type=\"column\" data-e-type=\"column\">\n\t\t\t<div class=\"elementor-widget-wrap\">\n\t\t\t\t\t\t\t<\/div>\n\t\t<\/div>\n\t\t\t\t\t<\/div>\n\t\t<\/section>\n\t\t\t\t\t<\/div>\n\t\t<\/div>\n\t\t\t\t\t<\/div>\n\t\t<\/section>\n\t\t\t\t<\/div>\n\t\t","protected":false},"excerpt":{"rendered":"<p>Ref. 1739<br \/>\nMassa adesiva mold\u00e1vel e reutiliz\u00e1vel, recomendada para a fixa\u00e7\u00e3o de todo o tipo de objetos.<br \/>\nMuito \u00fatil para fixar cartazes, fotografias, ornamentos, letras, etc. Em casa, na escola e no ateli\u00ea.<br \/>\n55 g.<\/p>\n<p>&nbsp;<\/p>\n<p><strong>Aplica\u00e7\u00f5es<\/strong><\/p>\n<ul>\n<li>Fixa\u00e7\u00e3o de cartazes, postais, desenhos de crian\u00e7as, mapas, mensagens, etc.<\/li>\n<li>Fixa\u00e7\u00e3o de objetos decorativos, bal\u00f5es, grinaldas\u2026<\/li>\n<li>Fixa\u00e7\u00e3o de pequenos objetos de mesa, objetos em prateleiras, fixa\u00e7\u00e3o de trabalhos de modelismo durante a colagem ou pintura, etc.<\/li>\n<li>Fixa\u00e7\u00e3o de flores e velas nos seus suportes de mesa. Prepara\u00e7\u00e3o de arranjos florais.<\/li>\n<li>Limpeza de cot\u00e3o de tecidos, teclados de computador, carris de comboio e pistas de corrida (modelismo).<\/li>\n<\/ul>\n","protected":false},"featured_media":7737,"comment_status":"closed","ping_status":"closed","template":"","meta":[],"product_brand":[],"product_cat":[63],"product_tag":[],"class_list":{"0":"post-3713","1":"product","2":"type-product","3":"status-publish","4":"has-post-thumbnail","6":"product_cat-blu-tack-pt-pt","8":"first","9":"instock","10":"shipping-taxable","11":"product-type-simple"},"yoast_head":"<!-- This site is optimized with the Yoast SEO plugin v27.4 - https:\/\/yoast.com\/product\/yoast-seo-wordpress\/ -->\n<title>Plico | Blu-Tack branco<\/title>\n<meta name=\"robots\" content=\"index, follow, max-snippet:-1, max-image-preview:large, max-video-preview:-1\" \/>\n<link rel=\"canonical\" href=\"https:\/\/www.plico.es\/pt-pt\/producto\/blu-tack-branco-em-quadrados\/\" \/>\n<meta property=\"og:locale\" content=\"pt_PT\" \/>\n<meta property=\"og:type\" content=\"article\" \/>\n<meta property=\"og:title\" content=\"Plico | Blu-Tack branco\" \/>\n<meta property=\"og:description\" content=\"Ref. 1739 Massa adesiva mold\u00e1vel e reutiliz\u00e1vel, recomendada para a fixa\u00e7\u00e3o de todo o tipo de objetos. Muito \u00fatil para fixar cartazes, fotografias, ornamentos, letras, etc. Em casa, na escola e no ateli\u00ea. 55 g.  &nbsp;  Aplica\u00e7\u00f5es   Fixa\u00e7\u00e3o de cartazes, postais, desenhos de crian\u00e7as, mapas, mensagens, etc.  Fixa\u00e7\u00e3o de objetos decorativos, bal\u00f5es, grinaldas\u2026  Fixa\u00e7\u00e3o de pequenos objetos de mesa, objetos em prateleiras, fixa\u00e7\u00e3o de trabalhos de modelismo durante a colagem ou pintura, etc.  Fixa\u00e7\u00e3o de flores e velas nos seus suportes de mesa. Prepara\u00e7\u00e3o de arranjos florais.  Limpeza de cot\u00e3o de tecidos, teclados de computador, carris de comboio e pistas de corrida (modelismo).\" \/>\n<meta property=\"og:url\" content=\"https:\/\/www.plico.es\/pt-pt\/producto\/blu-tack-branco-em-quadrados\/\" \/>\n<meta property=\"og:site_name\" content=\"Plico\" \/>\n<meta property=\"article:publisher\" content=\"https:\/\/www.facebook.com\/plico2017\/\" \/>\n<meta property=\"article:modified_time\" content=\"2026-03-19T14:24:54+00:00\" \/>\n<meta property=\"og:image\" content=\"https:\/\/www.plico.es\/wp-content\/uploads\/2022\/05\/blu-tack_blanco26.png\" \/>\n\t<meta property=\"og:image:width\" content=\"1200\" \/>\n\t<meta property=\"og:image:height\" content=\"1500\" \/>\n\t<meta property=\"og:image:type\" content=\"image\/png\" \/>\n<meta name=\"twitter:card\" content=\"summary_large_image\" \/>\n<meta name=\"twitter:label1\" content=\"Tempo estimado de leitura\" \/>\n\t<meta name=\"twitter:data1\" content=\"1 minuto\" \/>\n<script type=\"application\/ld+json\" class=\"yoast-schema-graph\">{\"@context\":\"https:\\\/\\\/schema.org\",\"@graph\":[{\"@type\":\"WebPage\",\"@id\":\"https:\\\/\\\/www.plico.es\\\/pt-pt\\\/producto\\\/blu-tack-branco-em-quadrados\\\/\",\"url\":\"https:\\\/\\\/www.plico.es\\\/pt-pt\\\/producto\\\/blu-tack-branco-em-quadrados\\\/\",\"name\":\"Plico | Blu-Tack branco\",\"isPartOf\":{\"@id\":\"https:\\\/\\\/www.plico.es\\\/pt-pt\\\/#website\"},\"primaryImageOfPage\":{\"@id\":\"https:\\\/\\\/www.plico.es\\\/pt-pt\\\/producto\\\/blu-tack-branco-em-quadrados\\\/#primaryimage\"},\"image\":{\"@id\":\"https:\\\/\\\/www.plico.es\\\/pt-pt\\\/producto\\\/blu-tack-branco-em-quadrados\\\/#primaryimage\"},\"thumbnailUrl\":\"https:\\\/\\\/www.plico.es\\\/wp-content\\\/uploads\\\/2022\\\/05\\\/blu-tack_blanco26.png\",\"datePublished\":\"2022-05-25T10:04:59+00:00\",\"dateModified\":\"2026-03-19T14:24:54+00:00\",\"breadcrumb\":{\"@id\":\"https:\\\/\\\/www.plico.es\\\/pt-pt\\\/producto\\\/blu-tack-branco-em-quadrados\\\/#breadcrumb\"},\"inLanguage\":\"pt-PT\",\"potentialAction\":[{\"@type\":\"ReadAction\",\"target\":[\"https:\\\/\\\/www.plico.es\\\/pt-pt\\\/producto\\\/blu-tack-branco-em-quadrados\\\/\"]}]},{\"@type\":\"ImageObject\",\"inLanguage\":\"pt-PT\",\"@id\":\"https:\\\/\\\/www.plico.es\\\/pt-pt\\\/producto\\\/blu-tack-branco-em-quadrados\\\/#primaryimage\",\"url\":\"https:\\\/\\\/www.plico.es\\\/wp-content\\\/uploads\\\/2022\\\/05\\\/blu-tack_blanco26.png\",\"contentUrl\":\"https:\\\/\\\/www.plico.es\\\/wp-content\\\/uploads\\\/2022\\\/05\\\/blu-tack_blanco26.png\",\"width\":1200,\"height\":1500},{\"@type\":\"BreadcrumbList\",\"@id\":\"https:\\\/\\\/www.plico.es\\\/pt-pt\\\/producto\\\/blu-tack-branco-em-quadrados\\\/#breadcrumb\",\"itemListElement\":[{\"@type\":\"ListItem\",\"position\":1,\"name\":\"Portada\",\"item\":\"https:\\\/\\\/www.plico.es\\\/pt-pt\\\/\"},{\"@type\":\"ListItem\",\"position\":2,\"name\":\"Shop\",\"item\":\"https:\\\/\\\/www.plico.es\\\/pt-pt\\\/shop\\\/\"},{\"@type\":\"ListItem\",\"position\":3,\"name\":\"Blu-Tack branco\"}]},{\"@type\":\"WebSite\",\"@id\":\"https:\\\/\\\/www.plico.es\\\/pt-pt\\\/#website\",\"url\":\"https:\\\/\\\/www.plico.es\\\/pt-pt\\\/\",\"name\":\"Plico\",\"description\":\"Expertos en Manualidades\",\"publisher\":{\"@id\":\"https:\\\/\\\/www.plico.es\\\/pt-pt\\\/#organization\"},\"alternateName\":\"Productos L\u00edderes Comercializados, S.A.\",\"potentialAction\":[{\"@type\":\"SearchAction\",\"target\":{\"@type\":\"EntryPoint\",\"urlTemplate\":\"https:\\\/\\\/www.plico.es\\\/pt-pt\\\/?s={search_term_string}\"},\"query-input\":{\"@type\":\"PropertyValueSpecification\",\"valueRequired\":true,\"valueName\":\"search_term_string\"}}],\"inLanguage\":\"pt-PT\"},{\"@type\":\"Organization\",\"@id\":\"https:\\\/\\\/www.plico.es\\\/pt-pt\\\/#organization\",\"name\":\"Plico\",\"alternateName\":\"Productos L\u00edderes Comercializados, S.A.\",\"url\":\"https:\\\/\\\/www.plico.es\\\/pt-pt\\\/\",\"logo\":{\"@type\":\"ImageObject\",\"inLanguage\":\"pt-PT\",\"@id\":\"https:\\\/\\\/www.plico.es\\\/pt-pt\\\/#\\\/schema\\\/logo\\\/image\\\/\",\"url\":\"https:\\\/\\\/www.plico.es\\\/wp-content\\\/uploads\\\/2022\\\/05\\\/logo_plico.png\",\"contentUrl\":\"https:\\\/\\\/www.plico.es\\\/wp-content\\\/uploads\\\/2022\\\/05\\\/logo_plico.png\",\"width\":400,\"height\":185,\"caption\":\"Plico\"},\"image\":{\"@id\":\"https:\\\/\\\/www.plico.es\\\/pt-pt\\\/#\\\/schema\\\/logo\\\/image\\\/\"},\"sameAs\":[\"https:\\\/\\\/www.facebook.com\\\/plico2017\\\/\",\"https:\\\/\\\/www.instagram.com\\\/plico_es\\\/\",\"https:\\\/\\\/www.youtube.com\\\/channel\\\/UCC1ygHF4QAP-CTLDlHMLs7g\"]}]}<\/script>\n<!-- \/ Yoast SEO plugin. -->","yoast_head_json":{"title":"Plico | Blu-Tack branco","robots":{"index":"index","follow":"follow","max-snippet":"max-snippet:-1","max-image-preview":"max-image-preview:large","max-video-preview":"max-video-preview:-1"},"canonical":"https:\/\/www.plico.es\/pt-pt\/producto\/blu-tack-branco-em-quadrados\/","og_locale":"pt_PT","og_type":"article","og_title":"Plico | Blu-Tack branco","og_description":"Ref. 1739 Massa adesiva mold\u00e1vel e reutiliz\u00e1vel, recomendada para a fixa\u00e7\u00e3o de todo o tipo de objetos. Muito \u00fatil para fixar cartazes, fotografias, ornamentos, letras, etc. Em casa, na escola e no ateli\u00ea. 55 g.  &nbsp;  Aplica\u00e7\u00f5es   Fixa\u00e7\u00e3o de cartazes, postais, desenhos de crian\u00e7as, mapas, mensagens, etc.  Fixa\u00e7\u00e3o de objetos decorativos, bal\u00f5es, grinaldas\u2026  Fixa\u00e7\u00e3o de pequenos objetos de mesa, objetos em prateleiras, fixa\u00e7\u00e3o de trabalhos de modelismo durante a colagem ou pintura, etc.  Fixa\u00e7\u00e3o de flores e velas nos seus suportes de mesa. Prepara\u00e7\u00e3o de arranjos florais.  Limpeza de cot\u00e3o de tecidos, teclados de computador, carris de comboio e pistas de corrida (modelismo).","og_url":"https:\/\/www.plico.es\/pt-pt\/producto\/blu-tack-branco-em-quadrados\/","og_site_name":"Plico","article_publisher":"https:\/\/www.facebook.com\/plico2017\/","article_modified_time":"2026-03-19T14:24:54+00:00","og_image":[{"width":1200,"height":1500,"url":"https:\/\/www.plico.es\/wp-content\/uploads\/2022\/05\/blu-tack_blanco26.png","type":"image\/png"}],"twitter_card":"summary_large_image","twitter_misc":{"Tempo estimado de leitura":"1 minuto"},"schema":{"@context":"https:\/\/schema.org","@graph":[{"@type":"WebPage","@id":"https:\/\/www.plico.es\/pt-pt\/producto\/blu-tack-branco-em-quadrados\/","url":"https:\/\/www.plico.es\/pt-pt\/producto\/blu-tack-branco-em-quadrados\/","name":"Plico | Blu-Tack branco","isPartOf":{"@id":"https:\/\/www.plico.es\/pt-pt\/#website"},"primaryImageOfPage":{"@id":"https:\/\/www.plico.es\/pt-pt\/producto\/blu-tack-branco-em-quadrados\/#primaryimage"},"image":{"@id":"https:\/\/www.plico.es\/pt-pt\/producto\/blu-tack-branco-em-quadrados\/#primaryimage"},"thumbnailUrl":"https:\/\/www.plico.es\/wp-content\/uploads\/2022\/05\/blu-tack_blanco26.png","datePublished":"2022-05-25T10:04:59+00:00","dateModified":"2026-03-19T14:24:54+00:00","breadcrumb":{"@id":"https:\/\/www.plico.es\/pt-pt\/producto\/blu-tack-branco-em-quadrados\/#breadcrumb"},"inLanguage":"pt-PT","potentialAction":[{"@type":"ReadAction","target":["https:\/\/www.plico.es\/pt-pt\/producto\/blu-tack-branco-em-quadrados\/"]}]},{"@type":"ImageObject","inLanguage":"pt-PT","@id":"https:\/\/www.plico.es\/pt-pt\/producto\/blu-tack-branco-em-quadrados\/#primaryimage","url":"https:\/\/www.plico.es\/wp-content\/uploads\/2022\/05\/blu-tack_blanco26.png","contentUrl":"https:\/\/www.plico.es\/wp-content\/uploads\/2022\/05\/blu-tack_blanco26.png","width":1200,"height":1500},{"@type":"BreadcrumbList","@id":"https:\/\/www.plico.es\/pt-pt\/producto\/blu-tack-branco-em-quadrados\/#breadcrumb","itemListElement":[{"@type":"ListItem","position":1,"name":"Portada","item":"https:\/\/www.plico.es\/pt-pt\/"},{"@type":"ListItem","position":2,"name":"Shop","item":"https:\/\/www.plico.es\/pt-pt\/shop\/"},{"@type":"ListItem","position":3,"name":"Blu-Tack branco"}]},{"@type":"WebSite","@id":"https:\/\/www.plico.es\/pt-pt\/#website","url":"https:\/\/www.plico.es\/pt-pt\/","name":"Plico","description":"Expertos en Manualidades","publisher":{"@id":"https:\/\/www.plico.es\/pt-pt\/#organization"},"alternateName":"Productos L\u00edderes Comercializados, S.A.","potentialAction":[{"@type":"SearchAction","target":{"@type":"EntryPoint","urlTemplate":"https:\/\/www.plico.es\/pt-pt\/?s={search_term_string}"},"query-input":{"@type":"PropertyValueSpecification","valueRequired":true,"valueName":"search_term_string"}}],"inLanguage":"pt-PT"},{"@type":"Organization","@id":"https:\/\/www.plico.es\/pt-pt\/#organization","name":"Plico","alternateName":"Productos L\u00edderes Comercializados, S.A.","url":"https:\/\/www.plico.es\/pt-pt\/","logo":{"@type":"ImageObject","inLanguage":"pt-PT","@id":"https:\/\/www.plico.es\/pt-pt\/#\/schema\/logo\/image\/","url":"https:\/\/www.plico.es\/wp-content\/uploads\/2022\/05\/logo_plico.png","contentUrl":"https:\/\/www.plico.es\/wp-content\/uploads\/2022\/05\/logo_plico.png","width":400,"height":185,"caption":"Plico"},"image":{"@id":"https:\/\/www.plico.es\/pt-pt\/#\/schema\/logo\/image\/"},"sameAs":["https:\/\/www.facebook.com\/plico2017\/","https:\/\/www.instagram.com\/plico_es\/","https:\/\/www.youtube.com\/channel\/UCC1ygHF4QAP-CTLDlHMLs7g"]}]}},"_links":{"self":[{"href":"https:\/\/www.plico.es\/pt-pt\/wp-json\/wp\/v2\/product\/3713","targetHints":{"allow":["GET"]}}],"collection":[{"href":"https:\/\/www.plico.es\/pt-pt\/wp-json\/wp\/v2\/product"}],"about":[{"href":"https:\/\/www.plico.es\/pt-pt\/wp-json\/wp\/v2\/types\/product"}],"replies":[{"embeddable":true,"href":"https:\/\/www.plico.es\/pt-pt\/wp-json\/wp\/v2\/comments?post=3713"}],"version-history":[{"count":13,"href":"https:\/\/www.plico.es\/pt-pt\/wp-json\/wp\/v2\/product\/3713\/revisions"}],"predecessor-version":[{"id":8454,"href":"https:\/\/www.plico.es\/pt-pt\/wp-json\/wp\/v2\/product\/3713\/revisions\/8454"}],"wp:featuredmedia":[{"embeddable":true,"href":"https:\/\/www.plico.es\/pt-pt\/wp-json\/wp\/v2\/media\/7737"}],"wp:attachment":[{"href":"https:\/\/www.plico.es\/pt-pt\/wp-json\/wp\/v2\/media?parent=3713"}],"wp:term":[{"taxonomy":"product_brand","embeddable":true,"href":"https:\/\/www.plico.es\/pt-pt\/wp-json\/wp\/v2\/product_brand?post=3713"},{"taxonomy":"product_cat","embeddable":true,"href":"https:\/\/www.plico.es\/pt-pt\/wp-json\/wp\/v2\/product_cat?post=3713"},{"taxonomy":"product_tag","embeddable":true,"href":"https:\/\/www.plico.es\/pt-pt\/wp-json\/wp\/v2\/product_tag?post=3713"}],"curies":[{"name":"wp","href":"https:\/\/api.w.org\/{rel}","templated":true}]}}