{"id":3757,"date":"2022-06-09T16:57:44","date_gmt":"2022-06-09T14:57:44","guid":{"rendered":"https:\/\/www.plico.es\/producto\/cola-termofusivel-max-xl-12-un\/"},"modified":"2024-10-18T14:05:47","modified_gmt":"2024-10-18T12:05:47","slug":"cola-termofusivel-max-xl-12-un","status":"publish","type":"product","link":"https:\/\/www.plico.es\/pt-pt\/producto\/cola-termofusivel-max-xl-12-un\/","title":{"rendered":"Cola Termofus\u00edvel MAX-XL 12 un."},"content":{"rendered":"\t\t<div data-elementor-type=\"product-post\" data-elementor-id=\"3757\" class=\"elementor elementor-3757 elementor-1103\" data-elementor-post-type=\"product\">\n\t\t\t\t\t\t<section class=\"elementor-section elementor-top-section elementor-element elementor-element-0310941 elementor-section-boxed elementor-section-height-default elementor-section-height-default\" data-id=\"0310941\" data-element_type=\"section\" data-e-type=\"section\">\n\t\t\t\t\t\t<div class=\"elementor-container elementor-column-gap-default\">\n\t\t\t\t\t<div class=\"elementor-column elementor-col-100 elementor-top-column elementor-element elementor-element-93d0d65\" data-id=\"93d0d65\" data-element_type=\"column\" data-e-type=\"column\">\n\t\t\t<div class=\"elementor-widget-wrap elementor-element-populated\">\n\t\t\t\t\t\t<section class=\"elementor-section elementor-inner-section elementor-element elementor-element-6f6b43f elementor-section-boxed elementor-section-height-default elementor-section-height-default\" data-id=\"6f6b43f\" data-element_type=\"section\" data-e-type=\"section\">\n\t\t\t\t\t\t<div class=\"elementor-container elementor-column-gap-default\">\n\t\t\t\t\t<div class=\"elementor-column elementor-col-50 elementor-inner-column elementor-element elementor-element-30bea79\" data-id=\"30bea79\" data-element_type=\"column\" data-e-type=\"column\">\n\t\t\t<div class=\"elementor-widget-wrap elementor-element-populated\">\n\t\t\t\t\t\t<div class=\"elementor-element elementor-element-1114ba9 elementor-widget elementor-widget-heading\" data-id=\"1114ba9\" data-element_type=\"widget\" data-e-type=\"widget\" data-widget_type=\"heading.default\">\n\t\t\t\t<div class=\"elementor-widget-container\">\n\t\t\t\t\t<h2 class=\"elementor-heading-title elementor-size-default\">GAMA DE PRODUTOS<\/h2>\t\t\t\t<\/div>\n\t\t\t\t<\/div>\n\t\t\t\t<div class=\"elementor-element elementor-element-4c4e52d elementor-widget elementor-widget-shortcode\" data-id=\"4c4e52d\" data-element_type=\"widget\" data-e-type=\"widget\" data-widget_type=\"shortcode.default\">\n\t\t\t\t<div class=\"elementor-widget-container\">\n\t\t\t\t\t\t\t<div class=\"elementor-shortcode\">\n<table id=\"tablepress-16\" class=\"tablepress tablepress-id-16\">\n<thead>\n<tr class=\"row-1\">\n\t<th class=\"column-1\">Ref.<\/th><th class=\"column-2\">Descripci\u00f3n<\/th><th class=\"column-3\">EAN<\/th><th class=\"column-4\">Uds.\/Caja<\/th>\n<\/tr>\n<\/thead>\n<tbody>\n<tr class=\"row-2\">\n\t<td class=\"column-1\">1642<\/td><td class=\"column-2\">Pistola Encoladora MAX 60 W<\/td><td class=\"column-3\">8437013133425<\/td><td class=\"column-4\">4 uds.<\/td>\n<\/tr>\n<tr class=\"row-3\">\n\t<td class=\"column-1\">1643<\/td><td class=\"column-2\">Cola Termofusible MAX, \u00d8 11,5 mm ( 12 uds.)<\/td><td class=\"column-3\">8437013133432<\/td><td class=\"column-4\">10 uds.<\/td>\n<\/tr>\n<tr class=\"row-4\">\n\t<td class=\"column-1\">1644<\/td><td class=\"column-2\">Cola Termofusible MAX-XL, 200 mm x \u00d8 11,5 mm ( 24 uds.)<\/td><td class=\"column-3\">8437013133814<\/td><td class=\"column-4\">5 uds.<\/td>\n<\/tr>\n<tr class=\"row-5\">\n\t<td class=\"column-1\">1645<\/td><td class=\"column-2\">Cola Termofusible MAX-XL, 200 mm x \u00d8 11,5 mm ( 12 uds.)<\/td><td class=\"column-3\">8437013133951<\/td><td class=\"column-4\">10 uds.<\/td>\n<\/tr>\n<tr class=\"row-6\">\n\t<td class=\"column-1\">1652<\/td><td class=\"column-2\">Pistola Encoladora MAX PRO 100 W<\/td><td class=\"column-3\">8437013133562<\/td><td class=\"column-4\">1 ud.<\/td>\n<\/tr>\n<tr class=\"row-7\">\n\t<td class=\"column-1\">1670<\/td><td class=\"column-2\">Boquilla recambio Alta Precisi\u00f3n \u00d8 1,5 mm<\/td><td class=\"column-3\">8437013133616<\/td><td class=\"column-4\">1 ud.<\/td>\n<\/tr>\n<tr class=\"row-8\">\n\t<td class=\"column-1\">1671<\/td><td class=\"column-2\">Boquilla recambio D\u00edficil Acceso \u00d8 3,2 mm<\/td><td class=\"column-3\">8437013133623<\/td><td class=\"column-4\">1 ud.<\/td>\n<\/tr>\n<tr class=\"row-9\">\n\t<td class=\"column-1\">1672<\/td><td class=\"column-2\">Boquilla recambio Aplicaci\u00f3n Extensiva \u00d8 5,0 mm<\/td><td class=\"column-3\">8437013133630<\/td><td class=\"column-4\">1 ud.<\/td>\n<\/tr>\n<tr class=\"row-10\">\n\t<td class=\"column-1\">1653<\/td><td class=\"column-2\">Cola Termofusible MAX-XL Alta Resistencia, 200 mm x \u00d8 11,5 mm (12 uds.)<\/td><td class=\"column-3\">8437013133579<\/td><td class=\"column-4\">10 uds.<\/td>\n<\/tr>\n<tr class=\"row-11\">\n\t<td class=\"column-1\">1654<\/td><td class=\"column-2\">Cola Termofusible MAX-XL Alta Resistencia, 200 mm x \u00d8 11,5 mm (24 uds.)<\/td><td class=\"column-3\">8437013133586<\/td><td class=\"column-4\">5 uds.<\/td>\n<\/tr>\n<tr class=\"row-12\">\n\t<td class=\"column-1\">1656<\/td><td class=\"column-2\">Cola Termofusible MAX-XL 80% RECICLADA,  \u00d8 11,5 mm (12 uds.)<\/td><td class=\"column-3\">8437013133722<\/td><td class=\"column-4\">10 uds.<\/td>\n<\/tr>\n<\/tbody>\n<\/table>\n<!-- #tablepress-16 from cache --><\/div>\n\t\t\t\t\t\t<\/div>\n\t\t\t\t<\/div>\n\t\t\t\t\t<\/div>\n\t\t<\/div>\n\t\t\t\t<div class=\"elementor-column elementor-col-50 elementor-inner-column elementor-element elementor-element-02265cb\" data-id=\"02265cb\" data-element_type=\"column\" data-e-type=\"column\">\n\t\t\t<div class=\"elementor-widget-wrap\">\n\t\t\t\t\t\t\t<\/div>\n\t\t<\/div>\n\t\t\t\t\t<\/div>\n\t\t<\/section>\n\t\t\t\t<section class=\"elementor-section elementor-inner-section elementor-element elementor-element-16fe206 elementor-section-boxed elementor-section-height-default elementor-section-height-default\" data-id=\"16fe206\" data-element_type=\"section\" data-e-type=\"section\">\n\t\t\t\t\t\t<div class=\"elementor-container elementor-column-gap-default\">\n\t\t\t\t\t<div class=\"elementor-column elementor-col-50 elementor-inner-column elementor-element elementor-element-90b4429\" data-id=\"90b4429\" data-element_type=\"column\" data-e-type=\"column\">\n\t\t\t<div class=\"elementor-widget-wrap elementor-element-populated\">\n\t\t\t\t\t\t<div class=\"elementor-element elementor-element-76d131e elementor-widget elementor-widget-heading\" data-id=\"76d131e\" data-element_type=\"widget\" data-e-type=\"widget\" data-widget_type=\"heading.default\">\n\t\t\t\t<div class=\"elementor-widget-container\">\n\t\t\t\t\t<h2 class=\"elementor-heading-title elementor-size-default\">Download<\/h2>\t\t\t\t<\/div>\n\t\t\t\t<\/div>\n\t\t\t\t<div class=\"elementor-element elementor-element-e6a03c0 elementor-widget__width-auto elementor-widget elementor-widget-text-editor\" data-id=\"e6a03c0\" data-element_type=\"widget\" data-e-type=\"widget\" data-widget_type=\"text-editor.default\">\n\t\t\t\t<div class=\"elementor-widget-container\">\n\t\t\t\t\t\t\t\t\t<p>Ficha T\u00e9cnica&nbsp;<\/p>\n\t\t\t\t\t\t\t\t<\/div>\n\t\t\t\t<\/div>\n\t\t\t\t<div class=\"elementor-element elementor-element-7351144 elementor-widget elementor-widget-button\" data-id=\"7351144\" data-element_type=\"widget\" data-e-type=\"widget\" data-widget_type=\"button.default\">\n\t\t\t\t<div class=\"elementor-widget-container\">\n\t\t\t\t\t\t\t\t\t<div class=\"elementor-button-wrapper\">\n\t\t\t\t\t<a class=\"elementor-button elementor-button-link elementor-size-sm\" href=\"https:\/\/www.plico.es\/wp-content\/uploads\/2024\/09\/FT_COLA-TERMOFUSIVEL-MAX_PT.pdf\" target=\"_blank\">\n\t\t\t\t\t\t<span class=\"elementor-button-content-wrapper\">\n\t\t\t\t\t\t\t\t\t<span class=\"elementor-button-text\">download<\/span>\n\t\t\t\t\t<\/span>\n\t\t\t\t\t<\/a>\n\t\t\t\t<\/div>\n\t\t\t\t\t\t\t\t<\/div>\n\t\t\t\t<\/div>\n\t\t\t\t\t<\/div>\n\t\t<\/div>\n\t\t\t\t<div class=\"elementor-column elementor-col-50 elementor-inner-column elementor-element elementor-element-4303a70\" data-id=\"4303a70\" data-element_type=\"column\" data-e-type=\"column\">\n\t\t\t<div class=\"elementor-widget-wrap\">\n\t\t\t\t\t\t\t<\/div>\n\t\t<\/div>\n\t\t\t\t\t<\/div>\n\t\t<\/section>\n\t\t\t\t\t<\/div>\n\t\t<\/div>\n\t\t\t\t\t<\/div>\n\t\t<\/section>\n\t\t\t\t<\/div>\n\t\t","protected":false},"excerpt":{"rendered":"<p>Ref. 1645<br \/>\nNova apresenta\u00e7\u00e3o numa caixa de cart\u00e3o. 12 barras termofus\u00edveis de 11,5 mm de di\u00e2metro para pistola MAX.<br \/>\n20 cent\u00edmetros de comprimento para um trabalho mais intensivo e com menos recargas. <\/p>\n","protected":false},"featured_media":6515,"comment_status":"closed","ping_status":"closed","template":"","meta":[],"product_brand":[],"product_cat":[70],"product_tag":[],"class_list":{"0":"post-3757","1":"product","2":"type-product","3":"status-publish","4":"has-post-thumbnail","6":"product_cat-max-pt-pt","8":"first","9":"instock","10":"shipping-taxable","11":"product-type-simple"},"yoast_head":"<!-- This site is optimized with the Yoast SEO plugin v27.3 - https:\/\/yoast.com\/product\/yoast-seo-wordpress\/ -->\n<title>Plico | Cola Termofus\u00edvel MAX-XL 12 un.<\/title>\n<meta name=\"robots\" content=\"index, follow, max-snippet:-1, max-image-preview:large, max-video-preview:-1\" \/>\n<link rel=\"canonical\" href=\"https:\/\/www.plico.es\/pt-pt\/producto\/cola-termofusivel-max-xl-12-un\/\" \/>\n<meta property=\"og:locale\" content=\"pt_PT\" \/>\n<meta property=\"og:type\" content=\"article\" \/>\n<meta property=\"og:title\" content=\"Plico | Cola Termofus\u00edvel MAX-XL 12 un.\" \/>\n<meta property=\"og:description\" content=\"Ref. 1645 Nova apresenta\u00e7\u00e3o numa caixa de cart\u00e3o. 12 barras termofus\u00edveis de 11,5 mm de di\u00e2metro para pistola MAX.  20 cent\u00edmetros de comprimento para um trabalho mais intensivo e com menos recargas.\" \/>\n<meta property=\"og:url\" content=\"https:\/\/www.plico.es\/pt-pt\/producto\/cola-termofusivel-max-xl-12-un\/\" \/>\n<meta property=\"og:site_name\" content=\"Plico\" \/>\n<meta property=\"article:publisher\" content=\"https:\/\/www.facebook.com\/plico2017\/\" \/>\n<meta property=\"article:modified_time\" content=\"2024-10-18T12:05:47+00:00\" \/>\n<meta property=\"og:image\" content=\"https:\/\/www.plico.es\/wp-content\/uploads\/2022\/06\/colamaxXL12_new.png\" \/>\n\t<meta property=\"og:image:width\" content=\"1500\" \/>\n\t<meta property=\"og:image:height\" content=\"1500\" \/>\n\t<meta property=\"og:image:type\" content=\"image\/png\" \/>\n<meta name=\"twitter:card\" content=\"summary_large_image\" \/>\n<script type=\"application\/ld+json\" class=\"yoast-schema-graph\">{\"@context\":\"https:\\\/\\\/schema.org\",\"@graph\":[{\"@type\":\"WebPage\",\"@id\":\"https:\\\/\\\/www.plico.es\\\/pt-pt\\\/producto\\\/cola-termofusivel-max-xl-12-un\\\/\",\"url\":\"https:\\\/\\\/www.plico.es\\\/pt-pt\\\/producto\\\/cola-termofusivel-max-xl-12-un\\\/\",\"name\":\"Plico | Cola Termofus\u00edvel MAX-XL 12 un.\",\"isPartOf\":{\"@id\":\"https:\\\/\\\/www.plico.es\\\/pt-pt\\\/#website\"},\"primaryImageOfPage\":{\"@id\":\"https:\\\/\\\/www.plico.es\\\/pt-pt\\\/producto\\\/cola-termofusivel-max-xl-12-un\\\/#primaryimage\"},\"image\":{\"@id\":\"https:\\\/\\\/www.plico.es\\\/pt-pt\\\/producto\\\/cola-termofusivel-max-xl-12-un\\\/#primaryimage\"},\"thumbnailUrl\":\"https:\\\/\\\/www.plico.es\\\/wp-content\\\/uploads\\\/2022\\\/06\\\/colamaxXL12_new.png\",\"datePublished\":\"2022-06-09T14:57:44+00:00\",\"dateModified\":\"2024-10-18T12:05:47+00:00\",\"breadcrumb\":{\"@id\":\"https:\\\/\\\/www.plico.es\\\/pt-pt\\\/producto\\\/cola-termofusivel-max-xl-12-un\\\/#breadcrumb\"},\"inLanguage\":\"pt-PT\",\"potentialAction\":[{\"@type\":\"ReadAction\",\"target\":[\"https:\\\/\\\/www.plico.es\\\/pt-pt\\\/producto\\\/cola-termofusivel-max-xl-12-un\\\/\"]}]},{\"@type\":\"ImageObject\",\"inLanguage\":\"pt-PT\",\"@id\":\"https:\\\/\\\/www.plico.es\\\/pt-pt\\\/producto\\\/cola-termofusivel-max-xl-12-un\\\/#primaryimage\",\"url\":\"https:\\\/\\\/www.plico.es\\\/wp-content\\\/uploads\\\/2022\\\/06\\\/colamaxXL12_new.png\",\"contentUrl\":\"https:\\\/\\\/www.plico.es\\\/wp-content\\\/uploads\\\/2022\\\/06\\\/colamaxXL12_new.png\",\"width\":1500,\"height\":1500},{\"@type\":\"BreadcrumbList\",\"@id\":\"https:\\\/\\\/www.plico.es\\\/pt-pt\\\/producto\\\/cola-termofusivel-max-xl-12-un\\\/#breadcrumb\",\"itemListElement\":[{\"@type\":\"ListItem\",\"position\":1,\"name\":\"Portada\",\"item\":\"https:\\\/\\\/www.plico.es\\\/pt-pt\\\/\"},{\"@type\":\"ListItem\",\"position\":2,\"name\":\"Shop\",\"item\":\"https:\\\/\\\/www.plico.es\\\/pt-pt\\\/shop\\\/\"},{\"@type\":\"ListItem\",\"position\":3,\"name\":\"Cola Termofus\u00edvel MAX-XL 12 un.\"}]},{\"@type\":\"WebSite\",\"@id\":\"https:\\\/\\\/www.plico.es\\\/pt-pt\\\/#website\",\"url\":\"https:\\\/\\\/www.plico.es\\\/pt-pt\\\/\",\"name\":\"Plico\",\"description\":\"Expertos en Manualidades\",\"publisher\":{\"@id\":\"https:\\\/\\\/www.plico.es\\\/pt-pt\\\/#organization\"},\"alternateName\":\"Productos L\u00edderes Comercializados, S.A.\",\"potentialAction\":[{\"@type\":\"SearchAction\",\"target\":{\"@type\":\"EntryPoint\",\"urlTemplate\":\"https:\\\/\\\/www.plico.es\\\/pt-pt\\\/?s={search_term_string}\"},\"query-input\":{\"@type\":\"PropertyValueSpecification\",\"valueRequired\":true,\"valueName\":\"search_term_string\"}}],\"inLanguage\":\"pt-PT\"},{\"@type\":\"Organization\",\"@id\":\"https:\\\/\\\/www.plico.es\\\/pt-pt\\\/#organization\",\"name\":\"Plico\",\"alternateName\":\"Productos L\u00edderes Comercializados, S.A.\",\"url\":\"https:\\\/\\\/www.plico.es\\\/pt-pt\\\/\",\"logo\":{\"@type\":\"ImageObject\",\"inLanguage\":\"pt-PT\",\"@id\":\"https:\\\/\\\/www.plico.es\\\/pt-pt\\\/#\\\/schema\\\/logo\\\/image\\\/\",\"url\":\"https:\\\/\\\/www.plico.es\\\/wp-content\\\/uploads\\\/2022\\\/05\\\/logo_plico.png\",\"contentUrl\":\"https:\\\/\\\/www.plico.es\\\/wp-content\\\/uploads\\\/2022\\\/05\\\/logo_plico.png\",\"width\":400,\"height\":185,\"caption\":\"Plico\"},\"image\":{\"@id\":\"https:\\\/\\\/www.plico.es\\\/pt-pt\\\/#\\\/schema\\\/logo\\\/image\\\/\"},\"sameAs\":[\"https:\\\/\\\/www.facebook.com\\\/plico2017\\\/\",\"https:\\\/\\\/www.instagram.com\\\/plico_es\\\/\",\"https:\\\/\\\/www.youtube.com\\\/channel\\\/UCC1ygHF4QAP-CTLDlHMLs7g\"]}]}<\/script>\n<!-- \/ Yoast SEO plugin. -->","yoast_head_json":{"title":"Plico | Cola Termofus\u00edvel MAX-XL 12 un.","robots":{"index":"index","follow":"follow","max-snippet":"max-snippet:-1","max-image-preview":"max-image-preview:large","max-video-preview":"max-video-preview:-1"},"canonical":"https:\/\/www.plico.es\/pt-pt\/producto\/cola-termofusivel-max-xl-12-un\/","og_locale":"pt_PT","og_type":"article","og_title":"Plico | Cola Termofus\u00edvel MAX-XL 12 un.","og_description":"Ref. 1645 Nova apresenta\u00e7\u00e3o numa caixa de cart\u00e3o. 12 barras termofus\u00edveis de 11,5 mm de di\u00e2metro para pistola MAX.  20 cent\u00edmetros de comprimento para um trabalho mais intensivo e com menos recargas.","og_url":"https:\/\/www.plico.es\/pt-pt\/producto\/cola-termofusivel-max-xl-12-un\/","og_site_name":"Plico","article_publisher":"https:\/\/www.facebook.com\/plico2017\/","article_modified_time":"2024-10-18T12:05:47+00:00","og_image":[{"width":1500,"height":1500,"url":"https:\/\/www.plico.es\/wp-content\/uploads\/2022\/06\/colamaxXL12_new.png","type":"image\/png"}],"twitter_card":"summary_large_image","schema":{"@context":"https:\/\/schema.org","@graph":[{"@type":"WebPage","@id":"https:\/\/www.plico.es\/pt-pt\/producto\/cola-termofusivel-max-xl-12-un\/","url":"https:\/\/www.plico.es\/pt-pt\/producto\/cola-termofusivel-max-xl-12-un\/","name":"Plico | Cola Termofus\u00edvel MAX-XL 12 un.","isPartOf":{"@id":"https:\/\/www.plico.es\/pt-pt\/#website"},"primaryImageOfPage":{"@id":"https:\/\/www.plico.es\/pt-pt\/producto\/cola-termofusivel-max-xl-12-un\/#primaryimage"},"image":{"@id":"https:\/\/www.plico.es\/pt-pt\/producto\/cola-termofusivel-max-xl-12-un\/#primaryimage"},"thumbnailUrl":"https:\/\/www.plico.es\/wp-content\/uploads\/2022\/06\/colamaxXL12_new.png","datePublished":"2022-06-09T14:57:44+00:00","dateModified":"2024-10-18T12:05:47+00:00","breadcrumb":{"@id":"https:\/\/www.plico.es\/pt-pt\/producto\/cola-termofusivel-max-xl-12-un\/#breadcrumb"},"inLanguage":"pt-PT","potentialAction":[{"@type":"ReadAction","target":["https:\/\/www.plico.es\/pt-pt\/producto\/cola-termofusivel-max-xl-12-un\/"]}]},{"@type":"ImageObject","inLanguage":"pt-PT","@id":"https:\/\/www.plico.es\/pt-pt\/producto\/cola-termofusivel-max-xl-12-un\/#primaryimage","url":"https:\/\/www.plico.es\/wp-content\/uploads\/2022\/06\/colamaxXL12_new.png","contentUrl":"https:\/\/www.plico.es\/wp-content\/uploads\/2022\/06\/colamaxXL12_new.png","width":1500,"height":1500},{"@type":"BreadcrumbList","@id":"https:\/\/www.plico.es\/pt-pt\/producto\/cola-termofusivel-max-xl-12-un\/#breadcrumb","itemListElement":[{"@type":"ListItem","position":1,"name":"Portada","item":"https:\/\/www.plico.es\/pt-pt\/"},{"@type":"ListItem","position":2,"name":"Shop","item":"https:\/\/www.plico.es\/pt-pt\/shop\/"},{"@type":"ListItem","position":3,"name":"Cola Termofus\u00edvel MAX-XL 12 un."}]},{"@type":"WebSite","@id":"https:\/\/www.plico.es\/pt-pt\/#website","url":"https:\/\/www.plico.es\/pt-pt\/","name":"Plico","description":"Expertos en Manualidades","publisher":{"@id":"https:\/\/www.plico.es\/pt-pt\/#organization"},"alternateName":"Productos L\u00edderes Comercializados, S.A.","potentialAction":[{"@type":"SearchAction","target":{"@type":"EntryPoint","urlTemplate":"https:\/\/www.plico.es\/pt-pt\/?s={search_term_string}"},"query-input":{"@type":"PropertyValueSpecification","valueRequired":true,"valueName":"search_term_string"}}],"inLanguage":"pt-PT"},{"@type":"Organization","@id":"https:\/\/www.plico.es\/pt-pt\/#organization","name":"Plico","alternateName":"Productos L\u00edderes Comercializados, S.A.","url":"https:\/\/www.plico.es\/pt-pt\/","logo":{"@type":"ImageObject","inLanguage":"pt-PT","@id":"https:\/\/www.plico.es\/pt-pt\/#\/schema\/logo\/image\/","url":"https:\/\/www.plico.es\/wp-content\/uploads\/2022\/05\/logo_plico.png","contentUrl":"https:\/\/www.plico.es\/wp-content\/uploads\/2022\/05\/logo_plico.png","width":400,"height":185,"caption":"Plico"},"image":{"@id":"https:\/\/www.plico.es\/pt-pt\/#\/schema\/logo\/image\/"},"sameAs":["https:\/\/www.facebook.com\/plico2017\/","https:\/\/www.instagram.com\/plico_es\/","https:\/\/www.youtube.com\/channel\/UCC1ygHF4QAP-CTLDlHMLs7g"]}]}},"_links":{"self":[{"href":"https:\/\/www.plico.es\/pt-pt\/wp-json\/wp\/v2\/product\/3757","targetHints":{"allow":["GET"]}}],"collection":[{"href":"https:\/\/www.plico.es\/pt-pt\/wp-json\/wp\/v2\/product"}],"about":[{"href":"https:\/\/www.plico.es\/pt-pt\/wp-json\/wp\/v2\/types\/product"}],"replies":[{"embeddable":true,"href":"https:\/\/www.plico.es\/pt-pt\/wp-json\/wp\/v2\/comments?post=3757"}],"version-history":[{"count":12,"href":"https:\/\/www.plico.es\/pt-pt\/wp-json\/wp\/v2\/product\/3757\/revisions"}],"predecessor-version":[{"id":6830,"href":"https:\/\/www.plico.es\/pt-pt\/wp-json\/wp\/v2\/product\/3757\/revisions\/6830"}],"wp:featuredmedia":[{"embeddable":true,"href":"https:\/\/www.plico.es\/pt-pt\/wp-json\/wp\/v2\/media\/6515"}],"wp:attachment":[{"href":"https:\/\/www.plico.es\/pt-pt\/wp-json\/wp\/v2\/media?parent=3757"}],"wp:term":[{"taxonomy":"product_brand","embeddable":true,"href":"https:\/\/www.plico.es\/pt-pt\/wp-json\/wp\/v2\/product_brand?post=3757"},{"taxonomy":"product_cat","embeddable":true,"href":"https:\/\/www.plico.es\/pt-pt\/wp-json\/wp\/v2\/product_cat?post=3757"},{"taxonomy":"product_tag","embeddable":true,"href":"https:\/\/www.plico.es\/pt-pt\/wp-json\/wp\/v2\/product_tag?post=3757"}],"curies":[{"name":"wp","href":"https:\/\/api.w.org\/{rel}","templated":true}]}}