{"id":3771,"date":"2022-06-09T16:49:51","date_gmt":"2022-06-09T14:49:51","guid":{"rendered":"https:\/\/www.plico.es\/producto\/cola-termofusivel-mini-fluo\/"},"modified":"2024-10-21T10:57:13","modified_gmt":"2024-10-21T08:57:13","slug":"cola-termofusivel-mini-fluo","status":"publish","type":"product","link":"https:\/\/www.plico.es\/pt-pt\/producto\/cola-termofusivel-mini-fluo\/","title":{"rendered":"Cola Termofus\u00edvel MINI Fluo"},"content":{"rendered":"\t\t<div data-elementor-type=\"product-post\" data-elementor-id=\"3771\" class=\"elementor elementor-3771 elementor-1091\" data-elementor-post-type=\"product\">\n\t\t\t\t\t\t<section class=\"elementor-section elementor-top-section elementor-element elementor-element-e69adc7 elementor-section-boxed elementor-section-height-default elementor-section-height-default\" data-id=\"e69adc7\" data-element_type=\"section\" data-e-type=\"section\">\n\t\t\t\t\t\t<div class=\"elementor-container elementor-column-gap-default\">\n\t\t\t\t\t<div class=\"elementor-column elementor-col-100 elementor-top-column elementor-element elementor-element-ac6d388\" data-id=\"ac6d388\" data-element_type=\"column\" data-e-type=\"column\">\n\t\t\t<div class=\"elementor-widget-wrap elementor-element-populated\">\n\t\t\t\t\t\t<section class=\"elementor-section elementor-inner-section elementor-element elementor-element-d606273 elementor-section-boxed elementor-section-height-default elementor-section-height-default\" data-id=\"d606273\" data-element_type=\"section\" data-e-type=\"section\">\n\t\t\t\t\t\t<div class=\"elementor-container elementor-column-gap-default\">\n\t\t\t\t\t<div class=\"elementor-column elementor-col-50 elementor-inner-column elementor-element elementor-element-065364f\" data-id=\"065364f\" data-element_type=\"column\" data-e-type=\"column\">\n\t\t\t<div class=\"elementor-widget-wrap elementor-element-populated\">\n\t\t\t\t\t\t<div class=\"elementor-element elementor-element-50251d0 elementor-widget elementor-widget-heading\" data-id=\"50251d0\" data-element_type=\"widget\" data-e-type=\"widget\" data-widget_type=\"heading.default\">\n\t\t\t\t<div class=\"elementor-widget-container\">\n\t\t\t\t\t<h2 class=\"elementor-heading-title elementor-size-default\">GAMA DE PRODUTOS<\/h2>\t\t\t\t<\/div>\n\t\t\t\t<\/div>\n\t\t\t\t<div class=\"elementor-element elementor-element-4ce8b43 elementor-widget elementor-widget-shortcode\" data-id=\"4ce8b43\" data-element_type=\"widget\" data-e-type=\"widget\" data-widget_type=\"shortcode.default\">\n\t\t\t\t<div class=\"elementor-widget-container\">\n\t\t\t\t\t\t\t<div class=\"elementor-shortcode\">\n<table id=\"tablepress-15\" class=\"tablepress tablepress-id-15\">\n<thead>\n<tr class=\"row-1\">\n\t<th class=\"column-1\">Ref.<\/th><th class=\"column-2\">Descripci\u00f3n<\/th><th class=\"column-3\">EAN<\/th><th class=\"column-4\">Uds.\/Caja<\/th>\n<\/tr>\n<\/thead>\n<tbody>\n<tr class=\"row-2\">\n\t<td class=\"column-1\">1640<\/td><td class=\"column-2\">Pistola  Encoladora  MINI 25 W<\/td><td class=\"column-3\">8437013133005<\/td><td class=\"column-4\">6 uds.<\/td>\n<\/tr>\n<tr class=\"row-3\">\n\t<td class=\"column-1\">1660<\/td><td class=\"column-2\">Pistola Encoladora MINI con bater\u00eda 10 W<\/td><td class=\"column-3\">8437013133692<\/td><td class=\"column-4\">6 uds.<\/td>\n<\/tr>\n<tr class=\"row-4\">\n\t<td class=\"column-1\">1641<\/td><td class=\"column-2\">Cola Termofusible MINI, \u00d8 8 mm ( 22 uds.)<\/td><td class=\"column-3\">8437013133012<\/td><td class=\"column-4\">10 uds.<\/td>\n<\/tr>\n<tr class=\"row-5\">\n\t<td class=\"column-1\">1638<\/td><td class=\"column-2\">Cola Termofusible MINI Purpurina, \u00d8 8 mm ( 22 uds.)<\/td><td class=\"column-3\">8437013133388<\/td><td class=\"column-4\">10 uds.<\/td>\n<\/tr>\n<tr class=\"row-6\">\n\t<td class=\"column-1\">1639<\/td><td class=\"column-2\">Cola Termofusible MINI Fluo, \u00d8 8 mm ( 22 uds.)<\/td><td class=\"column-3\">8437013133395<\/td><td class=\"column-4\">10 uds.<\/td>\n<\/tr>\n<tr class=\"row-7\">\n\t<td class=\"column-1\">1647<\/td><td class=\"column-2\">Cola Termofusible MINI extra larga, \u00d8 8 mm ( 25 uds.)<\/td><td class=\"column-3\">8437013133937<\/td><td class=\"column-4\">10 uds.<\/td>\n<\/tr>\n<tr class=\"row-8\">\n\t<td class=\"column-1\">1655<\/td><td class=\"column-2\">Cola Termofusible MINI-XL 80% RECICLADA, \u00d8 8 mm (25 uds.)<\/td><td class=\"column-3\">8437013133753<\/td><td class=\"column-4\">10 uds.<\/td>\n<\/tr>\n<\/tbody>\n<\/table>\n<!-- #tablepress-15 from cache --><\/div>\n\t\t\t\t\t\t<\/div>\n\t\t\t\t<\/div>\n\t\t\t\t\t<\/div>\n\t\t<\/div>\n\t\t\t\t<div class=\"elementor-column elementor-col-50 elementor-inner-column elementor-element elementor-element-fd7e71c\" data-id=\"fd7e71c\" data-element_type=\"column\" data-e-type=\"column\">\n\t\t\t<div class=\"elementor-widget-wrap\">\n\t\t\t\t\t\t\t<\/div>\n\t\t<\/div>\n\t\t\t\t\t<\/div>\n\t\t<\/section>\n\t\t\t\t<section class=\"elementor-section elementor-inner-section elementor-element elementor-element-7ac31b2 elementor-section-boxed elementor-section-height-default elementor-section-height-default\" data-id=\"7ac31b2\" data-element_type=\"section\" data-e-type=\"section\">\n\t\t\t\t\t\t<div class=\"elementor-container elementor-column-gap-default\">\n\t\t\t\t\t<div class=\"elementor-column elementor-col-50 elementor-inner-column elementor-element elementor-element-3d71069\" data-id=\"3d71069\" data-element_type=\"column\" data-e-type=\"column\">\n\t\t\t<div class=\"elementor-widget-wrap elementor-element-populated\">\n\t\t\t\t\t\t<div class=\"elementor-element elementor-element-9c4d3bb elementor-widget elementor-widget-heading\" data-id=\"9c4d3bb\" data-element_type=\"widget\" data-e-type=\"widget\" data-widget_type=\"heading.default\">\n\t\t\t\t<div class=\"elementor-widget-container\">\n\t\t\t\t\t<h2 class=\"elementor-heading-title elementor-size-default\">Download<\/h2>\t\t\t\t<\/div>\n\t\t\t\t<\/div>\n\t\t\t\t<div class=\"elementor-element elementor-element-a10e8e0 elementor-widget__width-auto elementor-widget elementor-widget-text-editor\" data-id=\"a10e8e0\" data-element_type=\"widget\" data-e-type=\"widget\" data-widget_type=\"text-editor.default\">\n\t\t\t\t<div class=\"elementor-widget-container\">\n\t\t\t\t\t\t\t\t\t<p>Ficha T\u00e9cnica<\/p>\n\t\t\t\t\t\t\t\t<\/div>\n\t\t\t\t<\/div>\n\t\t\t\t<div class=\"elementor-element elementor-element-a219474 elementor-widget elementor-widget-button\" data-id=\"a219474\" data-element_type=\"widget\" data-e-type=\"widget\" data-widget_type=\"button.default\">\n\t\t\t\t<div class=\"elementor-widget-container\">\n\t\t\t\t\t\t\t\t\t<div class=\"elementor-button-wrapper\">\n\t\t\t\t\t<a class=\"elementor-button elementor-button-link elementor-size-sm\" href=\"https:\/\/www.plico.es\/wp-content\/uploads\/2024\/09\/FT_COLA-TERMOFUSIVEL-MINI_PT.pdf\" target=\"_blank\">\n\t\t\t\t\t\t<span class=\"elementor-button-content-wrapper\">\n\t\t\t\t\t\t\t\t\t<span class=\"elementor-button-text\">download<\/span>\n\t\t\t\t\t<\/span>\n\t\t\t\t\t<\/a>\n\t\t\t\t<\/div>\n\t\t\t\t\t\t\t\t<\/div>\n\t\t\t\t<\/div>\n\t\t\t\t\t<\/div>\n\t\t<\/div>\n\t\t\t\t<div class=\"elementor-column elementor-col-50 elementor-inner-column elementor-element elementor-element-912bcf2\" data-id=\"912bcf2\" data-element_type=\"column\" data-e-type=\"column\">\n\t\t\t<div class=\"elementor-widget-wrap\">\n\t\t\t\t\t\t\t<\/div>\n\t\t<\/div>\n\t\t\t\t\t<\/div>\n\t\t<\/section>\n\t\t\t\t\t<\/div>\n\t\t<\/div>\n\t\t\t\t\t<\/div>\n\t\t<\/section>\n\t\t\t\t<\/div>\n\t\t","protected":false},"excerpt":{"rendered":"<p>Ref. 1639<br \/>\nO adesivo termofus\u00edvel com efeito <strong>FLUO<\/strong> de \u00d8 8 mm \u00e9 ideal para decora\u00e7\u00e3o. Cola instantaneamente uma grande variedade de materiais: madeira, pl\u00e1sticos r\u00edgidos, cer\u00e2mica, vidro, metal, porcelana\u2026 Tamb\u00e9m pode utilizar-se como adesivo de preenchimento.<\/p>\n","protected":false},"featured_media":5644,"comment_status":"closed","ping_status":"closed","template":"","meta":[],"product_brand":[],"product_cat":[71],"product_tag":[],"class_list":{"0":"post-3771","1":"product","2":"type-product","3":"status-publish","4":"has-post-thumbnail","6":"product_cat-mini-pt-pt","8":"first","9":"instock","10":"shipping-taxable","11":"product-type-simple"},"yoast_head":"<!-- This site is optimized with the Yoast SEO plugin v27.4 - https:\/\/yoast.com\/product\/yoast-seo-wordpress\/ -->\n<title>Plico | Cola Termofus\u00edvel MINI Fluo<\/title>\n<meta name=\"robots\" content=\"index, follow, max-snippet:-1, max-image-preview:large, max-video-preview:-1\" \/>\n<link rel=\"canonical\" href=\"https:\/\/www.plico.es\/pt-pt\/producto\/cola-termofusivel-mini-fluo\/\" \/>\n<meta property=\"og:locale\" content=\"pt_PT\" \/>\n<meta property=\"og:type\" content=\"article\" \/>\n<meta property=\"og:title\" content=\"Plico | Cola Termofus\u00edvel MINI Fluo\" \/>\n<meta property=\"og:description\" content=\"Ref. 1639 O adesivo termofus\u00edvel com efeito FLUO de \u00d8 8 mm \u00e9 ideal para decora\u00e7\u00e3o. Cola instantaneamente uma grande variedade de materiais: madeira, pl\u00e1sticos r\u00edgidos, cer\u00e2mica, vidro, metal, porcelana\u2026 Tamb\u00e9m pode utilizar-se como adesivo de preenchimento.\" \/>\n<meta property=\"og:url\" content=\"https:\/\/www.plico.es\/pt-pt\/producto\/cola-termofusivel-mini-fluo\/\" \/>\n<meta property=\"og:site_name\" content=\"Plico\" \/>\n<meta property=\"article:publisher\" content=\"https:\/\/www.facebook.com\/plico2017\/\" \/>\n<meta property=\"article:modified_time\" content=\"2024-10-21T08:57:13+00:00\" \/>\n<meta property=\"og:image\" content=\"https:\/\/www.plico.es\/wp-content\/uploads\/2022\/06\/colaminifluo_2024.png\" \/>\n\t<meta property=\"og:image:width\" content=\"1500\" \/>\n\t<meta property=\"og:image:height\" content=\"1500\" \/>\n\t<meta property=\"og:image:type\" content=\"image\/png\" \/>\n<meta name=\"twitter:card\" content=\"summary_large_image\" \/>\n<script type=\"application\/ld+json\" class=\"yoast-schema-graph\">{\"@context\":\"https:\\\/\\\/schema.org\",\"@graph\":[{\"@type\":\"WebPage\",\"@id\":\"https:\\\/\\\/www.plico.es\\\/pt-pt\\\/producto\\\/cola-termofusivel-mini-fluo\\\/\",\"url\":\"https:\\\/\\\/www.plico.es\\\/pt-pt\\\/producto\\\/cola-termofusivel-mini-fluo\\\/\",\"name\":\"Plico | Cola Termofus\u00edvel MINI Fluo\",\"isPartOf\":{\"@id\":\"https:\\\/\\\/www.plico.es\\\/pt-pt\\\/#website\"},\"primaryImageOfPage\":{\"@id\":\"https:\\\/\\\/www.plico.es\\\/pt-pt\\\/producto\\\/cola-termofusivel-mini-fluo\\\/#primaryimage\"},\"image\":{\"@id\":\"https:\\\/\\\/www.plico.es\\\/pt-pt\\\/producto\\\/cola-termofusivel-mini-fluo\\\/#primaryimage\"},\"thumbnailUrl\":\"https:\\\/\\\/www.plico.es\\\/wp-content\\\/uploads\\\/2022\\\/06\\\/colaminifluo_2024.png\",\"datePublished\":\"2022-06-09T14:49:51+00:00\",\"dateModified\":\"2024-10-21T08:57:13+00:00\",\"breadcrumb\":{\"@id\":\"https:\\\/\\\/www.plico.es\\\/pt-pt\\\/producto\\\/cola-termofusivel-mini-fluo\\\/#breadcrumb\"},\"inLanguage\":\"pt-PT\",\"potentialAction\":[{\"@type\":\"ReadAction\",\"target\":[\"https:\\\/\\\/www.plico.es\\\/pt-pt\\\/producto\\\/cola-termofusivel-mini-fluo\\\/\"]}]},{\"@type\":\"ImageObject\",\"inLanguage\":\"pt-PT\",\"@id\":\"https:\\\/\\\/www.plico.es\\\/pt-pt\\\/producto\\\/cola-termofusivel-mini-fluo\\\/#primaryimage\",\"url\":\"https:\\\/\\\/www.plico.es\\\/wp-content\\\/uploads\\\/2022\\\/06\\\/colaminifluo_2024.png\",\"contentUrl\":\"https:\\\/\\\/www.plico.es\\\/wp-content\\\/uploads\\\/2022\\\/06\\\/colaminifluo_2024.png\",\"width\":1500,\"height\":1500},{\"@type\":\"BreadcrumbList\",\"@id\":\"https:\\\/\\\/www.plico.es\\\/pt-pt\\\/producto\\\/cola-termofusivel-mini-fluo\\\/#breadcrumb\",\"itemListElement\":[{\"@type\":\"ListItem\",\"position\":1,\"name\":\"Portada\",\"item\":\"https:\\\/\\\/www.plico.es\\\/pt-pt\\\/\"},{\"@type\":\"ListItem\",\"position\":2,\"name\":\"Shop\",\"item\":\"https:\\\/\\\/www.plico.es\\\/pt-pt\\\/shop\\\/\"},{\"@type\":\"ListItem\",\"position\":3,\"name\":\"Cola Termofus\u00edvel MINI Fluo\"}]},{\"@type\":\"WebSite\",\"@id\":\"https:\\\/\\\/www.plico.es\\\/pt-pt\\\/#website\",\"url\":\"https:\\\/\\\/www.plico.es\\\/pt-pt\\\/\",\"name\":\"Plico\",\"description\":\"Expertos en Manualidades\",\"publisher\":{\"@id\":\"https:\\\/\\\/www.plico.es\\\/pt-pt\\\/#organization\"},\"alternateName\":\"Productos L\u00edderes Comercializados, S.A.\",\"potentialAction\":[{\"@type\":\"SearchAction\",\"target\":{\"@type\":\"EntryPoint\",\"urlTemplate\":\"https:\\\/\\\/www.plico.es\\\/pt-pt\\\/?s={search_term_string}\"},\"query-input\":{\"@type\":\"PropertyValueSpecification\",\"valueRequired\":true,\"valueName\":\"search_term_string\"}}],\"inLanguage\":\"pt-PT\"},{\"@type\":\"Organization\",\"@id\":\"https:\\\/\\\/www.plico.es\\\/pt-pt\\\/#organization\",\"name\":\"Plico\",\"alternateName\":\"Productos L\u00edderes Comercializados, S.A.\",\"url\":\"https:\\\/\\\/www.plico.es\\\/pt-pt\\\/\",\"logo\":{\"@type\":\"ImageObject\",\"inLanguage\":\"pt-PT\",\"@id\":\"https:\\\/\\\/www.plico.es\\\/pt-pt\\\/#\\\/schema\\\/logo\\\/image\\\/\",\"url\":\"https:\\\/\\\/www.plico.es\\\/wp-content\\\/uploads\\\/2022\\\/05\\\/logo_plico.png\",\"contentUrl\":\"https:\\\/\\\/www.plico.es\\\/wp-content\\\/uploads\\\/2022\\\/05\\\/logo_plico.png\",\"width\":400,\"height\":185,\"caption\":\"Plico\"},\"image\":{\"@id\":\"https:\\\/\\\/www.plico.es\\\/pt-pt\\\/#\\\/schema\\\/logo\\\/image\\\/\"},\"sameAs\":[\"https:\\\/\\\/www.facebook.com\\\/plico2017\\\/\",\"https:\\\/\\\/www.instagram.com\\\/plico_es\\\/\",\"https:\\\/\\\/www.youtube.com\\\/channel\\\/UCC1ygHF4QAP-CTLDlHMLs7g\"]}]}<\/script>\n<!-- \/ Yoast SEO plugin. -->","yoast_head_json":{"title":"Plico | Cola Termofus\u00edvel MINI Fluo","robots":{"index":"index","follow":"follow","max-snippet":"max-snippet:-1","max-image-preview":"max-image-preview:large","max-video-preview":"max-video-preview:-1"},"canonical":"https:\/\/www.plico.es\/pt-pt\/producto\/cola-termofusivel-mini-fluo\/","og_locale":"pt_PT","og_type":"article","og_title":"Plico | Cola Termofus\u00edvel MINI Fluo","og_description":"Ref. 1639 O adesivo termofus\u00edvel com efeito FLUO de \u00d8 8 mm \u00e9 ideal para decora\u00e7\u00e3o. Cola instantaneamente uma grande variedade de materiais: madeira, pl\u00e1sticos r\u00edgidos, cer\u00e2mica, vidro, metal, porcelana\u2026 Tamb\u00e9m pode utilizar-se como adesivo de preenchimento.","og_url":"https:\/\/www.plico.es\/pt-pt\/producto\/cola-termofusivel-mini-fluo\/","og_site_name":"Plico","article_publisher":"https:\/\/www.facebook.com\/plico2017\/","article_modified_time":"2024-10-21T08:57:13+00:00","og_image":[{"width":1500,"height":1500,"url":"https:\/\/www.plico.es\/wp-content\/uploads\/2022\/06\/colaminifluo_2024.png","type":"image\/png"}],"twitter_card":"summary_large_image","schema":{"@context":"https:\/\/schema.org","@graph":[{"@type":"WebPage","@id":"https:\/\/www.plico.es\/pt-pt\/producto\/cola-termofusivel-mini-fluo\/","url":"https:\/\/www.plico.es\/pt-pt\/producto\/cola-termofusivel-mini-fluo\/","name":"Plico | Cola Termofus\u00edvel MINI Fluo","isPartOf":{"@id":"https:\/\/www.plico.es\/pt-pt\/#website"},"primaryImageOfPage":{"@id":"https:\/\/www.plico.es\/pt-pt\/producto\/cola-termofusivel-mini-fluo\/#primaryimage"},"image":{"@id":"https:\/\/www.plico.es\/pt-pt\/producto\/cola-termofusivel-mini-fluo\/#primaryimage"},"thumbnailUrl":"https:\/\/www.plico.es\/wp-content\/uploads\/2022\/06\/colaminifluo_2024.png","datePublished":"2022-06-09T14:49:51+00:00","dateModified":"2024-10-21T08:57:13+00:00","breadcrumb":{"@id":"https:\/\/www.plico.es\/pt-pt\/producto\/cola-termofusivel-mini-fluo\/#breadcrumb"},"inLanguage":"pt-PT","potentialAction":[{"@type":"ReadAction","target":["https:\/\/www.plico.es\/pt-pt\/producto\/cola-termofusivel-mini-fluo\/"]}]},{"@type":"ImageObject","inLanguage":"pt-PT","@id":"https:\/\/www.plico.es\/pt-pt\/producto\/cola-termofusivel-mini-fluo\/#primaryimage","url":"https:\/\/www.plico.es\/wp-content\/uploads\/2022\/06\/colaminifluo_2024.png","contentUrl":"https:\/\/www.plico.es\/wp-content\/uploads\/2022\/06\/colaminifluo_2024.png","width":1500,"height":1500},{"@type":"BreadcrumbList","@id":"https:\/\/www.plico.es\/pt-pt\/producto\/cola-termofusivel-mini-fluo\/#breadcrumb","itemListElement":[{"@type":"ListItem","position":1,"name":"Portada","item":"https:\/\/www.plico.es\/pt-pt\/"},{"@type":"ListItem","position":2,"name":"Shop","item":"https:\/\/www.plico.es\/pt-pt\/shop\/"},{"@type":"ListItem","position":3,"name":"Cola Termofus\u00edvel MINI Fluo"}]},{"@type":"WebSite","@id":"https:\/\/www.plico.es\/pt-pt\/#website","url":"https:\/\/www.plico.es\/pt-pt\/","name":"Plico","description":"Expertos en Manualidades","publisher":{"@id":"https:\/\/www.plico.es\/pt-pt\/#organization"},"alternateName":"Productos L\u00edderes Comercializados, S.A.","potentialAction":[{"@type":"SearchAction","target":{"@type":"EntryPoint","urlTemplate":"https:\/\/www.plico.es\/pt-pt\/?s={search_term_string}"},"query-input":{"@type":"PropertyValueSpecification","valueRequired":true,"valueName":"search_term_string"}}],"inLanguage":"pt-PT"},{"@type":"Organization","@id":"https:\/\/www.plico.es\/pt-pt\/#organization","name":"Plico","alternateName":"Productos L\u00edderes Comercializados, S.A.","url":"https:\/\/www.plico.es\/pt-pt\/","logo":{"@type":"ImageObject","inLanguage":"pt-PT","@id":"https:\/\/www.plico.es\/pt-pt\/#\/schema\/logo\/image\/","url":"https:\/\/www.plico.es\/wp-content\/uploads\/2022\/05\/logo_plico.png","contentUrl":"https:\/\/www.plico.es\/wp-content\/uploads\/2022\/05\/logo_plico.png","width":400,"height":185,"caption":"Plico"},"image":{"@id":"https:\/\/www.plico.es\/pt-pt\/#\/schema\/logo\/image\/"},"sameAs":["https:\/\/www.facebook.com\/plico2017\/","https:\/\/www.instagram.com\/plico_es\/","https:\/\/www.youtube.com\/channel\/UCC1ygHF4QAP-CTLDlHMLs7g"]}]}},"_links":{"self":[{"href":"https:\/\/www.plico.es\/pt-pt\/wp-json\/wp\/v2\/product\/3771","targetHints":{"allow":["GET"]}}],"collection":[{"href":"https:\/\/www.plico.es\/pt-pt\/wp-json\/wp\/v2\/product"}],"about":[{"href":"https:\/\/www.plico.es\/pt-pt\/wp-json\/wp\/v2\/types\/product"}],"replies":[{"embeddable":true,"href":"https:\/\/www.plico.es\/pt-pt\/wp-json\/wp\/v2\/comments?post=3771"}],"version-history":[{"count":10,"href":"https:\/\/www.plico.es\/pt-pt\/wp-json\/wp\/v2\/product\/3771\/revisions"}],"predecessor-version":[{"id":6935,"href":"https:\/\/www.plico.es\/pt-pt\/wp-json\/wp\/v2\/product\/3771\/revisions\/6935"}],"wp:featuredmedia":[{"embeddable":true,"href":"https:\/\/www.plico.es\/pt-pt\/wp-json\/wp\/v2\/media\/5644"}],"wp:attachment":[{"href":"https:\/\/www.plico.es\/pt-pt\/wp-json\/wp\/v2\/media?parent=3771"}],"wp:term":[{"taxonomy":"product_brand","embeddable":true,"href":"https:\/\/www.plico.es\/pt-pt\/wp-json\/wp\/v2\/product_brand?post=3771"},{"taxonomy":"product_cat","embeddable":true,"href":"https:\/\/www.plico.es\/pt-pt\/wp-json\/wp\/v2\/product_cat?post=3771"},{"taxonomy":"product_tag","embeddable":true,"href":"https:\/\/www.plico.es\/pt-pt\/wp-json\/wp\/v2\/product_tag?post=3771"}],"curies":[{"name":"wp","href":"https:\/\/api.w.org\/{rel}","templated":true}]}}