{"id":3816,"date":"2022-06-09T13:16:09","date_gmt":"2022-06-09T11:16:09","guid":{"rendered":"https:\/\/www.plico.es\/producto\/conjunto-de-fitas-de-fecho-autoadesivas-25m-negro\/"},"modified":"2026-03-19T15:43:09","modified_gmt":"2026-03-19T14:43:09","slug":"conjunto-de-fitas-de-fecho-autoadesivas-25m-negro","status":"publish","type":"product","link":"https:\/\/www.plico.es\/pt-pt\/producto\/conjunto-de-fitas-de-fecho-autoadesivas-25m-negro\/","title":{"rendered":"Conjunto de Fitas de Fecho Autoadesivas 25m, negro"},"content":{"rendered":"\t\t<div data-elementor-type=\"product-post\" data-elementor-id=\"3816\" class=\"elementor elementor-3816 elementor-1028\" data-elementor-post-type=\"product\">\n\t\t\t\t\t\t<section class=\"elementor-section elementor-top-section elementor-element elementor-element-ed2f8b5 elementor-section-boxed elementor-section-height-default elementor-section-height-default\" data-id=\"ed2f8b5\" data-element_type=\"section\" data-e-type=\"section\">\n\t\t\t\t\t\t<div class=\"elementor-container elementor-column-gap-default\">\n\t\t\t\t\t<div class=\"elementor-column elementor-col-100 elementor-top-column elementor-element elementor-element-2681c51\" data-id=\"2681c51\" data-element_type=\"column\" data-e-type=\"column\">\n\t\t\t<div class=\"elementor-widget-wrap elementor-element-populated\">\n\t\t\t\t\t\t<section class=\"elementor-section elementor-inner-section elementor-element elementor-element-18bc81a elementor-section-boxed elementor-section-height-default elementor-section-height-default\" data-id=\"18bc81a\" data-element_type=\"section\" data-e-type=\"section\">\n\t\t\t\t\t\t<div class=\"elementor-container elementor-column-gap-default\">\n\t\t\t\t\t<div class=\"elementor-column elementor-col-50 elementor-inner-column elementor-element elementor-element-4a1640e\" data-id=\"4a1640e\" data-element_type=\"column\" data-e-type=\"column\">\n\t\t\t<div class=\"elementor-widget-wrap elementor-element-populated\">\n\t\t\t\t\t\t<div class=\"elementor-element elementor-element-d121930 elementor-widget elementor-widget-heading\" data-id=\"d121930\" data-element_type=\"widget\" data-e-type=\"widget\" data-widget_type=\"heading.default\">\n\t\t\t\t<div class=\"elementor-widget-container\">\n\t\t\t\t\t<h2 class=\"elementor-heading-title elementor-size-default\">GAMA DE PRODUTOS<\/h2>\t\t\t\t<\/div>\n\t\t\t\t<\/div>\n\t\t\t\t<div class=\"elementor-element elementor-element-b27b1c5 elementor-widget elementor-widget-shortcode\" data-id=\"b27b1c5\" data-element_type=\"widget\" data-e-type=\"widget\" data-widget_type=\"shortcode.default\">\n\t\t\t\t<div class=\"elementor-widget-container\">\n\t\t\t\t\t\t\t<div class=\"elementor-shortcode\">\n<table id=\"tablepress-9\" class=\"tablepress tablepress-id-9\">\n<thead>\n<tr class=\"row-1\">\n\t<th class=\"column-1\">Ref.<\/th><th class=\"column-2\">Descripci\u00f3n<\/th><th class=\"column-3\">EAN<\/th><th class=\"column-4\">Uds.\/Caja<\/th>\n<\/tr>\n<\/thead>\n<tbody>\n<tr class=\"row-2\">\n\t<td class=\"column-1\">13318<\/td><td class=\"column-2\">Set Cintas de Cierre Autoadhesivas, 20 mm x 25 m\/Blanco                                             <\/td><td class=\"column-3\">8437013133180<\/td><td class=\"column-4\">1 ud.<\/td>\n<\/tr>\n<tr class=\"row-3\">\n\t<td class=\"column-1\">13331<\/td><td class=\"column-2\">Set Cintas de Cierre Autoadhesivas, 20 mm x 25 m\/Negro                          <\/td><td class=\"column-3\">8437013133319<\/td><td class=\"column-4\">1 ud.<\/td>\n<\/tr>\n<tr class=\"row-4\">\n\t<td class=\"column-1\">13330<\/td><td class=\"column-2\">Set Cintas de Cierre Autoadhesivas, 20 mm x 10 m\/Blanco                                             <\/td><td class=\"column-3\">8437013133302<\/td><td class=\"column-4\">1 ud.<\/td>\n<\/tr>\n<tr class=\"row-5\">\n\t<td class=\"column-1\">13332<\/td><td class=\"column-2\">Set Cintas de Cierre Autoadhesivas, 20 mm x 10 m\/Negro                                             <\/td><td class=\"column-3\">8437013133326<\/td><td class=\"column-4\">1 ud.<\/td>\n<\/tr>\n<tr class=\"row-6\">\n\t<td class=\"column-1\">13316<\/td><td class=\"column-2\">Cinta de Cierre Autoadhesiva, 20 mm x 25 m\/Macho                                           <\/td><td class=\"column-3\">8437013133166<\/td><td class=\"column-4\">1 ud.<\/td>\n<\/tr>\n<tr class=\"row-7\">\n\t<td class=\"column-1\">13317<\/td><td class=\"column-2\">Cinta de Cierre Autoadhesiva, 20 mm x 25 m\/Hembra                                        <\/td><td class=\"column-3\">8437013133173<\/td><td class=\"column-4\">1 ud.<\/td>\n<\/tr>\n<tr class=\"row-8\">\n\t<td class=\"column-1\">13346<\/td><td class=\"column-2\">Cinta de Cierre Autoadhesiva, 50 mm x 25 m\/Macho<\/td><td class=\"column-3\">8437013133708<\/td><td class=\"column-4\">1 ud.<\/td>\n<\/tr>\n<tr class=\"row-9\">\n\t<td class=\"column-1\">13347<\/td><td class=\"column-2\">Cinta de Cierre Autoadhesiva, 50 mm x 25 m\/Hembra<\/td><td class=\"column-3\">8437013133654<\/td><td class=\"column-4\">1 ud.<\/td>\n<\/tr>\n<\/tbody>\n<\/table>\n<!-- #tablepress-9 from cache --><\/div>\n\t\t\t\t\t\t<\/div>\n\t\t\t\t<\/div>\n\t\t\t\t\t<\/div>\n\t\t<\/div>\n\t\t\t\t<div class=\"elementor-column elementor-col-50 elementor-inner-column elementor-element elementor-element-cbfa915\" data-id=\"cbfa915\" data-element_type=\"column\" data-e-type=\"column\">\n\t\t\t<div class=\"elementor-widget-wrap\">\n\t\t\t\t\t\t\t<\/div>\n\t\t<\/div>\n\t\t\t\t\t<\/div>\n\t\t<\/section>\n\t\t\t\t<section class=\"elementor-section elementor-inner-section elementor-element elementor-element-3801008 elementor-section-boxed elementor-section-height-default elementor-section-height-default\" data-id=\"3801008\" data-element_type=\"section\" data-e-type=\"section\">\n\t\t\t\t\t\t<div class=\"elementor-container elementor-column-gap-default\">\n\t\t\t\t\t<div class=\"elementor-column elementor-col-50 elementor-inner-column elementor-element elementor-element-799a0f8\" data-id=\"799a0f8\" data-element_type=\"column\" data-e-type=\"column\">\n\t\t\t<div class=\"elementor-widget-wrap elementor-element-populated\">\n\t\t\t\t\t\t<div class=\"elementor-element elementor-element-8ee4fd9 elementor-widget elementor-widget-heading\" data-id=\"8ee4fd9\" data-element_type=\"widget\" data-e-type=\"widget\" data-widget_type=\"heading.default\">\n\t\t\t\t<div class=\"elementor-widget-container\">\n\t\t\t\t\t<h2 class=\"elementor-heading-title elementor-size-default\">Download<\/h2>\t\t\t\t<\/div>\n\t\t\t\t<\/div>\n\t\t\t\t<div class=\"elementor-element elementor-element-6772af2 elementor-widget__width-auto elementor-widget elementor-widget-text-editor\" data-id=\"6772af2\" data-element_type=\"widget\" data-e-type=\"widget\" data-widget_type=\"text-editor.default\">\n\t\t\t\t<div class=\"elementor-widget-container\">\n\t\t\t\t\t\t\t\t\t<p>Ficha T\u00e9cnica<\/p>\n\t\t\t\t\t\t\t\t<\/div>\n\t\t\t\t<\/div>\n\t\t\t\t<div class=\"elementor-element elementor-element-75100f9 elementor-widget elementor-widget-button\" data-id=\"75100f9\" data-element_type=\"widget\" data-e-type=\"widget\" data-widget_type=\"button.default\">\n\t\t\t\t<div class=\"elementor-widget-container\">\n\t\t\t\t\t\t\t\t\t<div class=\"elementor-button-wrapper\">\n\t\t\t\t\t<a class=\"elementor-button elementor-button-link elementor-size-sm\" href=\"https:\/\/www.plico.es\/wp-content\/uploads\/2026\/03\/FT_FITAS-DE-FECHO-TEXTIL_PT.pdf\" target=\"_blank\">\n\t\t\t\t\t\t<span class=\"elementor-button-content-wrapper\">\n\t\t\t\t\t\t\t\t\t<span class=\"elementor-button-text\">download<\/span>\n\t\t\t\t\t<\/span>\n\t\t\t\t\t<\/a>\n\t\t\t\t<\/div>\n\t\t\t\t\t\t\t\t<\/div>\n\t\t\t\t<\/div>\n\t\t\t\t\t<\/div>\n\t\t<\/div>\n\t\t\t\t<div class=\"elementor-column elementor-col-50 elementor-inner-column elementor-element elementor-element-bf29ca2\" data-id=\"bf29ca2\" data-element_type=\"column\" data-e-type=\"column\">\n\t\t\t<div class=\"elementor-widget-wrap\">\n\t\t\t\t\t\t\t<\/div>\n\t\t<\/div>\n\t\t\t\t\t<\/div>\n\t\t<\/section>\n\t\t\t\t\t<\/div>\n\t\t<\/div>\n\t\t\t\t\t<\/div>\n\t\t<\/section>\n\t\t\t\t<\/div>\n\t\t","protected":false},"excerpt":{"rendered":"<p>Ref. 13331<br \/>\nConjunto composto por dois rolos (macho e f\u00eamea) de fecho de correr t\u00eaxtil autocolante, muito \u00fatil nas salas de aula, pois pode ser cortado quando necess\u00e1rio para fixar todo o tipo de materiais a paredes, vidros, etc.<br \/>\n\u00c9 altamente adesivo e resistente.<br \/>\nRolos de 25 m. color preto.<\/p>\n","protected":false},"featured_media":4829,"comment_status":"closed","ping_status":"closed","template":"","meta":[],"product_brand":[],"product_cat":[85],"product_tag":[],"class_list":{"0":"post-3816","1":"product","2":"type-product","3":"status-publish","4":"has-post-thumbnail","6":"product_cat-fitas-de-fecho-autoadesivas","8":"first","9":"instock","10":"shipping-taxable","11":"product-type-simple"},"yoast_head":"<!-- This site is optimized with the Yoast SEO plugin v27.3 - https:\/\/yoast.com\/product\/yoast-seo-wordpress\/ -->\n<title>Plico | Conjunto de Fitas de Fecho Autoadesivas 25m, negro<\/title>\n<meta name=\"robots\" content=\"index, follow, max-snippet:-1, max-image-preview:large, max-video-preview:-1\" \/>\n<link rel=\"canonical\" href=\"https:\/\/www.plico.es\/pt-pt\/producto\/conjunto-de-fitas-de-fecho-autoadesivas-25m-negro\/\" \/>\n<meta property=\"og:locale\" content=\"pt_PT\" \/>\n<meta property=\"og:type\" content=\"article\" \/>\n<meta property=\"og:title\" content=\"Plico | Conjunto de Fitas de Fecho Autoadesivas 25m, negro\" \/>\n<meta property=\"og:description\" content=\"Ref. 13331 Conjunto composto por dois rolos (macho e f\u00eamea) de fecho de correr t\u00eaxtil autocolante, muito \u00fatil nas salas de aula, pois pode ser cortado quando necess\u00e1rio para fixar todo o tipo de materiais a paredes, vidros, etc. \u00c9 altamente adesivo e resistente. Rolos de 25 m. color preto.\" \/>\n<meta property=\"og:url\" content=\"https:\/\/www.plico.es\/pt-pt\/producto\/conjunto-de-fitas-de-fecho-autoadesivas-25m-negro\/\" \/>\n<meta property=\"og:site_name\" content=\"Plico\" \/>\n<meta property=\"article:publisher\" content=\"https:\/\/www.facebook.com\/plico2017\/\" \/>\n<meta property=\"article:modified_time\" content=\"2026-03-19T14:43:09+00:00\" \/>\n<meta property=\"og:image\" content=\"https:\/\/www.plico.es\/wp-content\/uploads\/2022\/06\/set_cinta_cierre_25m_negre.webp\" \/>\n\t<meta property=\"og:image:width\" content=\"1500\" \/>\n\t<meta property=\"og:image:height\" content=\"1500\" \/>\n\t<meta property=\"og:image:type\" content=\"image\/webp\" \/>\n<meta name=\"twitter:card\" content=\"summary_large_image\" \/>\n<script type=\"application\/ld+json\" class=\"yoast-schema-graph\">{\"@context\":\"https:\\\/\\\/schema.org\",\"@graph\":[{\"@type\":\"WebPage\",\"@id\":\"https:\\\/\\\/www.plico.es\\\/pt-pt\\\/producto\\\/conjunto-de-fitas-de-fecho-autoadesivas-25m-negro\\\/\",\"url\":\"https:\\\/\\\/www.plico.es\\\/pt-pt\\\/producto\\\/conjunto-de-fitas-de-fecho-autoadesivas-25m-negro\\\/\",\"name\":\"Plico | Conjunto de Fitas de Fecho Autoadesivas 25m, negro\",\"isPartOf\":{\"@id\":\"https:\\\/\\\/www.plico.es\\\/pt-pt\\\/#website\"},\"primaryImageOfPage\":{\"@id\":\"https:\\\/\\\/www.plico.es\\\/pt-pt\\\/producto\\\/conjunto-de-fitas-de-fecho-autoadesivas-25m-negro\\\/#primaryimage\"},\"image\":{\"@id\":\"https:\\\/\\\/www.plico.es\\\/pt-pt\\\/producto\\\/conjunto-de-fitas-de-fecho-autoadesivas-25m-negro\\\/#primaryimage\"},\"thumbnailUrl\":\"https:\\\/\\\/www.plico.es\\\/wp-content\\\/uploads\\\/2022\\\/06\\\/set_cinta_cierre_25m_negre.webp\",\"datePublished\":\"2022-06-09T11:16:09+00:00\",\"dateModified\":\"2026-03-19T14:43:09+00:00\",\"breadcrumb\":{\"@id\":\"https:\\\/\\\/www.plico.es\\\/pt-pt\\\/producto\\\/conjunto-de-fitas-de-fecho-autoadesivas-25m-negro\\\/#breadcrumb\"},\"inLanguage\":\"pt-PT\",\"potentialAction\":[{\"@type\":\"ReadAction\",\"target\":[\"https:\\\/\\\/www.plico.es\\\/pt-pt\\\/producto\\\/conjunto-de-fitas-de-fecho-autoadesivas-25m-negro\\\/\"]}]},{\"@type\":\"ImageObject\",\"inLanguage\":\"pt-PT\",\"@id\":\"https:\\\/\\\/www.plico.es\\\/pt-pt\\\/producto\\\/conjunto-de-fitas-de-fecho-autoadesivas-25m-negro\\\/#primaryimage\",\"url\":\"https:\\\/\\\/www.plico.es\\\/wp-content\\\/uploads\\\/2022\\\/06\\\/set_cinta_cierre_25m_negre.webp\",\"contentUrl\":\"https:\\\/\\\/www.plico.es\\\/wp-content\\\/uploads\\\/2022\\\/06\\\/set_cinta_cierre_25m_negre.webp\",\"width\":1500,\"height\":1500},{\"@type\":\"BreadcrumbList\",\"@id\":\"https:\\\/\\\/www.plico.es\\\/pt-pt\\\/producto\\\/conjunto-de-fitas-de-fecho-autoadesivas-25m-negro\\\/#breadcrumb\",\"itemListElement\":[{\"@type\":\"ListItem\",\"position\":1,\"name\":\"Portada\",\"item\":\"https:\\\/\\\/www.plico.es\\\/pt-pt\\\/\"},{\"@type\":\"ListItem\",\"position\":2,\"name\":\"Shop\",\"item\":\"https:\\\/\\\/www.plico.es\\\/pt-pt\\\/shop\\\/\"},{\"@type\":\"ListItem\",\"position\":3,\"name\":\"Conjunto de Fitas de Fecho Autoadesivas 25m, negro\"}]},{\"@type\":\"WebSite\",\"@id\":\"https:\\\/\\\/www.plico.es\\\/pt-pt\\\/#website\",\"url\":\"https:\\\/\\\/www.plico.es\\\/pt-pt\\\/\",\"name\":\"Plico\",\"description\":\"Expertos en Manualidades\",\"publisher\":{\"@id\":\"https:\\\/\\\/www.plico.es\\\/pt-pt\\\/#organization\"},\"alternateName\":\"Productos L\u00edderes Comercializados, S.A.\",\"potentialAction\":[{\"@type\":\"SearchAction\",\"target\":{\"@type\":\"EntryPoint\",\"urlTemplate\":\"https:\\\/\\\/www.plico.es\\\/pt-pt\\\/?s={search_term_string}\"},\"query-input\":{\"@type\":\"PropertyValueSpecification\",\"valueRequired\":true,\"valueName\":\"search_term_string\"}}],\"inLanguage\":\"pt-PT\"},{\"@type\":\"Organization\",\"@id\":\"https:\\\/\\\/www.plico.es\\\/pt-pt\\\/#organization\",\"name\":\"Plico\",\"alternateName\":\"Productos L\u00edderes Comercializados, S.A.\",\"url\":\"https:\\\/\\\/www.plico.es\\\/pt-pt\\\/\",\"logo\":{\"@type\":\"ImageObject\",\"inLanguage\":\"pt-PT\",\"@id\":\"https:\\\/\\\/www.plico.es\\\/pt-pt\\\/#\\\/schema\\\/logo\\\/image\\\/\",\"url\":\"https:\\\/\\\/www.plico.es\\\/wp-content\\\/uploads\\\/2022\\\/05\\\/logo_plico.png\",\"contentUrl\":\"https:\\\/\\\/www.plico.es\\\/wp-content\\\/uploads\\\/2022\\\/05\\\/logo_plico.png\",\"width\":400,\"height\":185,\"caption\":\"Plico\"},\"image\":{\"@id\":\"https:\\\/\\\/www.plico.es\\\/pt-pt\\\/#\\\/schema\\\/logo\\\/image\\\/\"},\"sameAs\":[\"https:\\\/\\\/www.facebook.com\\\/plico2017\\\/\",\"https:\\\/\\\/www.instagram.com\\\/plico_es\\\/\",\"https:\\\/\\\/www.youtube.com\\\/channel\\\/UCC1ygHF4QAP-CTLDlHMLs7g\"]}]}<\/script>\n<!-- \/ Yoast SEO plugin. -->","yoast_head_json":{"title":"Plico | Conjunto de Fitas de Fecho Autoadesivas 25m, negro","robots":{"index":"index","follow":"follow","max-snippet":"max-snippet:-1","max-image-preview":"max-image-preview:large","max-video-preview":"max-video-preview:-1"},"canonical":"https:\/\/www.plico.es\/pt-pt\/producto\/conjunto-de-fitas-de-fecho-autoadesivas-25m-negro\/","og_locale":"pt_PT","og_type":"article","og_title":"Plico | Conjunto de Fitas de Fecho Autoadesivas 25m, negro","og_description":"Ref. 13331 Conjunto composto por dois rolos (macho e f\u00eamea) de fecho de correr t\u00eaxtil autocolante, muito \u00fatil nas salas de aula, pois pode ser cortado quando necess\u00e1rio para fixar todo o tipo de materiais a paredes, vidros, etc. \u00c9 altamente adesivo e resistente. Rolos de 25 m. color preto.","og_url":"https:\/\/www.plico.es\/pt-pt\/producto\/conjunto-de-fitas-de-fecho-autoadesivas-25m-negro\/","og_site_name":"Plico","article_publisher":"https:\/\/www.facebook.com\/plico2017\/","article_modified_time":"2026-03-19T14:43:09+00:00","og_image":[{"width":1500,"height":1500,"url":"https:\/\/www.plico.es\/wp-content\/uploads\/2022\/06\/set_cinta_cierre_25m_negre.webp","type":"image\/webp"}],"twitter_card":"summary_large_image","schema":{"@context":"https:\/\/schema.org","@graph":[{"@type":"WebPage","@id":"https:\/\/www.plico.es\/pt-pt\/producto\/conjunto-de-fitas-de-fecho-autoadesivas-25m-negro\/","url":"https:\/\/www.plico.es\/pt-pt\/producto\/conjunto-de-fitas-de-fecho-autoadesivas-25m-negro\/","name":"Plico | Conjunto de Fitas de Fecho Autoadesivas 25m, negro","isPartOf":{"@id":"https:\/\/www.plico.es\/pt-pt\/#website"},"primaryImageOfPage":{"@id":"https:\/\/www.plico.es\/pt-pt\/producto\/conjunto-de-fitas-de-fecho-autoadesivas-25m-negro\/#primaryimage"},"image":{"@id":"https:\/\/www.plico.es\/pt-pt\/producto\/conjunto-de-fitas-de-fecho-autoadesivas-25m-negro\/#primaryimage"},"thumbnailUrl":"https:\/\/www.plico.es\/wp-content\/uploads\/2022\/06\/set_cinta_cierre_25m_negre.webp","datePublished":"2022-06-09T11:16:09+00:00","dateModified":"2026-03-19T14:43:09+00:00","breadcrumb":{"@id":"https:\/\/www.plico.es\/pt-pt\/producto\/conjunto-de-fitas-de-fecho-autoadesivas-25m-negro\/#breadcrumb"},"inLanguage":"pt-PT","potentialAction":[{"@type":"ReadAction","target":["https:\/\/www.plico.es\/pt-pt\/producto\/conjunto-de-fitas-de-fecho-autoadesivas-25m-negro\/"]}]},{"@type":"ImageObject","inLanguage":"pt-PT","@id":"https:\/\/www.plico.es\/pt-pt\/producto\/conjunto-de-fitas-de-fecho-autoadesivas-25m-negro\/#primaryimage","url":"https:\/\/www.plico.es\/wp-content\/uploads\/2022\/06\/set_cinta_cierre_25m_negre.webp","contentUrl":"https:\/\/www.plico.es\/wp-content\/uploads\/2022\/06\/set_cinta_cierre_25m_negre.webp","width":1500,"height":1500},{"@type":"BreadcrumbList","@id":"https:\/\/www.plico.es\/pt-pt\/producto\/conjunto-de-fitas-de-fecho-autoadesivas-25m-negro\/#breadcrumb","itemListElement":[{"@type":"ListItem","position":1,"name":"Portada","item":"https:\/\/www.plico.es\/pt-pt\/"},{"@type":"ListItem","position":2,"name":"Shop","item":"https:\/\/www.plico.es\/pt-pt\/shop\/"},{"@type":"ListItem","position":3,"name":"Conjunto de Fitas de Fecho Autoadesivas 25m, negro"}]},{"@type":"WebSite","@id":"https:\/\/www.plico.es\/pt-pt\/#website","url":"https:\/\/www.plico.es\/pt-pt\/","name":"Plico","description":"Expertos en Manualidades","publisher":{"@id":"https:\/\/www.plico.es\/pt-pt\/#organization"},"alternateName":"Productos L\u00edderes Comercializados, S.A.","potentialAction":[{"@type":"SearchAction","target":{"@type":"EntryPoint","urlTemplate":"https:\/\/www.plico.es\/pt-pt\/?s={search_term_string}"},"query-input":{"@type":"PropertyValueSpecification","valueRequired":true,"valueName":"search_term_string"}}],"inLanguage":"pt-PT"},{"@type":"Organization","@id":"https:\/\/www.plico.es\/pt-pt\/#organization","name":"Plico","alternateName":"Productos L\u00edderes Comercializados, S.A.","url":"https:\/\/www.plico.es\/pt-pt\/","logo":{"@type":"ImageObject","inLanguage":"pt-PT","@id":"https:\/\/www.plico.es\/pt-pt\/#\/schema\/logo\/image\/","url":"https:\/\/www.plico.es\/wp-content\/uploads\/2022\/05\/logo_plico.png","contentUrl":"https:\/\/www.plico.es\/wp-content\/uploads\/2022\/05\/logo_plico.png","width":400,"height":185,"caption":"Plico"},"image":{"@id":"https:\/\/www.plico.es\/pt-pt\/#\/schema\/logo\/image\/"},"sameAs":["https:\/\/www.facebook.com\/plico2017\/","https:\/\/www.instagram.com\/plico_es\/","https:\/\/www.youtube.com\/channel\/UCC1ygHF4QAP-CTLDlHMLs7g"]}]}},"_links":{"self":[{"href":"https:\/\/www.plico.es\/pt-pt\/wp-json\/wp\/v2\/product\/3816","targetHints":{"allow":["GET"]}}],"collection":[{"href":"https:\/\/www.plico.es\/pt-pt\/wp-json\/wp\/v2\/product"}],"about":[{"href":"https:\/\/www.plico.es\/pt-pt\/wp-json\/wp\/v2\/types\/product"}],"replies":[{"embeddable":true,"href":"https:\/\/www.plico.es\/pt-pt\/wp-json\/wp\/v2\/comments?post=3816"}],"version-history":[{"count":8,"href":"https:\/\/www.plico.es\/pt-pt\/wp-json\/wp\/v2\/product\/3816\/revisions"}],"predecessor-version":[{"id":8476,"href":"https:\/\/www.plico.es\/pt-pt\/wp-json\/wp\/v2\/product\/3816\/revisions\/8476"}],"wp:featuredmedia":[{"embeddable":true,"href":"https:\/\/www.plico.es\/pt-pt\/wp-json\/wp\/v2\/media\/4829"}],"wp:attachment":[{"href":"https:\/\/www.plico.es\/pt-pt\/wp-json\/wp\/v2\/media?parent=3816"}],"wp:term":[{"taxonomy":"product_brand","embeddable":true,"href":"https:\/\/www.plico.es\/pt-pt\/wp-json\/wp\/v2\/product_brand?post=3816"},{"taxonomy":"product_cat","embeddable":true,"href":"https:\/\/www.plico.es\/pt-pt\/wp-json\/wp\/v2\/product_cat?post=3816"},{"taxonomy":"product_tag","embeddable":true,"href":"https:\/\/www.plico.es\/pt-pt\/wp-json\/wp\/v2\/product_tag?post=3816"}],"curies":[{"name":"wp","href":"https:\/\/api.w.org\/{rel}","templated":true}]}}