{"id":4482,"date":"2023-03-17T16:45:06","date_gmt":"2023-03-17T15:45:06","guid":{"rendered":"https:\/\/www.plico.es\/?post_type=product&#038;p=4482"},"modified":"2024-10-18T14:04:28","modified_gmt":"2024-10-18T12:04:28","slug":"pistola-de-cola-max-copia","status":"publish","type":"product","link":"https:\/\/www.plico.es\/pt-pt\/producto\/pistola-de-cola-max-copia\/","title":{"rendered":"Pistola de cola MAX PRO"},"content":{"rendered":"\t\t<div data-elementor-type=\"product-post\" data-elementor-id=\"4482\" class=\"elementor elementor-4482 elementor-4481\" data-elementor-post-type=\"product\">\n\t\t\t\t\t\t<section class=\"elementor-section elementor-top-section elementor-element elementor-element-25baf55 elementor-section-boxed elementor-section-height-default elementor-section-height-default\" data-id=\"25baf55\" data-element_type=\"section\" data-e-type=\"section\">\n\t\t\t\t\t\t<div class=\"elementor-container elementor-column-gap-default\">\n\t\t\t\t\t<div class=\"elementor-column elementor-col-100 elementor-top-column elementor-element elementor-element-1c05c87\" data-id=\"1c05c87\" data-element_type=\"column\" data-e-type=\"column\">\n\t\t\t<div class=\"elementor-widget-wrap elementor-element-populated\">\n\t\t\t\t\t\t<section class=\"elementor-section elementor-inner-section elementor-element elementor-element-3d8f160 elementor-section-boxed elementor-section-height-default elementor-section-height-default\" data-id=\"3d8f160\" data-element_type=\"section\" data-e-type=\"section\">\n\t\t\t\t\t\t<div class=\"elementor-container elementor-column-gap-default\">\n\t\t\t\t\t<div class=\"elementor-column elementor-col-50 elementor-inner-column elementor-element elementor-element-6676808\" data-id=\"6676808\" data-element_type=\"column\" data-e-type=\"column\">\n\t\t\t<div class=\"elementor-widget-wrap elementor-element-populated\">\n\t\t\t\t\t\t<div class=\"elementor-element elementor-element-5facca0 elementor-widget elementor-widget-heading\" data-id=\"5facca0\" data-element_type=\"widget\" data-e-type=\"widget\" data-widget_type=\"heading.default\">\n\t\t\t\t<div class=\"elementor-widget-container\">\n\t\t\t\t\t<h2 class=\"elementor-heading-title elementor-size-default\">GAMA DE PRODUTOS<\/h2>\t\t\t\t<\/div>\n\t\t\t\t<\/div>\n\t\t\t\t<div class=\"elementor-element elementor-element-bf466f0 elementor-widget elementor-widget-shortcode\" data-id=\"bf466f0\" data-element_type=\"widget\" data-e-type=\"widget\" data-widget_type=\"shortcode.default\">\n\t\t\t\t<div class=\"elementor-widget-container\">\n\t\t\t\t\t\t\t<div class=\"elementor-shortcode\">\n<table id=\"tablepress-16\" class=\"tablepress tablepress-id-16\">\n<thead>\n<tr class=\"row-1\">\n\t<th class=\"column-1\">Ref.<\/th><th class=\"column-2\">Descripci\u00f3n<\/th><th class=\"column-3\">EAN<\/th><th class=\"column-4\">Uds.\/Caja<\/th>\n<\/tr>\n<\/thead>\n<tbody>\n<tr class=\"row-2\">\n\t<td class=\"column-1\">1642<\/td><td class=\"column-2\">Pistola Encoladora MAX 60 W<\/td><td class=\"column-3\">8437013133425<\/td><td class=\"column-4\">4 uds.<\/td>\n<\/tr>\n<tr class=\"row-3\">\n\t<td class=\"column-1\">1643<\/td><td class=\"column-2\">Cola Termofusible MAX, \u00d8 11,5 mm ( 12 uds.)<\/td><td class=\"column-3\">8437013133432<\/td><td class=\"column-4\">10 uds.<\/td>\n<\/tr>\n<tr class=\"row-4\">\n\t<td class=\"column-1\">1644<\/td><td class=\"column-2\">Cola Termofusible MAX-XL, 200 mm x \u00d8 11,5 mm ( 24 uds.)<\/td><td class=\"column-3\">8437013133814<\/td><td class=\"column-4\">5 uds.<\/td>\n<\/tr>\n<tr class=\"row-5\">\n\t<td class=\"column-1\">1645<\/td><td class=\"column-2\">Cola Termofusible MAX-XL, 200 mm x \u00d8 11,5 mm ( 12 uds.)<\/td><td class=\"column-3\">8437013133951<\/td><td class=\"column-4\">10 uds.<\/td>\n<\/tr>\n<tr class=\"row-6\">\n\t<td class=\"column-1\">1652<\/td><td class=\"column-2\">Pistola Encoladora MAX PRO 100 W<\/td><td class=\"column-3\">8437013133562<\/td><td class=\"column-4\">1 ud.<\/td>\n<\/tr>\n<tr class=\"row-7\">\n\t<td class=\"column-1\">1670<\/td><td class=\"column-2\">Boquilla recambio Alta Precisi\u00f3n \u00d8 1,5 mm<\/td><td class=\"column-3\">8437013133616<\/td><td class=\"column-4\">1 ud.<\/td>\n<\/tr>\n<tr class=\"row-8\">\n\t<td class=\"column-1\">1671<\/td><td class=\"column-2\">Boquilla recambio D\u00edficil Acceso \u00d8 3,2 mm<\/td><td class=\"column-3\">8437013133623<\/td><td class=\"column-4\">1 ud.<\/td>\n<\/tr>\n<tr class=\"row-9\">\n\t<td class=\"column-1\">1672<\/td><td class=\"column-2\">Boquilla recambio Aplicaci\u00f3n Extensiva \u00d8 5,0 mm<\/td><td class=\"column-3\">8437013133630<\/td><td class=\"column-4\">1 ud.<\/td>\n<\/tr>\n<tr class=\"row-10\">\n\t<td class=\"column-1\">1653<\/td><td class=\"column-2\">Cola Termofusible MAX-XL Alta Resistencia, 200 mm x \u00d8 11,5 mm (12 uds.)<\/td><td class=\"column-3\">8437013133579<\/td><td class=\"column-4\">10 uds.<\/td>\n<\/tr>\n<tr class=\"row-11\">\n\t<td class=\"column-1\">1654<\/td><td class=\"column-2\">Cola Termofusible MAX-XL Alta Resistencia, 200 mm x \u00d8 11,5 mm (24 uds.)<\/td><td class=\"column-3\">8437013133586<\/td><td class=\"column-4\">5 uds.<\/td>\n<\/tr>\n<tr class=\"row-12\">\n\t<td class=\"column-1\">1656<\/td><td class=\"column-2\">Cola Termofusible MAX-XL 80% RECICLADA,  \u00d8 11,5 mm (12 uds.)<\/td><td class=\"column-3\">8437013133722<\/td><td class=\"column-4\">10 uds.<\/td>\n<\/tr>\n<\/tbody>\n<\/table>\n<!-- #tablepress-16 from cache --><\/div>\n\t\t\t\t\t\t<\/div>\n\t\t\t\t<\/div>\n\t\t\t\t\t<\/div>\n\t\t<\/div>\n\t\t\t\t<div class=\"elementor-column elementor-col-50 elementor-inner-column elementor-element elementor-element-57f5076\" data-id=\"57f5076\" data-element_type=\"column\" data-e-type=\"column\">\n\t\t\t<div class=\"elementor-widget-wrap\">\n\t\t\t\t\t\t\t<\/div>\n\t\t<\/div>\n\t\t\t\t\t<\/div>\n\t\t<\/section>\n\t\t\t\t<section class=\"elementor-section elementor-inner-section elementor-element elementor-element-e323e95 elementor-section-boxed elementor-section-height-default elementor-section-height-default\" data-id=\"e323e95\" data-element_type=\"section\" data-e-type=\"section\">\n\t\t\t\t\t\t<div class=\"elementor-container elementor-column-gap-default\">\n\t\t\t\t\t<div class=\"elementor-column elementor-col-50 elementor-inner-column elementor-element elementor-element-fae8716\" data-id=\"fae8716\" data-element_type=\"column\" data-e-type=\"column\">\n\t\t\t<div class=\"elementor-widget-wrap elementor-element-populated\">\n\t\t\t\t\t\t<div class=\"elementor-element elementor-element-d90bb18 elementor-widget elementor-widget-heading\" data-id=\"d90bb18\" data-element_type=\"widget\" data-e-type=\"widget\" data-widget_type=\"heading.default\">\n\t\t\t\t<div class=\"elementor-widget-container\">\n\t\t\t\t\t<h2 class=\"elementor-heading-title elementor-size-default\">Download<\/h2>\t\t\t\t<\/div>\n\t\t\t\t<\/div>\n\t\t\t\t<div class=\"elementor-element elementor-element-606d908 elementor-widget__width-auto elementor-widget elementor-widget-text-editor\" data-id=\"606d908\" data-element_type=\"widget\" data-e-type=\"widget\" data-widget_type=\"text-editor.default\">\n\t\t\t\t<div class=\"elementor-widget-container\">\n\t\t\t\t\t\t\t\t\t<p>Ficha T\u00e9cnica<\/p>\n\t\t\t\t\t\t\t\t<\/div>\n\t\t\t\t<\/div>\n\t\t\t\t<div class=\"elementor-element elementor-element-4395d92 elementor-widget elementor-widget-button\" data-id=\"4395d92\" data-element_type=\"widget\" data-e-type=\"widget\" data-widget_type=\"button.default\">\n\t\t\t\t<div class=\"elementor-widget-container\">\n\t\t\t\t\t\t\t\t\t<div class=\"elementor-button-wrapper\">\n\t\t\t\t\t<a class=\"elementor-button elementor-button-link elementor-size-sm\" href=\"https:\/\/www.plico.es\/wp-content\/uploads\/2024\/09\/FT_PISTOLA-MAX-PRO_PT.pdf\" target=\"_blank\">\n\t\t\t\t\t\t<span class=\"elementor-button-content-wrapper\">\n\t\t\t\t\t\t\t\t\t<span class=\"elementor-button-text\">download<\/span>\n\t\t\t\t\t<\/span>\n\t\t\t\t\t<\/a>\n\t\t\t\t<\/div>\n\t\t\t\t\t\t\t\t<\/div>\n\t\t\t\t<\/div>\n\t\t\t\t\t<\/div>\n\t\t<\/div>\n\t\t\t\t<div class=\"elementor-column elementor-col-50 elementor-inner-column elementor-element elementor-element-c48e326\" data-id=\"c48e326\" data-element_type=\"column\" data-e-type=\"column\">\n\t\t\t<div class=\"elementor-widget-wrap\">\n\t\t\t\t\t\t\t<\/div>\n\t\t<\/div>\n\t\t\t\t\t<\/div>\n\t\t<\/section>\n\t\t\t\t\t<\/div>\n\t\t<\/div>\n\t\t\t\t\t<\/div>\n\t\t<\/section>\n\t\t\t\t<\/div>\n\t\t","protected":false},"excerpt":{"rendered":"<p>Ref. 1652<br \/>\nPistola de cola de <strong>100W ALTO DESEMPENHO<\/strong>. Com bico intercambi\u00e1vel e gatilho ergon\u00f4mico. Para fa\u00e7a artesanato a toda velocidade. Sua poderosa c\u00e2mera fus\u00e3o permite que os bast\u00f5es de cola derreter rapidamente, por isso \u00e9 muito adequado para trabalho cont\u00ednuo. Possui chave liga\/desliga para que quando voc\u00ea quiser fazer uma pausa, voc\u00ea pode deix\u00e1-lo conectado. Voc\u00ea pode usar bast\u00f5es de cola entre 11,5 e 12mm de \u00d8. Com garantia de 2 anos.<\/p>\n","protected":false},"featured_media":6147,"comment_status":"closed","ping_status":"closed","template":"","meta":[],"product_brand":[],"product_cat":[70],"product_tag":[],"class_list":{"0":"post-4482","1":"product","2":"type-product","3":"status-publish","4":"has-post-thumbnail","6":"product_cat-max-pt-pt","8":"first","9":"instock","10":"shipping-taxable","11":"product-type-simple"},"yoast_head":"<!-- This site is optimized with the Yoast SEO plugin v27.3 - https:\/\/yoast.com\/product\/yoast-seo-wordpress\/ -->\n<title>Plico | Pistola de cola MAX PRO<\/title>\n<meta name=\"robots\" content=\"index, follow, max-snippet:-1, max-image-preview:large, max-video-preview:-1\" \/>\n<link rel=\"canonical\" href=\"https:\/\/www.plico.es\/pt-pt\/producto\/pistola-de-cola-max-copia\/\" \/>\n<meta property=\"og:locale\" content=\"pt_PT\" \/>\n<meta property=\"og:type\" content=\"article\" \/>\n<meta property=\"og:title\" content=\"Plico | Pistola de cola MAX PRO\" \/>\n<meta property=\"og:description\" content=\"Ref. 1652 Pistola de cola de 100W ALTO DESEMPENHO. Com bico intercambi\u00e1vel e gatilho ergon\u00f4mico. Para fa\u00e7a artesanato a toda velocidade. Sua poderosa c\u00e2mera fus\u00e3o permite que os bast\u00f5es de cola derreter rapidamente, por isso \u00e9 muito adequado para trabalho cont\u00ednuo. Possui chave liga\/desliga para que quando voc\u00ea quiser fazer uma pausa, voc\u00ea pode deix\u00e1-lo conectado. Voc\u00ea pode usar bast\u00f5es de cola entre 11,5 e 12mm de \u00d8. Com garantia de 2 anos.\" \/>\n<meta property=\"og:url\" content=\"https:\/\/www.plico.es\/pt-pt\/producto\/pistola-de-cola-max-copia\/\" \/>\n<meta property=\"og:site_name\" content=\"Plico\" \/>\n<meta property=\"article:publisher\" content=\"https:\/\/www.facebook.com\/plico2017\/\" \/>\n<meta property=\"article:modified_time\" content=\"2024-10-18T12:04:28+00:00\" \/>\n<meta property=\"og:image\" content=\"https:\/\/www.plico.es\/wp-content\/uploads\/2024\/03\/pistolaMAX_24-1.png\" \/>\n\t<meta property=\"og:image:width\" content=\"615\" \/>\n\t<meta property=\"og:image:height\" content=\"615\" \/>\n\t<meta property=\"og:image:type\" content=\"image\/png\" \/>\n<meta name=\"twitter:card\" content=\"summary_large_image\" \/>\n<meta name=\"twitter:label1\" content=\"Tempo estimado de leitura\" \/>\n\t<meta name=\"twitter:data1\" content=\"1 minuto\" \/>\n<script type=\"application\/ld+json\" class=\"yoast-schema-graph\">{\"@context\":\"https:\\\/\\\/schema.org\",\"@graph\":[{\"@type\":\"WebPage\",\"@id\":\"https:\\\/\\\/www.plico.es\\\/pt-pt\\\/producto\\\/pistola-de-cola-max-copia\\\/\",\"url\":\"https:\\\/\\\/www.plico.es\\\/pt-pt\\\/producto\\\/pistola-de-cola-max-copia\\\/\",\"name\":\"Plico | Pistola de cola MAX PRO\",\"isPartOf\":{\"@id\":\"https:\\\/\\\/www.plico.es\\\/pt-pt\\\/#website\"},\"primaryImageOfPage\":{\"@id\":\"https:\\\/\\\/www.plico.es\\\/pt-pt\\\/producto\\\/pistola-de-cola-max-copia\\\/#primaryimage\"},\"image\":{\"@id\":\"https:\\\/\\\/www.plico.es\\\/pt-pt\\\/producto\\\/pistola-de-cola-max-copia\\\/#primaryimage\"},\"thumbnailUrl\":\"https:\\\/\\\/www.plico.es\\\/wp-content\\\/uploads\\\/2024\\\/03\\\/pistolaMAX_24-1.png\",\"datePublished\":\"2023-03-17T15:45:06+00:00\",\"dateModified\":\"2024-10-18T12:04:28+00:00\",\"breadcrumb\":{\"@id\":\"https:\\\/\\\/www.plico.es\\\/pt-pt\\\/producto\\\/pistola-de-cola-max-copia\\\/#breadcrumb\"},\"inLanguage\":\"pt-PT\",\"potentialAction\":[{\"@type\":\"ReadAction\",\"target\":[\"https:\\\/\\\/www.plico.es\\\/pt-pt\\\/producto\\\/pistola-de-cola-max-copia\\\/\"]}]},{\"@type\":\"ImageObject\",\"inLanguage\":\"pt-PT\",\"@id\":\"https:\\\/\\\/www.plico.es\\\/pt-pt\\\/producto\\\/pistola-de-cola-max-copia\\\/#primaryimage\",\"url\":\"https:\\\/\\\/www.plico.es\\\/wp-content\\\/uploads\\\/2024\\\/03\\\/pistolaMAX_24-1.png\",\"contentUrl\":\"https:\\\/\\\/www.plico.es\\\/wp-content\\\/uploads\\\/2024\\\/03\\\/pistolaMAX_24-1.png\",\"width\":615,\"height\":615},{\"@type\":\"BreadcrumbList\",\"@id\":\"https:\\\/\\\/www.plico.es\\\/pt-pt\\\/producto\\\/pistola-de-cola-max-copia\\\/#breadcrumb\",\"itemListElement\":[{\"@type\":\"ListItem\",\"position\":1,\"name\":\"Portada\",\"item\":\"https:\\\/\\\/www.plico.es\\\/pt-pt\\\/\"},{\"@type\":\"ListItem\",\"position\":2,\"name\":\"Shop\",\"item\":\"https:\\\/\\\/www.plico.es\\\/pt-pt\\\/shop\\\/\"},{\"@type\":\"ListItem\",\"position\":3,\"name\":\"Pistola de cola MAX PRO\"}]},{\"@type\":\"WebSite\",\"@id\":\"https:\\\/\\\/www.plico.es\\\/pt-pt\\\/#website\",\"url\":\"https:\\\/\\\/www.plico.es\\\/pt-pt\\\/\",\"name\":\"Plico\",\"description\":\"Expertos en Manualidades\",\"publisher\":{\"@id\":\"https:\\\/\\\/www.plico.es\\\/pt-pt\\\/#organization\"},\"alternateName\":\"Productos L\u00edderes Comercializados, S.A.\",\"potentialAction\":[{\"@type\":\"SearchAction\",\"target\":{\"@type\":\"EntryPoint\",\"urlTemplate\":\"https:\\\/\\\/www.plico.es\\\/pt-pt\\\/?s={search_term_string}\"},\"query-input\":{\"@type\":\"PropertyValueSpecification\",\"valueRequired\":true,\"valueName\":\"search_term_string\"}}],\"inLanguage\":\"pt-PT\"},{\"@type\":\"Organization\",\"@id\":\"https:\\\/\\\/www.plico.es\\\/pt-pt\\\/#organization\",\"name\":\"Plico\",\"alternateName\":\"Productos L\u00edderes Comercializados, S.A.\",\"url\":\"https:\\\/\\\/www.plico.es\\\/pt-pt\\\/\",\"logo\":{\"@type\":\"ImageObject\",\"inLanguage\":\"pt-PT\",\"@id\":\"https:\\\/\\\/www.plico.es\\\/pt-pt\\\/#\\\/schema\\\/logo\\\/image\\\/\",\"url\":\"https:\\\/\\\/www.plico.es\\\/wp-content\\\/uploads\\\/2022\\\/05\\\/logo_plico.png\",\"contentUrl\":\"https:\\\/\\\/www.plico.es\\\/wp-content\\\/uploads\\\/2022\\\/05\\\/logo_plico.png\",\"width\":400,\"height\":185,\"caption\":\"Plico\"},\"image\":{\"@id\":\"https:\\\/\\\/www.plico.es\\\/pt-pt\\\/#\\\/schema\\\/logo\\\/image\\\/\"},\"sameAs\":[\"https:\\\/\\\/www.facebook.com\\\/plico2017\\\/\",\"https:\\\/\\\/www.instagram.com\\\/plico_es\\\/\",\"https:\\\/\\\/www.youtube.com\\\/channel\\\/UCC1ygHF4QAP-CTLDlHMLs7g\"]}]}<\/script>\n<!-- \/ Yoast SEO plugin. -->","yoast_head_json":{"title":"Plico | Pistola de cola MAX PRO","robots":{"index":"index","follow":"follow","max-snippet":"max-snippet:-1","max-image-preview":"max-image-preview:large","max-video-preview":"max-video-preview:-1"},"canonical":"https:\/\/www.plico.es\/pt-pt\/producto\/pistola-de-cola-max-copia\/","og_locale":"pt_PT","og_type":"article","og_title":"Plico | Pistola de cola MAX PRO","og_description":"Ref. 1652 Pistola de cola de 100W ALTO DESEMPENHO. Com bico intercambi\u00e1vel e gatilho ergon\u00f4mico. Para fa\u00e7a artesanato a toda velocidade. Sua poderosa c\u00e2mera fus\u00e3o permite que os bast\u00f5es de cola derreter rapidamente, por isso \u00e9 muito adequado para trabalho cont\u00ednuo. Possui chave liga\/desliga para que quando voc\u00ea quiser fazer uma pausa, voc\u00ea pode deix\u00e1-lo conectado. Voc\u00ea pode usar bast\u00f5es de cola entre 11,5 e 12mm de \u00d8. Com garantia de 2 anos.","og_url":"https:\/\/www.plico.es\/pt-pt\/producto\/pistola-de-cola-max-copia\/","og_site_name":"Plico","article_publisher":"https:\/\/www.facebook.com\/plico2017\/","article_modified_time":"2024-10-18T12:04:28+00:00","og_image":[{"width":615,"height":615,"url":"https:\/\/www.plico.es\/wp-content\/uploads\/2024\/03\/pistolaMAX_24-1.png","type":"image\/png"}],"twitter_card":"summary_large_image","twitter_misc":{"Tempo estimado de leitura":"1 minuto"},"schema":{"@context":"https:\/\/schema.org","@graph":[{"@type":"WebPage","@id":"https:\/\/www.plico.es\/pt-pt\/producto\/pistola-de-cola-max-copia\/","url":"https:\/\/www.plico.es\/pt-pt\/producto\/pistola-de-cola-max-copia\/","name":"Plico | Pistola de cola MAX PRO","isPartOf":{"@id":"https:\/\/www.plico.es\/pt-pt\/#website"},"primaryImageOfPage":{"@id":"https:\/\/www.plico.es\/pt-pt\/producto\/pistola-de-cola-max-copia\/#primaryimage"},"image":{"@id":"https:\/\/www.plico.es\/pt-pt\/producto\/pistola-de-cola-max-copia\/#primaryimage"},"thumbnailUrl":"https:\/\/www.plico.es\/wp-content\/uploads\/2024\/03\/pistolaMAX_24-1.png","datePublished":"2023-03-17T15:45:06+00:00","dateModified":"2024-10-18T12:04:28+00:00","breadcrumb":{"@id":"https:\/\/www.plico.es\/pt-pt\/producto\/pistola-de-cola-max-copia\/#breadcrumb"},"inLanguage":"pt-PT","potentialAction":[{"@type":"ReadAction","target":["https:\/\/www.plico.es\/pt-pt\/producto\/pistola-de-cola-max-copia\/"]}]},{"@type":"ImageObject","inLanguage":"pt-PT","@id":"https:\/\/www.plico.es\/pt-pt\/producto\/pistola-de-cola-max-copia\/#primaryimage","url":"https:\/\/www.plico.es\/wp-content\/uploads\/2024\/03\/pistolaMAX_24-1.png","contentUrl":"https:\/\/www.plico.es\/wp-content\/uploads\/2024\/03\/pistolaMAX_24-1.png","width":615,"height":615},{"@type":"BreadcrumbList","@id":"https:\/\/www.plico.es\/pt-pt\/producto\/pistola-de-cola-max-copia\/#breadcrumb","itemListElement":[{"@type":"ListItem","position":1,"name":"Portada","item":"https:\/\/www.plico.es\/pt-pt\/"},{"@type":"ListItem","position":2,"name":"Shop","item":"https:\/\/www.plico.es\/pt-pt\/shop\/"},{"@type":"ListItem","position":3,"name":"Pistola de cola MAX PRO"}]},{"@type":"WebSite","@id":"https:\/\/www.plico.es\/pt-pt\/#website","url":"https:\/\/www.plico.es\/pt-pt\/","name":"Plico","description":"Expertos en Manualidades","publisher":{"@id":"https:\/\/www.plico.es\/pt-pt\/#organization"},"alternateName":"Productos L\u00edderes Comercializados, S.A.","potentialAction":[{"@type":"SearchAction","target":{"@type":"EntryPoint","urlTemplate":"https:\/\/www.plico.es\/pt-pt\/?s={search_term_string}"},"query-input":{"@type":"PropertyValueSpecification","valueRequired":true,"valueName":"search_term_string"}}],"inLanguage":"pt-PT"},{"@type":"Organization","@id":"https:\/\/www.plico.es\/pt-pt\/#organization","name":"Plico","alternateName":"Productos L\u00edderes Comercializados, S.A.","url":"https:\/\/www.plico.es\/pt-pt\/","logo":{"@type":"ImageObject","inLanguage":"pt-PT","@id":"https:\/\/www.plico.es\/pt-pt\/#\/schema\/logo\/image\/","url":"https:\/\/www.plico.es\/wp-content\/uploads\/2022\/05\/logo_plico.png","contentUrl":"https:\/\/www.plico.es\/wp-content\/uploads\/2022\/05\/logo_plico.png","width":400,"height":185,"caption":"Plico"},"image":{"@id":"https:\/\/www.plico.es\/pt-pt\/#\/schema\/logo\/image\/"},"sameAs":["https:\/\/www.facebook.com\/plico2017\/","https:\/\/www.instagram.com\/plico_es\/","https:\/\/www.youtube.com\/channel\/UCC1ygHF4QAP-CTLDlHMLs7g"]}]}},"_links":{"self":[{"href":"https:\/\/www.plico.es\/pt-pt\/wp-json\/wp\/v2\/product\/4482","targetHints":{"allow":["GET"]}}],"collection":[{"href":"https:\/\/www.plico.es\/pt-pt\/wp-json\/wp\/v2\/product"}],"about":[{"href":"https:\/\/www.plico.es\/pt-pt\/wp-json\/wp\/v2\/types\/product"}],"replies":[{"embeddable":true,"href":"https:\/\/www.plico.es\/pt-pt\/wp-json\/wp\/v2\/comments?post=4482"}],"version-history":[{"count":10,"href":"https:\/\/www.plico.es\/pt-pt\/wp-json\/wp\/v2\/product\/4482\/revisions"}],"predecessor-version":[{"id":6824,"href":"https:\/\/www.plico.es\/pt-pt\/wp-json\/wp\/v2\/product\/4482\/revisions\/6824"}],"wp:featuredmedia":[{"embeddable":true,"href":"https:\/\/www.plico.es\/pt-pt\/wp-json\/wp\/v2\/media\/6147"}],"wp:attachment":[{"href":"https:\/\/www.plico.es\/pt-pt\/wp-json\/wp\/v2\/media?parent=4482"}],"wp:term":[{"taxonomy":"product_brand","embeddable":true,"href":"https:\/\/www.plico.es\/pt-pt\/wp-json\/wp\/v2\/product_brand?post=4482"},{"taxonomy":"product_cat","embeddable":true,"href":"https:\/\/www.plico.es\/pt-pt\/wp-json\/wp\/v2\/product_cat?post=4482"},{"taxonomy":"product_tag","embeddable":true,"href":"https:\/\/www.plico.es\/pt-pt\/wp-json\/wp\/v2\/product_tag?post=4482"}],"curies":[{"name":"wp","href":"https:\/\/api.w.org\/{rel}","templated":true}]}}