{"id":7728,"date":"2026-03-06T16:10:48","date_gmt":"2026-03-06T15:10:48","guid":{"rendered":"https:\/\/www.plico.es\/?post_type=product&#038;p=7728"},"modified":"2026-03-19T15:22:09","modified_gmt":"2026-03-19T14:22:09","slug":"blu-tack-original-copia","status":"publish","type":"product","link":"https:\/\/www.plico.es\/pt-pt\/producto\/blu-tack-original-copia\/","title":{"rendered":"Blu-Tack Rosa"},"content":{"rendered":"\t\t<div data-elementor-type=\"product-post\" data-elementor-id=\"7728\" class=\"elementor elementor-7728 elementor-7727\" data-elementor-post-type=\"product\">\n\t\t\t\t\t\t<section class=\"elementor-section elementor-top-section elementor-element elementor-element-dacb12b elementor-section-full_width elementor-section-height-default elementor-section-height-default\" data-id=\"dacb12b\" data-element_type=\"section\" data-e-type=\"section\" data-settings=\"{&quot;background_background&quot;:&quot;classic&quot;}\">\n\t\t\t\t\t\t<div class=\"elementor-container elementor-column-gap-no\">\n\t\t\t\t\t<div class=\"elementor-column elementor-col-100 elementor-top-column elementor-element elementor-element-e6ac37b\" data-id=\"e6ac37b\" data-element_type=\"column\" data-e-type=\"column\">\n\t\t\t<div class=\"elementor-widget-wrap elementor-element-populated\">\n\t\t\t\t\t\t<div class=\"elementor-element elementor-element-31a0a9b elementor-widget elementor-widget-image\" data-id=\"31a0a9b\" data-element_type=\"widget\" data-e-type=\"widget\" data-widget_type=\"image.default\">\n\t\t\t\t<div class=\"elementor-widget-container\">\n\t\t\t\t\t\t\t\t\t\t\t\t\t\t\t<img decoding=\"async\" data-src=\"https:\/\/www.plico.es\/wp-content\/uploads\/2026\/03\/bg_blutack_26prod.jpg\" title=\"bg_blutack_26prod\" alt=\"bg_blutack_26prod\" src=\"data:image\/svg+xml;base64,PHN2ZyB3aWR0aD0iMSIgaGVpZ2h0PSIxIiB4bWxucz0iaHR0cDovL3d3dy53My5vcmcvMjAwMC9zdmciPjwvc3ZnPg==\" class=\"lazyload\" style=\"--smush-placeholder-width: 1800px; --smush-placeholder-aspect-ratio: 1800\/659;\" \/>\t\t\t\t\t\t\t\t\t\t\t\t\t\t\t<\/div>\n\t\t\t\t<\/div>\n\t\t\t\t\t<\/div>\n\t\t<\/div>\n\t\t\t\t\t<\/div>\n\t\t<\/section>\n\t\t\t\t<section class=\"elementor-section elementor-top-section elementor-element elementor-element-e03e029 elementor-section-full_width elementor-section-height-default elementor-section-height-default\" data-id=\"e03e029\" data-element_type=\"section\" data-e-type=\"section\" data-settings=\"{&quot;background_background&quot;:&quot;classic&quot;}\">\n\t\t\t\t\t\t<div class=\"elementor-container elementor-column-gap-no\">\n\t\t\t\t\t<div class=\"elementor-column elementor-col-100 elementor-top-column elementor-element elementor-element-5212b69\" data-id=\"5212b69\" data-element_type=\"column\" data-e-type=\"column\" data-settings=\"{&quot;background_background&quot;:&quot;classic&quot;}\">\n\t\t\t<div class=\"elementor-widget-wrap elementor-element-populated\">\n\t\t\t\t\t\t<section class=\"elementor-section elementor-inner-section elementor-element elementor-element-b1587c9 elementor-section-boxed elementor-section-height-default elementor-section-height-default\" data-id=\"b1587c9\" data-element_type=\"section\" data-e-type=\"section\">\n\t\t\t\t\t\t<div class=\"elementor-container elementor-column-gap-default\">\n\t\t\t\t\t<div class=\"elementor-column elementor-col-100 elementor-inner-column elementor-element elementor-element-cbfc42a\" data-id=\"cbfc42a\" data-element_type=\"column\" data-e-type=\"column\">\n\t\t\t<div class=\"elementor-widget-wrap elementor-element-populated\">\n\t\t\t\t\t\t<div class=\"elementor-element elementor-element-a73bb3d elementor-widget elementor-widget-heading\" data-id=\"a73bb3d\" data-element_type=\"widget\" data-e-type=\"widget\" data-widget_type=\"heading.default\">\n\t\t\t\t<div class=\"elementor-widget-container\">\n\t\t\t\t\t<h2 class=\"elementor-heading-title elementor-size-default\"><p>Apresentamos o BluTack<br \/>\r\nmais solid\u00e1rio<\/p>\r\n<\/h2>\t\t\t\t<\/div>\n\t\t\t\t<\/div>\n\t\t\t\t<section class=\"elementor-section elementor-inner-section elementor-element elementor-element-23941d9 elementor-section-boxed elementor-section-height-default elementor-section-height-default\" data-id=\"23941d9\" data-element_type=\"section\" data-e-type=\"section\">\n\t\t\t\t\t\t<div class=\"elementor-container elementor-column-gap-default\">\n\t\t\t\t\t<div class=\"elementor-column elementor-col-50 elementor-inner-column elementor-element elementor-element-a8d2aea\" data-id=\"a8d2aea\" data-element_type=\"column\" data-e-type=\"column\">\n\t\t\t<div class=\"elementor-widget-wrap elementor-element-populated\">\n\t\t\t\t\t\t<div class=\"elementor-element elementor-element-0c8ac5b elementor-widget elementor-widget-text-editor\" data-id=\"0c8ac5b\" data-element_type=\"widget\" data-e-type=\"widget\" data-widget_type=\"text-editor.default\">\n\t\t\t\t<div class=\"elementor-widget-container\">\n\t\t\t\t\t\t\t\t\tA edi\u00e7\u00e3o especial do <strong>Blu Tack rosa<\/strong>, em colabora\u00e7\u00e3o com a <strong>Fundaci\u00f3n Contigo<\/strong>, apoia a <strong>investiga\u00e7\u00e3o<\/strong> e a sensibiliza\u00e7\u00e3o <strong>para o cancro das mulheres<\/strong>.\r\n\r\nUm produto de uso quotidiano que se transforma num gesto de solidariedade, em que cada unidade contribui para uma causa importante.\t\t\t\t\t\t\t\t<\/div>\n\t\t\t\t<\/div>\n\t\t\t\t<div class=\"elementor-element elementor-element-33de2a8 elementor-widget elementor-widget-image\" data-id=\"33de2a8\" data-element_type=\"widget\" data-e-type=\"widget\" data-widget_type=\"image.default\">\n\t\t\t\t<div class=\"elementor-widget-container\">\n\t\t\t\t\t\t\t\t\t\t\t\t\t\t\t<img decoding=\"async\" data-src=\"https:\/\/www.plico.es\/wp-content\/uploads\/elementor\/thumbs\/logo_fundacion_contigo-rkaonb6a9tw8m2crzd8tjole5ynxgwqbdoe86fyv5k.jpg\" title=\"logo_fundacion_contigo\" alt=\"logo_fundacion_contigo\" src=\"data:image\/svg+xml;base64,PHN2ZyB3aWR0aD0iMSIgaGVpZ2h0PSIxIiB4bWxucz0iaHR0cDovL3d3dy53My5vcmcvMjAwMC9zdmciPjwvc3ZnPg==\" class=\"lazyload\" style=\"--smush-placeholder-width: 209px; --smush-placeholder-aspect-ratio: 209\/76;\" \/>\t\t\t\t\t\t\t\t\t\t\t\t\t\t\t<\/div>\n\t\t\t\t<\/div>\n\t\t\t\t\t<\/div>\n\t\t<\/div>\n\t\t\t\t<div class=\"elementor-column elementor-col-50 elementor-inner-column elementor-element elementor-element-7d9c2cd\" data-id=\"7d9c2cd\" data-element_type=\"column\" data-e-type=\"column\">\n\t\t\t<div class=\"elementor-widget-wrap elementor-element-populated\">\n\t\t\t\t\t\t<div class=\"elementor-element elementor-element-ad2e35b elementor-widget elementor-widget-text-editor\" data-id=\"ad2e35b\" data-element_type=\"widget\" data-e-type=\"widget\" data-widget_type=\"text-editor.default\">\n\t\t\t\t<div class=\"elementor-widget-container\">\n\t\t\t\t\t\t\t\t\t<p>A Fundaci\u00f3n Contigo contra o cancro feminino foi criada pelo Dr. Javier Cort\u00e9s, um dos mais prestigiados oncologistas da mama do mundo.<\/p>\n<p>O seu objetivo \u00e9 promover projetos de investiga\u00e7\u00e3o que contribuam para a luta contra o cancro da mulher e para a melhoria da qualidade de vida das doentes, apostando na investiga\u00e7\u00e3o cl\u00ednica, j\u00e1 que \u00e9 uma parte essencial da estrat\u00e9gia terap\u00eautica contra o cancro da mulher.<\/p>\n\t\t\t\t\t\t\t\t<\/div>\n\t\t\t\t<\/div>\n\t\t\t\t\t<\/div>\n\t\t<\/div>\n\t\t\t\t\t<\/div>\n\t\t<\/section>\n\t\t\t\t\t<\/div>\n\t\t<\/div>\n\t\t\t\t\t<\/div>\n\t\t<\/section>\n\t\t\t\t\t<\/div>\n\t\t<\/div>\n\t\t\t\t\t<\/div>\n\t\t<\/section>\n\t\t\t\t<section class=\"elementor-section elementor-top-section elementor-element elementor-element-aa08b72 elementor-section-boxed elementor-section-height-default elementor-section-height-default\" data-id=\"aa08b72\" data-element_type=\"section\" data-e-type=\"section\">\n\t\t\t\t\t\t<div class=\"elementor-container elementor-column-gap-default\">\n\t\t\t\t\t<div class=\"elementor-column elementor-col-100 elementor-top-column elementor-element elementor-element-34ff6c5\" data-id=\"34ff6c5\" data-element_type=\"column\" data-e-type=\"column\">\n\t\t\t<div class=\"elementor-widget-wrap elementor-element-populated\">\n\t\t\t\t\t\t<section class=\"elementor-section elementor-inner-section elementor-element elementor-element-62bf460 elementor-section-boxed elementor-section-height-default elementor-section-height-default\" data-id=\"62bf460\" data-element_type=\"section\" data-e-type=\"section\">\n\t\t\t\t\t\t<div class=\"elementor-container elementor-column-gap-default\">\n\t\t\t\t\t<div class=\"elementor-column elementor-col-50 elementor-inner-column elementor-element elementor-element-45b0f2f\" data-id=\"45b0f2f\" data-element_type=\"column\" data-e-type=\"column\">\n\t\t\t<div class=\"elementor-widget-wrap elementor-element-populated\">\n\t\t\t\t\t\t<div class=\"elementor-element elementor-element-3f720c3 elementor-widget elementor-widget-heading\" data-id=\"3f720c3\" data-element_type=\"widget\" data-e-type=\"widget\" data-widget_type=\"heading.default\">\n\t\t\t\t<div class=\"elementor-widget-container\">\n\t\t\t\t\t<h2 class=\"elementor-heading-title elementor-size-default\">GAMA DE PRODUTOS<\/h2>\t\t\t\t<\/div>\n\t\t\t\t<\/div>\n\t\t\t\t<div class=\"elementor-element elementor-element-40c87a7 elementor-widget elementor-widget-shortcode\" data-id=\"40c87a7\" data-element_type=\"widget\" data-e-type=\"widget\" data-widget_type=\"shortcode.default\">\n\t\t\t\t<div class=\"elementor-widget-container\">\n\t\t\t\t\t\t\t<div class=\"elementor-shortcode\">\n<table id=\"tablepress-2\" class=\"tablepress tablepress-id-2\">\n<thead>\n<tr class=\"row-1\">\n\t<th class=\"column-1\">Ref.<\/th><th class=\"column-2\">Color<\/th><th class=\"column-3\">Cantidad<\/th><th class=\"column-4\">EAN<\/th><th class=\"column-5\">Uds.\/Caja<\/th>\n<\/tr>\n<\/thead>\n<tbody>\n<tr class=\"row-2\">\n\t<td class=\"column-1\">1689<\/td><td class=\"column-2\">azul<\/td><td class=\"column-3\">45 g.<\/td><td class=\"column-4\">8412663660330<\/td><td class=\"column-5\">12 uds.<\/td>\n<\/tr>\n<tr class=\"row-3\">\n\t<td class=\"column-1\">1690<\/td><td class=\"column-2\">azul<\/td><td class=\"column-3\">90 g.<\/td><td class=\"column-4\">8412663105923<\/td><td class=\"column-5\">12 uds.<\/td>\n<\/tr>\n<tr class=\"row-4\">\n\t<td class=\"column-1\">1739<\/td><td class=\"column-2\">blanco<\/td><td class=\"column-3\">45 g.<\/td><td class=\"column-4\">8412663660378<\/td><td class=\"column-5\">12 uds.<\/td>\n<\/tr>\n<tr class=\"row-5\">\n\t<td class=\"column-1\">1740<\/td><td class=\"column-2\">rosa<\/td><td class=\"column-3\">45 g.<\/td><td class=\"column-4\">8412663304586<\/td><td class=\"column-5\">12 uds.<\/td>\n<\/tr>\n<\/tbody>\n<\/table>\n<!-- #tablepress-2 from cache --><\/div>\n\t\t\t\t\t\t<\/div>\n\t\t\t\t<\/div>\n\t\t\t\t\t<\/div>\n\t\t<\/div>\n\t\t\t\t<div class=\"elementor-column elementor-col-50 elementor-inner-column elementor-element elementor-element-fc19880\" data-id=\"fc19880\" data-element_type=\"column\" data-e-type=\"column\">\n\t\t\t<div class=\"elementor-widget-wrap\">\n\t\t\t\t\t\t\t<\/div>\n\t\t<\/div>\n\t\t\t\t\t<\/div>\n\t\t<\/section>\n\t\t\t\t<section class=\"elementor-section elementor-inner-section elementor-element elementor-element-0218cb7 elementor-section-boxed elementor-section-height-default elementor-section-height-default\" data-id=\"0218cb7\" data-element_type=\"section\" data-e-type=\"section\">\n\t\t\t\t\t\t<div class=\"elementor-container elementor-column-gap-default\">\n\t\t\t\t\t<div class=\"elementor-column elementor-col-50 elementor-inner-column elementor-element elementor-element-1e0f6bb\" data-id=\"1e0f6bb\" data-element_type=\"column\" data-e-type=\"column\">\n\t\t\t<div class=\"elementor-widget-wrap elementor-element-populated\">\n\t\t\t\t\t\t<div class=\"elementor-element elementor-element-4af078a elementor-widget elementor-widget-heading\" data-id=\"4af078a\" data-element_type=\"widget\" data-e-type=\"widget\" data-widget_type=\"heading.default\">\n\t\t\t\t<div class=\"elementor-widget-container\">\n\t\t\t\t\t<h2 class=\"elementor-heading-title elementor-size-default\">Download<\/h2>\t\t\t\t<\/div>\n\t\t\t\t<\/div>\n\t\t\t\t<div class=\"elementor-element elementor-element-f4488ba elementor-widget__width-auto elementor-widget elementor-widget-text-editor\" data-id=\"f4488ba\" data-element_type=\"widget\" data-e-type=\"widget\" data-widget_type=\"text-editor.default\">\n\t\t\t\t<div class=\"elementor-widget-container\">\n\t\t\t\t\t\t\t\t\t<p>especifica\u00e7\u00f5es t\u00e9cnicas<\/p>\n\t\t\t\t\t\t\t\t<\/div>\n\t\t\t\t<\/div>\n\t\t\t\t<div class=\"elementor-element elementor-element-3b9cb01 elementor-widget elementor-widget-button\" data-id=\"3b9cb01\" data-element_type=\"widget\" data-e-type=\"widget\" data-widget_type=\"button.default\">\n\t\t\t\t<div class=\"elementor-widget-container\">\n\t\t\t\t\t\t\t\t\t<div class=\"elementor-button-wrapper\">\n\t\t\t\t\t<a class=\"elementor-button elementor-button-link elementor-size-sm\" href=\"https:\/\/www.plico.es\/wp-content\/uploads\/2026\/03\/FT_BLUTACK_PT.pdf\" target=\"_blank\">\n\t\t\t\t\t\t<span class=\"elementor-button-content-wrapper\">\n\t\t\t\t\t\t\t\t\t<span class=\"elementor-button-text\">download<\/span>\n\t\t\t\t\t<\/span>\n\t\t\t\t\t<\/a>\n\t\t\t\t<\/div>\n\t\t\t\t\t\t\t\t<\/div>\n\t\t\t\t<\/div>\n\t\t\t\t\t<\/div>\n\t\t<\/div>\n\t\t\t\t<div class=\"elementor-column elementor-col-50 elementor-inner-column elementor-element elementor-element-9cac645\" data-id=\"9cac645\" data-element_type=\"column\" data-e-type=\"column\">\n\t\t\t<div class=\"elementor-widget-wrap\">\n\t\t\t\t\t\t\t<\/div>\n\t\t<\/div>\n\t\t\t\t\t<\/div>\n\t\t<\/section>\n\t\t\t\t\t<\/div>\n\t\t<\/div>\n\t\t\t\t\t<\/div>\n\t\t<\/section>\n\t\t\t\t<\/div>\n\t\t","protected":false},"excerpt":{"rendered":"<p>Ref. 1740<br \/>\nMassa adesiva mold\u00e1vel e reutiliz\u00e1vel, recomendada para a fixa\u00e7\u00e3o de todo o tipo de objetos.<br \/>\nMuito \u00fatil para fixar cartazes, fotografias, ornamentos, letras, etc. Em casa, na escola e no ateli\u00ea.<br \/>\n45 g.<\/p>\n<p>&nbsp;<\/p>\n<p><strong>Aplica\u00e7\u00f5es<\/strong><\/p>\n<ul>\n<li>Fixa\u00e7\u00e3o de cartazes, postais, desenhos de crian\u00e7as, mapas, mensagens, etc.<\/li>\n<li>Fixa\u00e7\u00e3o de objetos decorativos, bal\u00f5es, grinaldas\u2026<\/li>\n<li>Fixa\u00e7\u00e3o de pequenos objetos de mesa, objetos em prateleiras, fixa\u00e7\u00e3o de trabalhos de modelismo durante a colagem ou pintura, etc.<\/li>\n<li>Fixa\u00e7\u00e3o de flores e velas nos seus suportes de mesa. Prepara\u00e7\u00e3o de arranjos florais.<\/li>\n<li>Limpeza de cot\u00e3o de tecidos, teclados de computador, carris de comboio e pistas de corrida (modelismo).<\/li>\n<\/ul>\n","protected":false},"featured_media":7733,"comment_status":"closed","ping_status":"closed","template":"","meta":[],"product_brand":[],"product_cat":[63],"product_tag":[],"class_list":{"0":"post-7728","1":"product","2":"type-product","3":"status-publish","4":"has-post-thumbnail","6":"product_cat-blu-tack-pt-pt","8":"first","9":"instock","10":"shipping-taxable","11":"product-type-simple"},"yoast_head":"<!-- This site is optimized with the Yoast SEO plugin v27.6 - https:\/\/yoast.com\/product\/yoast-seo-wordpress\/ -->\n<title>Plico | Blu-Tack Rosa<\/title>\n<meta name=\"robots\" content=\"index, follow, max-snippet:-1, max-image-preview:large, max-video-preview:-1\" \/>\n<link rel=\"canonical\" href=\"https:\/\/www.plico.es\/pt-pt\/producto\/blu-tack-original-copia\/\" \/>\n<meta property=\"og:locale\" content=\"pt_PT\" \/>\n<meta property=\"og:type\" content=\"article\" \/>\n<meta property=\"og:title\" content=\"Plico | Blu-Tack Rosa\" \/>\n<meta property=\"og:description\" content=\"Ref. 1740 Massa adesiva mold\u00e1vel e reutiliz\u00e1vel, recomendada para a fixa\u00e7\u00e3o de todo o tipo de objetos. Muito \u00fatil para fixar cartazes, fotografias, ornamentos, letras, etc. Em casa, na escola e no ateli\u00ea. 45 g.  &nbsp;  Aplica\u00e7\u00f5es   Fixa\u00e7\u00e3o de cartazes, postais, desenhos de crian\u00e7as, mapas, mensagens, etc.  Fixa\u00e7\u00e3o de objetos decorativos, bal\u00f5es, grinaldas\u2026  Fixa\u00e7\u00e3o de pequenos objetos de mesa, objetos em prateleiras, fixa\u00e7\u00e3o de trabalhos de modelismo durante a colagem ou pintura, etc.  Fixa\u00e7\u00e3o de flores e velas nos seus suportes de mesa. Prepara\u00e7\u00e3o de arranjos florais.  Limpeza de cot\u00e3o de tecidos, teclados de computador, carris de comboio e pistas de corrida (modelismo).\" \/>\n<meta property=\"og:url\" content=\"https:\/\/www.plico.es\/pt-pt\/producto\/blu-tack-original-copia\/\" \/>\n<meta property=\"og:site_name\" content=\"Plico\" \/>\n<meta property=\"article:publisher\" content=\"https:\/\/www.facebook.com\/plico2017\/\" \/>\n<meta property=\"article:modified_time\" content=\"2026-03-19T14:22:09+00:00\" \/>\n<meta property=\"og:image\" content=\"https:\/\/www.plico.es\/wp-content\/uploads\/2022\/05\/blu-tack_rosa.png\" \/>\n\t<meta property=\"og:image:width\" content=\"1200\" \/>\n\t<meta property=\"og:image:height\" content=\"1500\" \/>\n\t<meta property=\"og:image:type\" content=\"image\/png\" \/>\n<meta name=\"twitter:card\" content=\"summary_large_image\" \/>\n<meta name=\"twitter:label1\" content=\"Tempo estimado de leitura\" \/>\n\t<meta name=\"twitter:data1\" content=\"1 minuto\" \/>\n<script type=\"application\/ld+json\" class=\"yoast-schema-graph\">{\"@context\":\"https:\\\/\\\/schema.org\",\"@graph\":[{\"@type\":\"WebPage\",\"@id\":\"https:\\\/\\\/www.plico.es\\\/pt-pt\\\/producto\\\/blu-tack-original-copia\\\/\",\"url\":\"https:\\\/\\\/www.plico.es\\\/pt-pt\\\/producto\\\/blu-tack-original-copia\\\/\",\"name\":\"Plico | Blu-Tack Rosa\",\"isPartOf\":{\"@id\":\"https:\\\/\\\/www.plico.es\\\/pt-pt\\\/#website\"},\"primaryImageOfPage\":{\"@id\":\"https:\\\/\\\/www.plico.es\\\/pt-pt\\\/producto\\\/blu-tack-original-copia\\\/#primaryimage\"},\"image\":{\"@id\":\"https:\\\/\\\/www.plico.es\\\/pt-pt\\\/producto\\\/blu-tack-original-copia\\\/#primaryimage\"},\"thumbnailUrl\":\"https:\\\/\\\/www.plico.es\\\/wp-content\\\/uploads\\\/2022\\\/05\\\/blu-tack_rosa.png\",\"datePublished\":\"2026-03-06T15:10:48+00:00\",\"dateModified\":\"2026-03-19T14:22:09+00:00\",\"breadcrumb\":{\"@id\":\"https:\\\/\\\/www.plico.es\\\/pt-pt\\\/producto\\\/blu-tack-original-copia\\\/#breadcrumb\"},\"inLanguage\":\"pt-PT\",\"potentialAction\":[{\"@type\":\"ReadAction\",\"target\":[\"https:\\\/\\\/www.plico.es\\\/pt-pt\\\/producto\\\/blu-tack-original-copia\\\/\"]}]},{\"@type\":\"ImageObject\",\"inLanguage\":\"pt-PT\",\"@id\":\"https:\\\/\\\/www.plico.es\\\/pt-pt\\\/producto\\\/blu-tack-original-copia\\\/#primaryimage\",\"url\":\"https:\\\/\\\/www.plico.es\\\/wp-content\\\/uploads\\\/2022\\\/05\\\/blu-tack_rosa.png\",\"contentUrl\":\"https:\\\/\\\/www.plico.es\\\/wp-content\\\/uploads\\\/2022\\\/05\\\/blu-tack_rosa.png\",\"width\":1200,\"height\":1500},{\"@type\":\"BreadcrumbList\",\"@id\":\"https:\\\/\\\/www.plico.es\\\/pt-pt\\\/producto\\\/blu-tack-original-copia\\\/#breadcrumb\",\"itemListElement\":[{\"@type\":\"ListItem\",\"position\":1,\"name\":\"Portada\",\"item\":\"https:\\\/\\\/www.plico.es\\\/pt-pt\\\/\"},{\"@type\":\"ListItem\",\"position\":2,\"name\":\"Shop\",\"item\":\"https:\\\/\\\/www.plico.es\\\/pt-pt\\\/shop\\\/\"},{\"@type\":\"ListItem\",\"position\":3,\"name\":\"Blu-Tack Rosa\"}]},{\"@type\":\"WebSite\",\"@id\":\"https:\\\/\\\/www.plico.es\\\/pt-pt\\\/#website\",\"url\":\"https:\\\/\\\/www.plico.es\\\/pt-pt\\\/\",\"name\":\"Plico\",\"description\":\"Expertos en Manualidades\",\"publisher\":{\"@id\":\"https:\\\/\\\/www.plico.es\\\/pt-pt\\\/#organization\"},\"alternateName\":\"Productos L\u00edderes Comercializados, S.A.\",\"potentialAction\":[{\"@type\":\"SearchAction\",\"target\":{\"@type\":\"EntryPoint\",\"urlTemplate\":\"https:\\\/\\\/www.plico.es\\\/pt-pt\\\/?s={search_term_string}\"},\"query-input\":{\"@type\":\"PropertyValueSpecification\",\"valueRequired\":true,\"valueName\":\"search_term_string\"}}],\"inLanguage\":\"pt-PT\"},{\"@type\":\"Organization\",\"@id\":\"https:\\\/\\\/www.plico.es\\\/pt-pt\\\/#organization\",\"name\":\"Plico\",\"alternateName\":\"Productos L\u00edderes Comercializados, S.A.\",\"url\":\"https:\\\/\\\/www.plico.es\\\/pt-pt\\\/\",\"logo\":{\"@type\":\"ImageObject\",\"inLanguage\":\"pt-PT\",\"@id\":\"https:\\\/\\\/www.plico.es\\\/pt-pt\\\/#\\\/schema\\\/logo\\\/image\\\/\",\"url\":\"https:\\\/\\\/www.plico.es\\\/wp-content\\\/uploads\\\/2022\\\/05\\\/logo_plico.png\",\"contentUrl\":\"https:\\\/\\\/www.plico.es\\\/wp-content\\\/uploads\\\/2022\\\/05\\\/logo_plico.png\",\"width\":400,\"height\":185,\"caption\":\"Plico\"},\"image\":{\"@id\":\"https:\\\/\\\/www.plico.es\\\/pt-pt\\\/#\\\/schema\\\/logo\\\/image\\\/\"},\"sameAs\":[\"https:\\\/\\\/www.facebook.com\\\/plico2017\\\/\",\"https:\\\/\\\/www.instagram.com\\\/plico_es\\\/\",\"https:\\\/\\\/www.youtube.com\\\/channel\\\/UCC1ygHF4QAP-CTLDlHMLs7g\"]}]}<\/script>\n<!-- \/ Yoast SEO plugin. -->","yoast_head_json":{"title":"Plico | Blu-Tack Rosa","robots":{"index":"index","follow":"follow","max-snippet":"max-snippet:-1","max-image-preview":"max-image-preview:large","max-video-preview":"max-video-preview:-1"},"canonical":"https:\/\/www.plico.es\/pt-pt\/producto\/blu-tack-original-copia\/","og_locale":"pt_PT","og_type":"article","og_title":"Plico | Blu-Tack Rosa","og_description":"Ref. 1740 Massa adesiva mold\u00e1vel e reutiliz\u00e1vel, recomendada para a fixa\u00e7\u00e3o de todo o tipo de objetos. Muito \u00fatil para fixar cartazes, fotografias, ornamentos, letras, etc. Em casa, na escola e no ateli\u00ea. 45 g.  &nbsp;  Aplica\u00e7\u00f5es   Fixa\u00e7\u00e3o de cartazes, postais, desenhos de crian\u00e7as, mapas, mensagens, etc.  Fixa\u00e7\u00e3o de objetos decorativos, bal\u00f5es, grinaldas\u2026  Fixa\u00e7\u00e3o de pequenos objetos de mesa, objetos em prateleiras, fixa\u00e7\u00e3o de trabalhos de modelismo durante a colagem ou pintura, etc.  Fixa\u00e7\u00e3o de flores e velas nos seus suportes de mesa. Prepara\u00e7\u00e3o de arranjos florais.  Limpeza de cot\u00e3o de tecidos, teclados de computador, carris de comboio e pistas de corrida (modelismo).","og_url":"https:\/\/www.plico.es\/pt-pt\/producto\/blu-tack-original-copia\/","og_site_name":"Plico","article_publisher":"https:\/\/www.facebook.com\/plico2017\/","article_modified_time":"2026-03-19T14:22:09+00:00","og_image":[{"width":1200,"height":1500,"url":"https:\/\/www.plico.es\/wp-content\/uploads\/2022\/05\/blu-tack_rosa.png","type":"image\/png"}],"twitter_card":"summary_large_image","twitter_misc":{"Tempo estimado de leitura":"1 minuto"},"schema":{"@context":"https:\/\/schema.org","@graph":[{"@type":"WebPage","@id":"https:\/\/www.plico.es\/pt-pt\/producto\/blu-tack-original-copia\/","url":"https:\/\/www.plico.es\/pt-pt\/producto\/blu-tack-original-copia\/","name":"Plico | Blu-Tack Rosa","isPartOf":{"@id":"https:\/\/www.plico.es\/pt-pt\/#website"},"primaryImageOfPage":{"@id":"https:\/\/www.plico.es\/pt-pt\/producto\/blu-tack-original-copia\/#primaryimage"},"image":{"@id":"https:\/\/www.plico.es\/pt-pt\/producto\/blu-tack-original-copia\/#primaryimage"},"thumbnailUrl":"https:\/\/www.plico.es\/wp-content\/uploads\/2022\/05\/blu-tack_rosa.png","datePublished":"2026-03-06T15:10:48+00:00","dateModified":"2026-03-19T14:22:09+00:00","breadcrumb":{"@id":"https:\/\/www.plico.es\/pt-pt\/producto\/blu-tack-original-copia\/#breadcrumb"},"inLanguage":"pt-PT","potentialAction":[{"@type":"ReadAction","target":["https:\/\/www.plico.es\/pt-pt\/producto\/blu-tack-original-copia\/"]}]},{"@type":"ImageObject","inLanguage":"pt-PT","@id":"https:\/\/www.plico.es\/pt-pt\/producto\/blu-tack-original-copia\/#primaryimage","url":"https:\/\/www.plico.es\/wp-content\/uploads\/2022\/05\/blu-tack_rosa.png","contentUrl":"https:\/\/www.plico.es\/wp-content\/uploads\/2022\/05\/blu-tack_rosa.png","width":1200,"height":1500},{"@type":"BreadcrumbList","@id":"https:\/\/www.plico.es\/pt-pt\/producto\/blu-tack-original-copia\/#breadcrumb","itemListElement":[{"@type":"ListItem","position":1,"name":"Portada","item":"https:\/\/www.plico.es\/pt-pt\/"},{"@type":"ListItem","position":2,"name":"Shop","item":"https:\/\/www.plico.es\/pt-pt\/shop\/"},{"@type":"ListItem","position":3,"name":"Blu-Tack Rosa"}]},{"@type":"WebSite","@id":"https:\/\/www.plico.es\/pt-pt\/#website","url":"https:\/\/www.plico.es\/pt-pt\/","name":"Plico","description":"Expertos en Manualidades","publisher":{"@id":"https:\/\/www.plico.es\/pt-pt\/#organization"},"alternateName":"Productos L\u00edderes Comercializados, S.A.","potentialAction":[{"@type":"SearchAction","target":{"@type":"EntryPoint","urlTemplate":"https:\/\/www.plico.es\/pt-pt\/?s={search_term_string}"},"query-input":{"@type":"PropertyValueSpecification","valueRequired":true,"valueName":"search_term_string"}}],"inLanguage":"pt-PT"},{"@type":"Organization","@id":"https:\/\/www.plico.es\/pt-pt\/#organization","name":"Plico","alternateName":"Productos L\u00edderes Comercializados, S.A.","url":"https:\/\/www.plico.es\/pt-pt\/","logo":{"@type":"ImageObject","inLanguage":"pt-PT","@id":"https:\/\/www.plico.es\/pt-pt\/#\/schema\/logo\/image\/","url":"https:\/\/www.plico.es\/wp-content\/uploads\/2022\/05\/logo_plico.png","contentUrl":"https:\/\/www.plico.es\/wp-content\/uploads\/2022\/05\/logo_plico.png","width":400,"height":185,"caption":"Plico"},"image":{"@id":"https:\/\/www.plico.es\/pt-pt\/#\/schema\/logo\/image\/"},"sameAs":["https:\/\/www.facebook.com\/plico2017\/","https:\/\/www.instagram.com\/plico_es\/","https:\/\/www.youtube.com\/channel\/UCC1ygHF4QAP-CTLDlHMLs7g"]}]}},"_links":{"self":[{"href":"https:\/\/www.plico.es\/pt-pt\/wp-json\/wp\/v2\/product\/7728","targetHints":{"allow":["GET"]}}],"collection":[{"href":"https:\/\/www.plico.es\/pt-pt\/wp-json\/wp\/v2\/product"}],"about":[{"href":"https:\/\/www.plico.es\/pt-pt\/wp-json\/wp\/v2\/types\/product"}],"replies":[{"embeddable":true,"href":"https:\/\/www.plico.es\/pt-pt\/wp-json\/wp\/v2\/comments?post=7728"}],"version-history":[{"count":2,"href":"https:\/\/www.plico.es\/pt-pt\/wp-json\/wp\/v2\/product\/7728\/revisions"}],"predecessor-version":[{"id":8448,"href":"https:\/\/www.plico.es\/pt-pt\/wp-json\/wp\/v2\/product\/7728\/revisions\/8448"}],"wp:featuredmedia":[{"embeddable":true,"href":"https:\/\/www.plico.es\/pt-pt\/wp-json\/wp\/v2\/media\/7733"}],"wp:attachment":[{"href":"https:\/\/www.plico.es\/pt-pt\/wp-json\/wp\/v2\/media?parent=7728"}],"wp:term":[{"taxonomy":"product_brand","embeddable":true,"href":"https:\/\/www.plico.es\/pt-pt\/wp-json\/wp\/v2\/product_brand?post=7728"},{"taxonomy":"product_cat","embeddable":true,"href":"https:\/\/www.plico.es\/pt-pt\/wp-json\/wp\/v2\/product_cat?post=7728"},{"taxonomy":"product_tag","embeddable":true,"href":"https:\/\/www.plico.es\/pt-pt\/wp-json\/wp\/v2\/product_tag?post=7728"}],"curies":[{"name":"wp","href":"https:\/\/api.w.org\/{rel}","templated":true}]}}