{"id":7785,"date":"2026-03-09T09:34:04","date_gmt":"2026-03-09T08:34:04","guid":{"rendered":"https:\/\/www.plico.es\/?post_type=product&#038;p=7785"},"modified":"2026-03-19T15:34:02","modified_gmt":"2026-03-19T14:34:02","slug":"pistola-de-cola-mini-de-baixa-temperatura-copia","status":"publish","type":"product","link":"https:\/\/www.plico.es\/pt-pt\/producto\/pistola-de-cola-mini-de-baixa-temperatura-copia\/","title":{"rendered":"Pistola de cola MINI de baixa temperatura com bateria"},"content":{"rendered":"\t\t<div data-elementor-type=\"product-post\" data-elementor-id=\"7785\" class=\"elementor elementor-7785 elementor-7784\" data-elementor-post-type=\"product\">\n\t\t\t\t\t\t<section class=\"elementor-section elementor-top-section elementor-element elementor-element-6f2a94b elementor-section-boxed elementor-section-height-default elementor-section-height-default\" data-id=\"6f2a94b\" data-element_type=\"section\" data-e-type=\"section\">\n\t\t\t\t\t\t<div class=\"elementor-container elementor-column-gap-default\">\n\t\t\t\t\t<div class=\"elementor-column elementor-col-100 elementor-top-column elementor-element elementor-element-d09528a\" data-id=\"d09528a\" data-element_type=\"column\" data-e-type=\"column\">\n\t\t\t<div class=\"elementor-widget-wrap elementor-element-populated\">\n\t\t\t\t\t\t<section class=\"elementor-section elementor-inner-section elementor-element elementor-element-87a6fab elementor-section-boxed elementor-section-height-default elementor-section-height-default\" data-id=\"87a6fab\" data-element_type=\"section\" data-e-type=\"section\">\n\t\t\t\t\t\t<div class=\"elementor-container elementor-column-gap-default\">\n\t\t\t\t\t<div class=\"elementor-column elementor-col-100 elementor-inner-column elementor-element elementor-element-651b848\" data-id=\"651b848\" data-element_type=\"column\" data-e-type=\"column\">\n\t\t\t<div class=\"elementor-widget-wrap elementor-element-populated\">\n\t\t\t\t\t\t<div class=\"elementor-element elementor-element-7997c13 elementor-widget elementor-widget-image\" data-id=\"7997c13\" data-element_type=\"widget\" data-e-type=\"widget\" data-widget_type=\"image.default\">\n\t\t\t\t<div class=\"elementor-widget-container\">\n\t\t\t\t\t\t\t\t\t\t\t\t\t\t\t<img decoding=\"async\" data-src=\"https:\/\/www.plico.es\/wp-content\/uploads\/elementor\/thumbs\/pictos_pistolaMINI-q3l9m0cjl5omz0xrtvkhh1tw163nptvmm7fny2rrwg.png\" title=\"pictos_pistolaMINI\" alt=\"pictos_pistolaMINI\" src=\"data:image\/svg+xml;base64,PHN2ZyB3aWR0aD0iMSIgaGVpZ2h0PSIxIiB4bWxucz0iaHR0cDovL3d3dy53My5vcmcvMjAwMC9zdmciPjwvc3ZnPg==\" class=\"lazyload\" style=\"--smush-placeholder-width: 146px; --smush-placeholder-aspect-ratio: 146\/80;\" \/>\t\t\t\t\t\t\t\t\t\t\t\t\t\t\t<\/div>\n\t\t\t\t<\/div>\n\t\t\t\t\t<\/div>\n\t\t<\/div>\n\t\t\t\t\t<\/div>\n\t\t<\/section>\n\t\t\t\t\t<\/div>\n\t\t<\/div>\n\t\t\t\t\t<\/div>\n\t\t<\/section>\n\t\t\t\t<section class=\"elementor-section elementor-top-section elementor-element elementor-element-408fd35 elementor-section-boxed elementor-section-height-default elementor-section-height-default\" data-id=\"408fd35\" data-element_type=\"section\" data-e-type=\"section\">\n\t\t\t\t\t\t<div class=\"elementor-container elementor-column-gap-default\">\n\t\t\t\t\t<div class=\"elementor-column elementor-col-100 elementor-top-column elementor-element elementor-element-10e5e11\" data-id=\"10e5e11\" data-element_type=\"column\" data-e-type=\"column\">\n\t\t\t<div class=\"elementor-widget-wrap elementor-element-populated\">\n\t\t\t\t\t\t<section class=\"elementor-section elementor-inner-section elementor-element elementor-element-d971511 elementor-section-boxed elementor-section-height-default elementor-section-height-default\" data-id=\"d971511\" data-element_type=\"section\" data-e-type=\"section\">\n\t\t\t\t\t\t<div class=\"elementor-container elementor-column-gap-default\">\n\t\t\t\t\t<div class=\"elementor-column elementor-col-50 elementor-inner-column elementor-element elementor-element-2f96cfc\" data-id=\"2f96cfc\" data-element_type=\"column\" data-e-type=\"column\">\n\t\t\t<div class=\"elementor-widget-wrap elementor-element-populated\">\n\t\t\t\t\t\t<div class=\"elementor-element elementor-element-369bc58 elementor-widget elementor-widget-heading\" data-id=\"369bc58\" data-element_type=\"widget\" data-e-type=\"widget\" data-widget_type=\"heading.default\">\n\t\t\t\t<div class=\"elementor-widget-container\">\n\t\t\t\t\t<h2 class=\"elementor-heading-title elementor-size-default\">GAMA DE PRODUTOS<\/h2>\t\t\t\t<\/div>\n\t\t\t\t<\/div>\n\t\t\t\t<div class=\"elementor-element elementor-element-5690f49 elementor-widget elementor-widget-shortcode\" data-id=\"5690f49\" data-element_type=\"widget\" data-e-type=\"widget\" data-widget_type=\"shortcode.default\">\n\t\t\t\t<div class=\"elementor-widget-container\">\n\t\t\t\t\t\t\t<div class=\"elementor-shortcode\">\n<table id=\"tablepress-17\" class=\"tablepress tablepress-id-17\">\n<thead>\n<tr class=\"row-1\">\n\t<th class=\"column-1\">Ref.<\/th><th class=\"column-2\">Descripci\u00f3n<\/th><th class=\"column-3\">EAN<\/th><th class=\"column-4\">Uds.\/Caja<\/th>\n<\/tr>\n<\/thead>\n<tbody>\n<tr class=\"row-2\">\n\t<td class=\"column-1\">1650<\/td><td class=\"column-2\">Pistola Encoladora MINI-Baja Temperatura 25 W<\/td><td class=\"column-3\">8437013133869<\/td><td class=\"column-4\">6 ud.<\/td>\n<\/tr>\n<tr class=\"row-3\">\n\t<td class=\"column-1\">1661<\/td><td class=\"column-2\">Pistola Encoladora MINI- Baja Temperatura CON BATER\u00cdA<\/td><td class=\"column-3\">8437013133036<\/td><td class=\"column-4\">6 ud.<\/td>\n<\/tr>\n<tr class=\"row-4\">\n\t<td class=\"column-1\">1651<\/td><td class=\"column-2\">Cola Termofusible MINI-Baja Temperatura, \u00d8 8 mm ( 22 uds.)<\/td><td class=\"column-3\">8437013133876<\/td><td class=\"column-4\">10 uds.<\/td>\n<\/tr>\n<tr class=\"row-5\">\n\t<td class=\"column-1\">1657<\/td><td class=\"column-2\">Cola Termofusible MINI-XL Baja Temperatura, <br \/>\n\u00d8 8 mm (25 uds.)<\/td><td class=\"column-3\">8437013133999<\/td><td class=\"column-4\">10 uds.<\/td>\n<\/tr>\n<\/tbody>\n<\/table>\n<!-- #tablepress-17 from cache --><\/div>\n\t\t\t\t\t\t<\/div>\n\t\t\t\t<\/div>\n\t\t\t\t\t<\/div>\n\t\t<\/div>\n\t\t\t\t<div class=\"elementor-column elementor-col-50 elementor-inner-column elementor-element elementor-element-6df70e1\" data-id=\"6df70e1\" data-element_type=\"column\" data-e-type=\"column\">\n\t\t\t<div class=\"elementor-widget-wrap\">\n\t\t\t\t\t\t\t<\/div>\n\t\t<\/div>\n\t\t\t\t\t<\/div>\n\t\t<\/section>\n\t\t\t\t<section class=\"elementor-section elementor-inner-section elementor-element elementor-element-966dd5a elementor-section-boxed elementor-section-height-default elementor-section-height-default\" data-id=\"966dd5a\" data-element_type=\"section\" data-e-type=\"section\">\n\t\t\t\t\t\t<div class=\"elementor-container elementor-column-gap-default\">\n\t\t\t\t\t<div class=\"elementor-column elementor-col-50 elementor-inner-column elementor-element elementor-element-7d7da8f\" data-id=\"7d7da8f\" data-element_type=\"column\" data-e-type=\"column\">\n\t\t\t<div class=\"elementor-widget-wrap elementor-element-populated\">\n\t\t\t\t\t\t<div class=\"elementor-element elementor-element-be8aeaa elementor-widget elementor-widget-heading\" data-id=\"be8aeaa\" data-element_type=\"widget\" data-e-type=\"widget\" data-widget_type=\"heading.default\">\n\t\t\t\t<div class=\"elementor-widget-container\">\n\t\t\t\t\t<h2 class=\"elementor-heading-title elementor-size-default\">Download<\/h2>\t\t\t\t<\/div>\n\t\t\t\t<\/div>\n\t\t\t\t<div class=\"elementor-element elementor-element-56caab2 elementor-widget__width-auto elementor-widget elementor-widget-text-editor\" data-id=\"56caab2\" data-element_type=\"widget\" data-e-type=\"widget\" data-widget_type=\"text-editor.default\">\n\t\t\t\t<div class=\"elementor-widget-container\">\n\t\t\t\t\t\t\t\t\t<p>Especifica\u00e7\u00f5es t\u00e9cnicas<\/p>\n\t\t\t\t\t\t\t\t<\/div>\n\t\t\t\t<\/div>\n\t\t\t\t<div class=\"elementor-element elementor-element-af4b290 elementor-widget elementor-widget-button\" data-id=\"af4b290\" data-element_type=\"widget\" data-e-type=\"widget\" data-widget_type=\"button.default\">\n\t\t\t\t<div class=\"elementor-widget-container\">\n\t\t\t\t\t\t\t\t\t<div class=\"elementor-button-wrapper\">\n\t\t\t\t\t<a class=\"elementor-button elementor-button-link elementor-size-sm\" href=\"https:\/\/www.plico.es\/wp-content\/uploads\/2026\/03\/FT_PISTOLA-MINI-BT-COM-BATERIA_PT.pdf\" target=\"_blank\">\n\t\t\t\t\t\t<span class=\"elementor-button-content-wrapper\">\n\t\t\t\t\t\t\t\t\t<span class=\"elementor-button-text\">download<\/span>\n\t\t\t\t\t<\/span>\n\t\t\t\t\t<\/a>\n\t\t\t\t<\/div>\n\t\t\t\t\t\t\t\t<\/div>\n\t\t\t\t<\/div>\n\t\t\t\t\t<\/div>\n\t\t<\/div>\n\t\t\t\t<div class=\"elementor-column elementor-col-50 elementor-inner-column elementor-element elementor-element-0abe13b\" data-id=\"0abe13b\" data-element_type=\"column\" data-e-type=\"column\">\n\t\t\t<div class=\"elementor-widget-wrap\">\n\t\t\t\t\t\t\t<\/div>\n\t\t<\/div>\n\t\t\t\t\t<\/div>\n\t\t<\/section>\n\t\t\t\t\t<\/div>\n\t\t<\/div>\n\t\t\t\t\t<\/div>\n\t\t<\/section>\n\t\t\t\t<\/div>\n\t\t","protected":false},"excerpt":{"rendered":"<p>Ref. 1661<br \/>\nCola instantaneamente uma grande variedade de materiais. A sua bateria de l\u00edtio proporciona-lhe autonomia de at\u00e9 60\u00a0minutos. Ideal para trabalhos manuais na escola e em casa.<br \/>\n<strong>Ilumina\u00e7\u00e3o LED<\/strong> junto ao bocal, melhora em grande medida a vis\u00e3o da \u00e1rea de trabalho.<br \/>\nIndicador de carga LED que mostra o <strong>n\u00edvel de carga da bateria<\/strong>.<br \/>\n<strong>Interruptor on\/off<\/strong> permite poupar energia ao desligar a pistola quando n\u00e3o estiver a ser utilizada.<br \/>\n<strong>Aquecimento.<\/strong> M\u00e1xima temperatura antes de tr\u00eas minutos.<br \/>\nDerrete a\u00a0baixa temperatura,\u00a0pelo que \u00e9 muito adequada para colar materiais sens\u00edveis ao calor, tais como poliestireno, bal\u00f5es, celofane, PVC macio, etc., evitando ao mesmo tempo queimaduras. Pode utilizar tubos de cola de \u00d8 8 mm. Com 3 anos de garantia.<\/p>\n","protected":false},"featured_media":7789,"comment_status":"closed","ping_status":"closed","template":"","meta":[],"product_brand":[],"product_cat":[69],"product_tag":[],"class_list":{"0":"post-7785","1":"product","2":"type-product","3":"status-publish","4":"has-post-thumbnail","6":"product_cat-baixa-temperatura","8":"first","9":"instock","10":"shipping-taxable","11":"product-type-simple"},"yoast_head":"<!-- This site is optimized with the Yoast SEO plugin v27.5 - https:\/\/yoast.com\/product\/yoast-seo-wordpress\/ -->\n<title>Plico | Pistola de cola MINI de baixa temperatura com bateria<\/title>\n<meta name=\"robots\" content=\"index, follow, max-snippet:-1, max-image-preview:large, max-video-preview:-1\" \/>\n<link rel=\"canonical\" href=\"https:\/\/www.plico.es\/pt-pt\/producto\/pistola-de-cola-mini-de-baixa-temperatura-copia\/\" \/>\n<meta property=\"og:locale\" content=\"pt_PT\" \/>\n<meta property=\"og:type\" content=\"article\" \/>\n<meta property=\"og:title\" content=\"Plico | Pistola de cola MINI de baixa temperatura com bateria\" \/>\n<meta property=\"og:description\" content=\"Ref. 1661 Cola instantaneamente uma grande variedade de materiais. A sua bateria de l\u00edtio proporciona-lhe autonomia de at\u00e9 60\u00a0minutos. Ideal para trabalhos manuais na escola e em casa. Ilumina\u00e7\u00e3o LED junto ao bocal, melhora em grande medida a vis\u00e3o da \u00e1rea de trabalho. Indicador de carga LED que mostra o n\u00edvel de carga da bateria. Interruptor on\/off permite poupar energia ao desligar a pistola quando n\u00e3o estiver a ser utilizada. Aquecimento. M\u00e1xima temperatura antes de tr\u00eas minutos. Derrete a\u00a0baixa temperatura,\u00a0pelo que \u00e9 muito adequada para colar materiais sens\u00edveis ao calor, tais como poliestireno, bal\u00f5es, celofane, PVC macio, etc., evitando ao mesmo tempo queimaduras. Pode utilizar tubos de cola de \u00d8 8 mm. Com 3 anos de garantia.\" \/>\n<meta property=\"og:url\" content=\"https:\/\/www.plico.es\/pt-pt\/producto\/pistola-de-cola-mini-de-baixa-temperatura-copia\/\" \/>\n<meta property=\"og:site_name\" content=\"Plico\" \/>\n<meta property=\"article:publisher\" content=\"https:\/\/www.facebook.com\/plico2017\/\" \/>\n<meta property=\"article:modified_time\" content=\"2026-03-19T14:34:02+00:00\" \/>\n<meta property=\"og:image\" content=\"https:\/\/www.plico.es\/wp-content\/uploads\/2026\/03\/pistolabajatemperatura_new2026.png\" \/>\n\t<meta property=\"og:image:width\" content=\"1500\" \/>\n\t<meta property=\"og:image:height\" content=\"1500\" \/>\n\t<meta property=\"og:image:type\" content=\"image\/png\" \/>\n<meta name=\"twitter:card\" content=\"summary_large_image\" \/>\n<script type=\"application\/ld+json\" class=\"yoast-schema-graph\">{\"@context\":\"https:\\\/\\\/schema.org\",\"@graph\":[{\"@type\":\"WebPage\",\"@id\":\"https:\\\/\\\/www.plico.es\\\/pt-pt\\\/producto\\\/pistola-de-cola-mini-de-baixa-temperatura-copia\\\/\",\"url\":\"https:\\\/\\\/www.plico.es\\\/pt-pt\\\/producto\\\/pistola-de-cola-mini-de-baixa-temperatura-copia\\\/\",\"name\":\"Plico | Pistola de cola MINI de baixa temperatura com bateria\",\"isPartOf\":{\"@id\":\"https:\\\/\\\/www.plico.es\\\/pt-pt\\\/#website\"},\"primaryImageOfPage\":{\"@id\":\"https:\\\/\\\/www.plico.es\\\/pt-pt\\\/producto\\\/pistola-de-cola-mini-de-baixa-temperatura-copia\\\/#primaryimage\"},\"image\":{\"@id\":\"https:\\\/\\\/www.plico.es\\\/pt-pt\\\/producto\\\/pistola-de-cola-mini-de-baixa-temperatura-copia\\\/#primaryimage\"},\"thumbnailUrl\":\"https:\\\/\\\/www.plico.es\\\/wp-content\\\/uploads\\\/2026\\\/03\\\/pistolabajatemperatura_new2026.png\",\"datePublished\":\"2026-03-09T08:34:04+00:00\",\"dateModified\":\"2026-03-19T14:34:02+00:00\",\"breadcrumb\":{\"@id\":\"https:\\\/\\\/www.plico.es\\\/pt-pt\\\/producto\\\/pistola-de-cola-mini-de-baixa-temperatura-copia\\\/#breadcrumb\"},\"inLanguage\":\"pt-PT\",\"potentialAction\":[{\"@type\":\"ReadAction\",\"target\":[\"https:\\\/\\\/www.plico.es\\\/pt-pt\\\/producto\\\/pistola-de-cola-mini-de-baixa-temperatura-copia\\\/\"]}]},{\"@type\":\"ImageObject\",\"inLanguage\":\"pt-PT\",\"@id\":\"https:\\\/\\\/www.plico.es\\\/pt-pt\\\/producto\\\/pistola-de-cola-mini-de-baixa-temperatura-copia\\\/#primaryimage\",\"url\":\"https:\\\/\\\/www.plico.es\\\/wp-content\\\/uploads\\\/2026\\\/03\\\/pistolabajatemperatura_new2026.png\",\"contentUrl\":\"https:\\\/\\\/www.plico.es\\\/wp-content\\\/uploads\\\/2026\\\/03\\\/pistolabajatemperatura_new2026.png\",\"width\":1500,\"height\":1500},{\"@type\":\"BreadcrumbList\",\"@id\":\"https:\\\/\\\/www.plico.es\\\/pt-pt\\\/producto\\\/pistola-de-cola-mini-de-baixa-temperatura-copia\\\/#breadcrumb\",\"itemListElement\":[{\"@type\":\"ListItem\",\"position\":1,\"name\":\"Portada\",\"item\":\"https:\\\/\\\/www.plico.es\\\/pt-pt\\\/\"},{\"@type\":\"ListItem\",\"position\":2,\"name\":\"Shop\",\"item\":\"https:\\\/\\\/www.plico.es\\\/pt-pt\\\/shop\\\/\"},{\"@type\":\"ListItem\",\"position\":3,\"name\":\"Pistola de cola MINI de baixa temperatura com bateria\"}]},{\"@type\":\"WebSite\",\"@id\":\"https:\\\/\\\/www.plico.es\\\/pt-pt\\\/#website\",\"url\":\"https:\\\/\\\/www.plico.es\\\/pt-pt\\\/\",\"name\":\"Plico\",\"description\":\"Expertos en Manualidades\",\"publisher\":{\"@id\":\"https:\\\/\\\/www.plico.es\\\/pt-pt\\\/#organization\"},\"alternateName\":\"Productos L\u00edderes Comercializados, S.A.\",\"potentialAction\":[{\"@type\":\"SearchAction\",\"target\":{\"@type\":\"EntryPoint\",\"urlTemplate\":\"https:\\\/\\\/www.plico.es\\\/pt-pt\\\/?s={search_term_string}\"},\"query-input\":{\"@type\":\"PropertyValueSpecification\",\"valueRequired\":true,\"valueName\":\"search_term_string\"}}],\"inLanguage\":\"pt-PT\"},{\"@type\":\"Organization\",\"@id\":\"https:\\\/\\\/www.plico.es\\\/pt-pt\\\/#organization\",\"name\":\"Plico\",\"alternateName\":\"Productos L\u00edderes Comercializados, S.A.\",\"url\":\"https:\\\/\\\/www.plico.es\\\/pt-pt\\\/\",\"logo\":{\"@type\":\"ImageObject\",\"inLanguage\":\"pt-PT\",\"@id\":\"https:\\\/\\\/www.plico.es\\\/pt-pt\\\/#\\\/schema\\\/logo\\\/image\\\/\",\"url\":\"https:\\\/\\\/www.plico.es\\\/wp-content\\\/uploads\\\/2022\\\/05\\\/logo_plico.png\",\"contentUrl\":\"https:\\\/\\\/www.plico.es\\\/wp-content\\\/uploads\\\/2022\\\/05\\\/logo_plico.png\",\"width\":400,\"height\":185,\"caption\":\"Plico\"},\"image\":{\"@id\":\"https:\\\/\\\/www.plico.es\\\/pt-pt\\\/#\\\/schema\\\/logo\\\/image\\\/\"},\"sameAs\":[\"https:\\\/\\\/www.facebook.com\\\/plico2017\\\/\",\"https:\\\/\\\/www.instagram.com\\\/plico_es\\\/\",\"https:\\\/\\\/www.youtube.com\\\/channel\\\/UCC1ygHF4QAP-CTLDlHMLs7g\"]}]}<\/script>\n<!-- \/ Yoast SEO plugin. -->","yoast_head_json":{"title":"Plico | Pistola de cola MINI de baixa temperatura com bateria","robots":{"index":"index","follow":"follow","max-snippet":"max-snippet:-1","max-image-preview":"max-image-preview:large","max-video-preview":"max-video-preview:-1"},"canonical":"https:\/\/www.plico.es\/pt-pt\/producto\/pistola-de-cola-mini-de-baixa-temperatura-copia\/","og_locale":"pt_PT","og_type":"article","og_title":"Plico | Pistola de cola MINI de baixa temperatura com bateria","og_description":"Ref. 1661 Cola instantaneamente uma grande variedade de materiais. A sua bateria de l\u00edtio proporciona-lhe autonomia de at\u00e9 60\u00a0minutos. Ideal para trabalhos manuais na escola e em casa. Ilumina\u00e7\u00e3o LED junto ao bocal, melhora em grande medida a vis\u00e3o da \u00e1rea de trabalho. Indicador de carga LED que mostra o n\u00edvel de carga da bateria. Interruptor on\/off permite poupar energia ao desligar a pistola quando n\u00e3o estiver a ser utilizada. Aquecimento. M\u00e1xima temperatura antes de tr\u00eas minutos. Derrete a\u00a0baixa temperatura,\u00a0pelo que \u00e9 muito adequada para colar materiais sens\u00edveis ao calor, tais como poliestireno, bal\u00f5es, celofane, PVC macio, etc., evitando ao mesmo tempo queimaduras. Pode utilizar tubos de cola de \u00d8 8 mm. Com 3 anos de garantia.","og_url":"https:\/\/www.plico.es\/pt-pt\/producto\/pistola-de-cola-mini-de-baixa-temperatura-copia\/","og_site_name":"Plico","article_publisher":"https:\/\/www.facebook.com\/plico2017\/","article_modified_time":"2026-03-19T14:34:02+00:00","og_image":[{"width":1500,"height":1500,"url":"https:\/\/www.plico.es\/wp-content\/uploads\/2026\/03\/pistolabajatemperatura_new2026.png","type":"image\/png"}],"twitter_card":"summary_large_image","schema":{"@context":"https:\/\/schema.org","@graph":[{"@type":"WebPage","@id":"https:\/\/www.plico.es\/pt-pt\/producto\/pistola-de-cola-mini-de-baixa-temperatura-copia\/","url":"https:\/\/www.plico.es\/pt-pt\/producto\/pistola-de-cola-mini-de-baixa-temperatura-copia\/","name":"Plico | Pistola de cola MINI de baixa temperatura com bateria","isPartOf":{"@id":"https:\/\/www.plico.es\/pt-pt\/#website"},"primaryImageOfPage":{"@id":"https:\/\/www.plico.es\/pt-pt\/producto\/pistola-de-cola-mini-de-baixa-temperatura-copia\/#primaryimage"},"image":{"@id":"https:\/\/www.plico.es\/pt-pt\/producto\/pistola-de-cola-mini-de-baixa-temperatura-copia\/#primaryimage"},"thumbnailUrl":"https:\/\/www.plico.es\/wp-content\/uploads\/2026\/03\/pistolabajatemperatura_new2026.png","datePublished":"2026-03-09T08:34:04+00:00","dateModified":"2026-03-19T14:34:02+00:00","breadcrumb":{"@id":"https:\/\/www.plico.es\/pt-pt\/producto\/pistola-de-cola-mini-de-baixa-temperatura-copia\/#breadcrumb"},"inLanguage":"pt-PT","potentialAction":[{"@type":"ReadAction","target":["https:\/\/www.plico.es\/pt-pt\/producto\/pistola-de-cola-mini-de-baixa-temperatura-copia\/"]}]},{"@type":"ImageObject","inLanguage":"pt-PT","@id":"https:\/\/www.plico.es\/pt-pt\/producto\/pistola-de-cola-mini-de-baixa-temperatura-copia\/#primaryimage","url":"https:\/\/www.plico.es\/wp-content\/uploads\/2026\/03\/pistolabajatemperatura_new2026.png","contentUrl":"https:\/\/www.plico.es\/wp-content\/uploads\/2026\/03\/pistolabajatemperatura_new2026.png","width":1500,"height":1500},{"@type":"BreadcrumbList","@id":"https:\/\/www.plico.es\/pt-pt\/producto\/pistola-de-cola-mini-de-baixa-temperatura-copia\/#breadcrumb","itemListElement":[{"@type":"ListItem","position":1,"name":"Portada","item":"https:\/\/www.plico.es\/pt-pt\/"},{"@type":"ListItem","position":2,"name":"Shop","item":"https:\/\/www.plico.es\/pt-pt\/shop\/"},{"@type":"ListItem","position":3,"name":"Pistola de cola MINI de baixa temperatura com bateria"}]},{"@type":"WebSite","@id":"https:\/\/www.plico.es\/pt-pt\/#website","url":"https:\/\/www.plico.es\/pt-pt\/","name":"Plico","description":"Expertos en Manualidades","publisher":{"@id":"https:\/\/www.plico.es\/pt-pt\/#organization"},"alternateName":"Productos L\u00edderes Comercializados, S.A.","potentialAction":[{"@type":"SearchAction","target":{"@type":"EntryPoint","urlTemplate":"https:\/\/www.plico.es\/pt-pt\/?s={search_term_string}"},"query-input":{"@type":"PropertyValueSpecification","valueRequired":true,"valueName":"search_term_string"}}],"inLanguage":"pt-PT"},{"@type":"Organization","@id":"https:\/\/www.plico.es\/pt-pt\/#organization","name":"Plico","alternateName":"Productos L\u00edderes Comercializados, S.A.","url":"https:\/\/www.plico.es\/pt-pt\/","logo":{"@type":"ImageObject","inLanguage":"pt-PT","@id":"https:\/\/www.plico.es\/pt-pt\/#\/schema\/logo\/image\/","url":"https:\/\/www.plico.es\/wp-content\/uploads\/2022\/05\/logo_plico.png","contentUrl":"https:\/\/www.plico.es\/wp-content\/uploads\/2022\/05\/logo_plico.png","width":400,"height":185,"caption":"Plico"},"image":{"@id":"https:\/\/www.plico.es\/pt-pt\/#\/schema\/logo\/image\/"},"sameAs":["https:\/\/www.facebook.com\/plico2017\/","https:\/\/www.instagram.com\/plico_es\/","https:\/\/www.youtube.com\/channel\/UCC1ygHF4QAP-CTLDlHMLs7g"]}]}},"_links":{"self":[{"href":"https:\/\/www.plico.es\/pt-pt\/wp-json\/wp\/v2\/product\/7785","targetHints":{"allow":["GET"]}}],"collection":[{"href":"https:\/\/www.plico.es\/pt-pt\/wp-json\/wp\/v2\/product"}],"about":[{"href":"https:\/\/www.plico.es\/pt-pt\/wp-json\/wp\/v2\/types\/product"}],"replies":[{"embeddable":true,"href":"https:\/\/www.plico.es\/pt-pt\/wp-json\/wp\/v2\/comments?post=7785"}],"version-history":[{"count":2,"href":"https:\/\/www.plico.es\/pt-pt\/wp-json\/wp\/v2\/product\/7785\/revisions"}],"predecessor-version":[{"id":8459,"href":"https:\/\/www.plico.es\/pt-pt\/wp-json\/wp\/v2\/product\/7785\/revisions\/8459"}],"wp:featuredmedia":[{"embeddable":true,"href":"https:\/\/www.plico.es\/pt-pt\/wp-json\/wp\/v2\/media\/7789"}],"wp:attachment":[{"href":"https:\/\/www.plico.es\/pt-pt\/wp-json\/wp\/v2\/media?parent=7785"}],"wp:term":[{"taxonomy":"product_brand","embeddable":true,"href":"https:\/\/www.plico.es\/pt-pt\/wp-json\/wp\/v2\/product_brand?post=7785"},{"taxonomy":"product_cat","embeddable":true,"href":"https:\/\/www.plico.es\/pt-pt\/wp-json\/wp\/v2\/product_cat?post=7785"},{"taxonomy":"product_tag","embeddable":true,"href":"https:\/\/www.plico.es\/pt-pt\/wp-json\/wp\/v2\/product_tag?post=7785"}],"curies":[{"name":"wp","href":"https:\/\/api.w.org\/{rel}","templated":true}]}}